{"id":109,"date":"2018-06-20T12:06:54","date_gmt":"2018-06-20T10:06:54","guid":{"rendered":"http:\/\/informacio-digital.recursos.uoc.edu\/?page_id=109"},"modified":"2018-06-20T12:06:54","modified_gmt":"2018-06-20T10:06:54","slug":"1-2-recomendaciones","status":"publish","type":"page","link":"http:\/\/informacio-digital.recursos.uoc.edu\/es\/1-2-recomendaciones\/","title":{"rendered":"1.2. Recomendaciones"},"content":{"rendered":"<p><strong>Orden compartido<\/strong>: el orden es particular y personal, sobre todo si es en nuestro \u00e1mbito privado. Pero si se comparten archivos y\/o carpetas con otros usuarios hay que ser m\u00e1s cuidadosos con la nomenclatura usada y con la forma de clasificar los archivos. Es conveniente ser ordenado y usar nombres claros y significativos. Por ejemplo, usar rev01, rev02\u2026, en caso de revisiones de un mismo documento o n\u00famero de versiones.<\/p>\n<p><strong>Seguridad<\/strong>: en nuestro protocolo de ordenaci\u00f3n de archivos, no puede faltar un protocolo de seguridad seg\u00fan el grado de privacidad de la informaci\u00f3n que se almacena; se pueden poner contrase\u00f1as generales para acceder al dispositivo, o bien proteger aquellas carpetas con la informaci\u00f3n m\u00e1s confidencial.<\/p>\n<p><strong>Copias de seguridad<\/strong>: para evitar la p\u00e9rdida de archivos e informaci\u00f3n, es conveniente realizar siempre copias de seguridad. Hay que tener previsto un espacio; ya sea en la nube, en un disco externo, en un DVD; para realizar la copia de forma peri\u00f3dica, y as\u00ed mantener a salvo nuestros archivos importantes (documentos de texto, hojas de c\u00e1lculo, presentaciones, bases de datos, fotograf\u00edas, archivos de v\u00eddeo, etc.) ante incidencias de diversos tipos:<\/p>\n<ul>\n<li>P\u00e9rdida o robo del ordenador o del dispositivo donde estaba almacenada la informaci\u00f3n.<\/li>\n<li>Borrado, por error, de datos en nuestro equipo.<\/li>\n<li>Bloqueo o inutilizaci\u00f3n del dispositivo a causa de un fallo inform\u00e1tico.<\/li>\n<li>Intrusi\u00f3n en el sistema, permitiendo el acceso a los datos por parte de terceras personas.<\/li>\n<\/ul>\n<p>A la hora de realizar esta copia, es necesario asegurarse de:<\/p>\n<ol>\n<li>Guardar las versiones actualizadas de los archivos que deseamos preservar, y destruir las versiones anteriores existentes en el caso de usar el mismo dispositivo de almacenamiento (en la nube, en un disco externo\u2026), para que no haya lugar a confusi\u00f3n en el futuro.<\/li>\n<li>Conocer las posibles opciones de copia de seguridad que nos pueda proporcionar el servicio de almacenamiento, si fuese el caso:\n<ul>\n<li><strong>Copia incremental<\/strong>: se copian solo los archivos nuevos.<\/li>\n<li><strong>Copia diferencial<\/strong>: se copian \u00fanicamente los archivos cuyo contenido haya sido modificado.<\/li>\n<\/ul>\n<\/li>\n<\/ol>\n<div class=\"featured featured-blue\"><p>Definir cu\u00e1ndo, c\u00f3mo y d\u00f3nde realizaremos copias de seguridad nos evitar\u00e1 p\u00e9rdidas de informaci\u00f3n.<\/p>\n<\/div>\n<p>Para escoger cu\u00e1l es el mejor lugar donde realizar las copias, debemos analizar qu\u00e9 dispositivos para almacenar <em>backups<\/em> son m\u00e1s resistentes y duraderos.<\/p>\n","protected":false},"excerpt":{"rendered":"<p>Orden compartido: el orden es particular y personal, sobre todo si es en nuestro \u00e1mbito privado. Pero si se comparten archivos y\/o carpetas con otros usuarios hay que ser m\u00e1s cuidadosos con la nomenclatura usada y con la forma de clasificar los archivos. Es conveniente ser ordenado y usar nombres claros y significativos. Por ejemplo, [&hellip;]<\/p>\n","protected":false},"author":1,"featured_media":0,"parent":0,"menu_order":0,"comment_status":"closed","ping_status":"closed","template":"","meta":[],"_links":{"self":[{"href":"http:\/\/informacio-digital.recursos.uoc.edu\/es\/wp-json\/wp\/v2\/pages\/109"}],"collection":[{"href":"http:\/\/informacio-digital.recursos.uoc.edu\/es\/wp-json\/wp\/v2\/pages"}],"about":[{"href":"http:\/\/informacio-digital.recursos.uoc.edu\/es\/wp-json\/wp\/v2\/types\/page"}],"author":[{"embeddable":true,"href":"http:\/\/informacio-digital.recursos.uoc.edu\/es\/wp-json\/wp\/v2\/users\/1"}],"replies":[{"embeddable":true,"href":"http:\/\/informacio-digital.recursos.uoc.edu\/es\/wp-json\/wp\/v2\/comments?post=109"}],"version-history":[{"count":1,"href":"http:\/\/informacio-digital.recursos.uoc.edu\/es\/wp-json\/wp\/v2\/pages\/109\/revisions"}],"predecessor-version":[{"id":110,"href":"http:\/\/informacio-digital.recursos.uoc.edu\/es\/wp-json\/wp\/v2\/pages\/109\/revisions\/110"}],"wp:attachment":[{"href":"http:\/\/informacio-digital.recursos.uoc.edu\/es\/wp-json\/wp\/v2\/media?parent=109"}],"curies":[{"name":"wp","href":"https:\/\/api.w.org\/{rel}","templated":true}]}}