{"id":111,"date":"2018-06-20T12:07:36","date_gmt":"2018-06-20T10:07:36","guid":{"rendered":"http:\/\/informacio-digital.recursos.uoc.edu\/?page_id=111"},"modified":"2018-07-24T11:33:01","modified_gmt":"2018-07-24T09:33:01","slug":"1-3-herramientas","status":"publish","type":"page","link":"http:\/\/informacio-digital.recursos.uoc.edu\/es\/1-3-herramientas\/","title":{"rendered":"1.3. Herramientas"},"content":{"rendered":"<p>Adem\u00e1s de ordenar, hay que encontrar f\u00e1cilmente los archivos en nuestros diferentes dispositivos cuando se necesitan.<\/p>\n<div class=\"featured featured-blue\"><p>Una buena organizaci\u00f3n potenciar\u00e1 una b\u00fasqueda r\u00e1pida y eficiente, as\u00ed como tambi\u00e9n usar los par\u00e1metros adecuados de b\u00fasqueda (autor, fecha, nombre, tipo de archivo, etiqueta\u2026).<\/p>\n<\/div>\n<p>Los sistemas operativos que se usan en la actualidad permiten realizar b\u00fasquedas avanzadas o inteligentes.<\/p>\n<p>Si se realizan alg\u00fan tipo de b\u00fasqueda de manera frecuente, existe la opci\u00f3n de almacenar los par\u00e1metros para realizar la b\u00fasqueda de forma m\u00e1s r\u00e1pida y mecanizada.<\/p>\n<table>\n<tbody>\n<tr>\n<th scope=\"col\" width=\"20%\"><strong>Motores de b\u00fasqueda de archivos<\/strong><\/th>\n<th scope=\"col\" width=\"15%\"><strong>Sistema operativo \/ plataforma<\/strong><\/th>\n<th scope=\"col\" width=\"65%\"><strong>Descripci\u00f3n<\/strong><\/th>\n<\/tr>\n<tr>\n<td><a href=\"http:\/\/www.launchy.net\/\" target=\"_blank\" rel=\"noopener\"><strong>Launchy<\/strong><\/a><\/td>\n<td><img loading=\"lazy\" class=\"alignnone wp-image-25 size-full\" src=\"\/wp-content\/uploads\/2018\/06\/80502_006.jpg\" alt=\"\" width=\"300\" height=\"97\" \/><\/td>\n<td>Aplicaci\u00f3n gratuita que indexa los programas en el men\u00fa de inicio y permite buscar y acceder a los documentos, archivos y carpetas con unos poco pasos.<\/td>\n<\/tr>\n<tr>\n<td><a href=\"https:\/\/play.google.com\/store\/apps\/details?id=com.estrongs.android.pop\" target=\"_blank\" rel=\"noopener\"><strong>ES Explorador de archivos<\/strong><\/a><\/td>\n<td><img loading=\"lazy\" class=\"aligncenter wp-image-26\" src=\"\/wp-content\/uploads\/2018\/06\/80502_007.jpg\" alt=\"\" width=\"40\" height=\"40\" \/><\/td>\n<td>Es gratuito, destacado porque es a la vez un administrador de archivos, un administrador de aplicaciones, un administrador de tareas, un servidor-cliente de almacenamiento en la nube (Dropbox, Google Drive, Box.net), un cliente ftp y un cliente samba. Permite explorar las fotos, m\u00fasica, videos, documentos y otros archivos en el tel\u00e9fono y en el ordenador.<\/td>\n<\/tr>\n<tr>\n<td><a href=\"https:\/\/astro-administrador-de-archivos.uptodown.com\/android\/descargar\" target=\"_blank\" rel=\"noopener\"><strong>Astro Administrador de archivos<\/strong><\/a><\/td>\n<td><img loading=\"lazy\" class=\"aligncenter wp-image-26\" src=\"\/wp-content\/uploads\/2018\/06\/80502_007.jpg\" alt=\"\" width=\"40\" height=\"40\" \/><\/td>\n<td>Herramienta muy completa de gestor de archivos que, adem\u00e1s, permite realizar <em>backups<\/em> de aplicaciones o gestionar los procesos abiertos. Gratuito con publicidad.<\/td>\n<\/tr>\n<tr>\n<td><a href=\"https:\/\/play.google.com\/store\/apps\/details?id=nextapp.fx&amp;hl=en\" target=\"_blank\" rel=\"noopener\"><strong>FX File Explorer<\/strong><\/a><\/td>\n<td><img loading=\"lazy\" class=\"aligncenter wp-image-26\" src=\"\/wp-content\/uploads\/2018\/06\/80502_007.jpg\" alt=\"\" width=\"40\" height=\"40\" \/><\/td>\n<td>Es un administrador de archivos dise\u00f1ado para que puedas r\u00e1pida y f\u00e1cilmente administrar todo el contenido del tel\u00e9fono o la tableta. Versi\u00f3n b\u00e1sica gratuita.<\/td>\n<\/tr>\n<tr>\n<td><a href=\"https:\/\/support.apple.com\/en-us\/HT204014\" target=\"_blank\" rel=\"noopener\"><strong>Spotlight<\/strong><\/a><\/td>\n<td><img loading=\"lazy\" class=\"wp-image-27 aligncenter\" src=\"\/wp-content\/uploads\/2018\/06\/80502_008.jpg\" alt=\"\" width=\"40\" height=\"40\" \/><\/td>\n<td>Explorador de archivos incluido en el sistema operativo.<\/td>\n<\/tr>\n<tr>\n<td><a href=\"https:\/\/support.apple.com\/en-us\/HT201285\" target=\"_blank\" rel=\"noopener\"><strong>Search&amp;Siri<\/strong><\/a><\/td>\n<td><img loading=\"lazy\" class=\"wp-image-27 aligncenter\" src=\"\/wp-content\/uploads\/2018\/06\/80502_008.jpg\" alt=\"\" width=\"40\" height=\"40\" \/><\/td>\n<td>Buscador de archivos en iPhone, Ipad.<\/td>\n<\/tr>\n<tr>\n<td><a href=\"https:\/\/support.microsoft.com\/es-es\/help\/17217\/windows-10-whats-changed-in-file-explorer\" target=\"_blank\" rel=\"noopener\"><strong>Explorador de archivos de Windows<\/strong><\/a><\/td>\n<td><img loading=\"lazy\" class=\"wp-image-28 aligncenter\" src=\"\/wp-content\/uploads\/2018\/06\/80502_009.jpg\" alt=\"\" width=\"40\" height=\"40\" \/><\/td>\n<td><\/td>\n<\/tr>\n<tr>\n<td><a href=\"https:\/\/planetared.com\/2011\/11\/buscar-ficheros-desde-la-consola-de-comandos-en-windows-7\/\" target=\"_blank\" rel=\"noopener\"><strong>Buscar ficheros en Windows 7 con la consola de comandos<\/strong><\/a><\/td>\n<td><img loading=\"lazy\" class=\"wp-image-29 aligncenter\" src=\"\/wp-content\/uploads\/2018\/06\/80502_010.jpg\" alt=\"\" width=\"40\" height=\"30\" \/><\/td>\n<td>Tambi\u00e9n podemos buscar archivos usando la consola de comandos.<\/td>\n<\/tr>\n<tr>\n<td><a href=\"https:\/\/planetared.com\/2017\/11\/buscar-ficheros-consola-windows-10\/\" target=\"_blank\" rel=\"noopener\"><strong>Buscar ficheros en Windows 10 con la consola de comandos<\/strong><\/a><\/td>\n<td><img loading=\"lazy\" class=\"wp-image-29 aligncenter\" src=\"\/wp-content\/uploads\/2018\/06\/80502_010.jpg\" alt=\"\" width=\"40\" height=\"30\" \/><\/td>\n<td>Tambi\u00e9n podemos buscar archivos usando la consola de comandos.<\/td>\n<\/tr>\n<tr>\n<td><a href=\"http:\/\/www.webtutoriales.com\/articulos\/buscar-archivos-en-linux\" target=\"_blank\" rel=\"noopener\"><strong>Buscar archivos en Linux<\/strong><\/a><\/td>\n<td><img loading=\"lazy\" class=\"wp-image-29 aligncenter\" src=\"\/wp-content\/uploads\/2018\/06\/80502_010.jpg\" alt=\"\" width=\"40\" height=\"30\" \/><\/td>\n<td>Tambi\u00e9n podemos buscar archivos usando la consola de comandos.<\/td>\n<\/tr>\n<\/tbody>\n<\/table>\n<div class=\"featured featured-blue\"><p>Los <strong>renombradores en bloque<\/strong> permiten cambiar el nombre a varios ficheros, sin perder el tiempo de hacerlo uno por uno.<\/p>\n<\/div>\n<p>Un caso muy pr\u00e1ctico es cuando exportamos las fotograf\u00edas digitales y queremos modificar el nombre que viene por defecto de forma r\u00e1pida.<\/p>\n<table>\n<tbody>\n<tr>\n<th scope=\"col\" width=\"33%\"><a href=\"\/wp-content\/uploads\/2018\/07\/80502_008a.png\"><img loading=\"lazy\" class=\"alignnone wp-image-497\" src=\"\/wp-content\/uploads\/2018\/07\/80502_008a.png\" alt=\"\" width=\"40\" height=\"40\" \/><\/a><\/th>\n<th scope=\"col\" width=\"33%\"><a href=\"\/wp-content\/uploads\/2018\/07\/80502_009a.png\"><img loading=\"lazy\" class=\"alignnone wp-image-498\" src=\"\/wp-content\/uploads\/2018\/07\/80502_009a.png\" alt=\"\" width=\"40\" height=\"40\" \/><\/a><\/th>\n<th scope=\"col\" width=\"33%\"><a href=\"\/wp-content\/uploads\/2018\/07\/80502_010a.png\"><img loading=\"lazy\" class=\"alignnone wp-image-499\" src=\"\/wp-content\/uploads\/2018\/07\/80502_010a.png\" alt=\"\" width=\"40\" height=\"30\" \/><\/a><\/th>\n<\/tr>\n<tr>\n<td><a href=\"https:\/\/mrrsoftware.com\/namechanger\/\" target=\"_blank\" rel=\"noopener\">NameChanger<\/a><\/p>\n<p><a href=\"https:\/\/manytricks.com\/namemangler\/\" target=\"_blank\" rel=\"noopener\">NameMangler<\/a><\/p>\n<p><a href=\"https:\/\/renamer.com\/\" target=\"_blank\" rel=\"noopener\">Renamer4Mac<\/a><\/p>\n<p><a href=\"https:\/\/www.raywenderlich.com\/58986\/automator-for-mac-tutorial-and-examples\" target=\"_blank\" rel=\"noopener\">Automator<\/a><\/p>\n<p>&nbsp;<\/td>\n<td><a href=\"http:\/\/www.den4b.com\/products\/renamer\" target=\"_blank\" rel=\"noopener\">Renamer<\/a><\/p>\n<p><a href=\"https:\/\/support.microsoft.com\/es-es\/help\/320167\/how-to-rename-multiple-files-in-windows-xp-with-windows-explorer\" target=\"_blank\" rel=\"noopener\">Explorador de Windows<\/a> (sin instalar ning\u00fan programa)<\/p>\n<p><a href=\"http:\/\/hp.vector.co.jp\/authors\/VA014830\/english\/FlexRena\/\" target=\"_blank\" rel=\"noopener\">Flexible Renamer<\/a><\/p>\n<p><a href=\"http:\/\/file-folder-ren.sourceforge.net\/\" target=\"_blank\" rel=\"noopener\">M\u00e9tamorphose<\/a><\/p>\n<p><a href=\"https:\/\/www.advancedrenamer.com\/\" target=\"_blank\" rel=\"noopener\">Advanced Renamer<\/a><\/p>\n<p><a href=\"https:\/\/archive.codeplex.com\/?p=fg\" target=\"_blank\" rel=\"noopener\">File Grinder<\/a><\/td>\n<td>Podemos renombrar archivos con la consola de comandos:<\/p>\n<ul>\n<li><strong>Windows<\/strong>: con <a href=\"http:\/\/www.christiandve.com\/2017\/05\/cambiar-nombre-fichero-renombrar-lote-windows-niyow-gratis\/\" target=\"_blank\" rel=\"noopener\">PowerShell<\/a>, int\u00e9rprete avanzado de comandos, m\u00e1s potente que MS-DOS.<\/li>\n<li><strong>Linux<\/strong>: <a href=\"https:\/\/www.bonaval.com\/kb\/tips-tricks-trucos-consejos\/renombrar-archivos-desde-consola-linux\/\" target=\"_blank\" rel=\"noopener\">C\u00f3mo renombrar archivos<\/a>.<\/li>\n<\/ul>\n<\/td>\n<\/tr>\n<\/tbody>\n<\/table>\n<p>Existen diferentes aplicaciones y programas que permiten cambiar los colores de las carpetas y a\u00f1adir iconos. De este modo, la organizaci\u00f3n de archivos es m\u00e1s visual y se pueden detectar con mayor rapidez aquellos documentos que buscamos.<\/p>\n<table>\n<tbody>\n<tr>\n<th scope=\"col\" width=\"33%\"><a href=\"\/wp-content\/uploads\/2018\/07\/80502_009a.png\"><img loading=\"lazy\" class=\"alignnone wp-image-498\" src=\"\/wp-content\/uploads\/2018\/07\/80502_009a.png\" alt=\"\" width=\"40\" height=\"40\" \/><\/a><\/th>\n<th scope=\"col\" width=\"33%\"><a href=\"\/wp-content\/uploads\/2018\/07\/80502_011a.png\"><img loading=\"lazy\" class=\"alignnone wp-image-500\" src=\"\/wp-content\/uploads\/2018\/07\/80502_011a.png\" alt=\"\" width=\"40\" height=\"40\" \/><\/a><\/th>\n<th scope=\"col\" width=\"33%\"><a href=\"\/wp-content\/uploads\/2018\/07\/80502_008a.png\"><img loading=\"lazy\" class=\"alignnone wp-image-497\" src=\"\/wp-content\/uploads\/2018\/07\/80502_008a.png\" alt=\"\" width=\"40\" height=\"40\" \/><\/a><\/th>\n<\/tr>\n<tr>\n<td><a href=\"http:\/\/foldermarker.com\/en\/folder-marker-free\/\" target=\"_blank\" rel=\"noopener\"><strong>Folder Maker<\/strong><\/a>. Gratuito.<\/p>\n<p><a href=\"https:\/\/www.folderico.com\/\" target=\"_blank\" rel=\"noopener\"><strong>Folderico<\/strong><\/a>. Periodo de prueba. Pago<\/td>\n<td><a href=\"https:\/\/www.xyplorer.com\/\" target=\"_blank\" rel=\"noopener\"><strong>Xyplorer<\/strong><\/a>. Periodo de prueba. Pago<\/p>\n<p><a href=\"https:\/\/geekland.eu\/cambiar-color-diseno-carpetas-numix-folders\/\" target=\"_blank\" rel=\"noopener\"><strong>Numix folders<\/strong><\/a><\/td>\n<td><a href=\"https:\/\/www.applesfera.com\/tutoriales\/como-cambiar-el-color-de-una-carpeta-en-el-finder-de-macos\" target=\"_blank\" rel=\"noopener\">Cambiar los colores de las carpetas con Finder<\/a><\/td>\n<\/tr>\n<\/tbody>\n<\/table>\n<table>\n<tbody>\n<tr>\n<th scope=\"col\" width=\"33%\"><a href=\"\/wp-content\/uploads\/2018\/07\/80502_009a.png\"><img loading=\"lazy\" class=\"alignnone wp-image-498\" src=\"\/wp-content\/uploads\/2018\/07\/80502_009a.png\" alt=\"\" width=\"40\" height=\"40\" \/><\/a><\/th>\n<td><a href=\"http:\/\/www.pcactual.com\/noticias\/actualidad\/organiza-archivos-etiquetas_13051\" target=\"_blank\" rel=\"noopener\">Etiquetar en Windows<\/a><\/td>\n<\/tr>\n<tr>\n<th scope=\"col\" width=\"33%\"><a href=\"\/wp-content\/uploads\/2018\/07\/80502_011a.png\"><img loading=\"lazy\" class=\"alignnone wp-image-500\" src=\"\/wp-content\/uploads\/2018\/07\/80502_011a.png\" alt=\"\" width=\"40\" height=\"40\" \/><\/a><\/th>\n<td><a href=\"https:\/\/geekland.eu\/etiquetar-archivos-carpetas-terminal\/\" target=\"_blank\" rel=\"noopener\">Etiquetar en Linux<\/a><\/td>\n<\/tr>\n<tr>\n<th scope=\"col\" width=\"33%\"><a href=\"\/wp-content\/uploads\/2018\/07\/80502_008a.png\"><img loading=\"lazy\" class=\"alignnone wp-image-497\" src=\"\/wp-content\/uploads\/2018\/07\/80502_008a.png\" alt=\"\" width=\"40\" height=\"40\" \/><\/a><\/th>\n<td><a href=\"https:\/\/support.apple.com\/kb\/PH25325?viewlocale=es_ES&amp;locale=es_ES\" target=\"_blank\" rel=\"noopener\">Etiquetar en MAC<\/a><\/td>\n<\/tr>\n<\/tbody>\n<\/table>\n<p>En la estrategia 4 de este material se profundiza en el etiquetado, donde se encuentran las pautas para un correcto etiquetado de archivos y carpetas.<\/p>\n<table>\n<tbody>\n<tr>\n<th scope=\"col\" width=\"33%\"><a href=\"\/wp-content\/uploads\/2018\/07\/80502_007a.png\"><img loading=\"lazy\" class=\"alignnone wp-image-496\" src=\"\/wp-content\/uploads\/2018\/07\/80502_007a.png\" alt=\"\" width=\"40\" height=\"40\" \/><\/a><\/th>\n<td><a href=\"https:\/\/www.tuexpertomovil.com\/2015\/01\/28\/como-crear-un-acceso-directo-a-un-fichero-en-la-pantalla-de-inicio-de-un-android\/\" target=\"_blank\" rel=\"noopener\">Crear un acceso directo a la pantalla de inicio en Android<\/a><\/td>\n<\/tr>\n<tr>\n<th scope=\"col\" width=\"33%\"><a href=\"\/wp-content\/uploads\/2018\/07\/80502_009a.png\"><img loading=\"lazy\" class=\"alignnone wp-image-498\" src=\"\/wp-content\/uploads\/2018\/07\/80502_009a.png\" alt=\"\" width=\"40\" height=\"40\" \/><\/a><\/th>\n<td><a href=\"http:\/\/www.tecnicomo.com\/windows\/como-crear-un-acceso-directo-en-windows-10\/\" target=\"_blank\" rel=\"noopener\">Crear accesos directos con Windows 10<\/a><\/td>\n<\/tr>\n<tr>\n<th scope=\"col\" width=\"33%\"><a href=\"\/wp-content\/uploads\/2018\/07\/80502_011a.png\"><img loading=\"lazy\" class=\"alignnone wp-image-500\" src=\"\/wp-content\/uploads\/2018\/07\/80502_011a.png\" alt=\"\" width=\"40\" height=\"40\" \/><\/a><\/th>\n<td><a href=\"https:\/\/www.linuxadictos.com\/como-crear-accesos-directos-en-gnu-linux.html\" target=\"_blank\" rel=\"noopener\">Crear accesos directos en Linux<\/a><\/td>\n<\/tr>\n<tr>\n<th scope=\"col\" width=\"33%\"><a href=\"\/wp-content\/uploads\/2018\/07\/80502_008a.png\"><img loading=\"lazy\" class=\"alignnone wp-image-497\" src=\"\/wp-content\/uploads\/2018\/07\/80502_008a.png\" alt=\"\" width=\"40\" height=\"40\" \/><\/a><\/th>\n<td><a href=\"https:\/\/applediario.com\/como-crear-un-acceso-directo-o-alias-en-tu-mac\/\" target=\"_blank\" rel=\"noopener\">Crear Alias (acceso directo) en MAC<\/a><\/td>\n<\/tr>\n<\/tbody>\n<\/table>\n","protected":false},"excerpt":{"rendered":"<p>Adem\u00e1s de ordenar, hay que encontrar f\u00e1cilmente los archivos en nuestros diferentes dispositivos cuando se necesitan. Los sistemas operativos que se usan en la actualidad permiten realizar b\u00fasquedas avanzadas o inteligentes. Si se realizan alg\u00fan tipo de b\u00fasqueda de manera frecuente, existe la opci\u00f3n de almacenar los par\u00e1metros para realizar la b\u00fasqueda de forma m\u00e1s [&hellip;]<\/p>\n","protected":false},"author":1,"featured_media":0,"parent":0,"menu_order":0,"comment_status":"closed","ping_status":"closed","template":"","meta":[],"_links":{"self":[{"href":"http:\/\/informacio-digital.recursos.uoc.edu\/es\/wp-json\/wp\/v2\/pages\/111"}],"collection":[{"href":"http:\/\/informacio-digital.recursos.uoc.edu\/es\/wp-json\/wp\/v2\/pages"}],"about":[{"href":"http:\/\/informacio-digital.recursos.uoc.edu\/es\/wp-json\/wp\/v2\/types\/page"}],"author":[{"embeddable":true,"href":"http:\/\/informacio-digital.recursos.uoc.edu\/es\/wp-json\/wp\/v2\/users\/1"}],"replies":[{"embeddable":true,"href":"http:\/\/informacio-digital.recursos.uoc.edu\/es\/wp-json\/wp\/v2\/comments?post=111"}],"version-history":[{"count":6,"href":"http:\/\/informacio-digital.recursos.uoc.edu\/es\/wp-json\/wp\/v2\/pages\/111\/revisions"}],"predecessor-version":[{"id":591,"href":"http:\/\/informacio-digital.recursos.uoc.edu\/es\/wp-json\/wp\/v2\/pages\/111\/revisions\/591"}],"wp:attachment":[{"href":"http:\/\/informacio-digital.recursos.uoc.edu\/es\/wp-json\/wp\/v2\/media?parent=111"}],"curies":[{"name":"wp","href":"https:\/\/api.w.org\/{rel}","templated":true}]}}