{"id":130,"date":"2018-06-20T12:55:04","date_gmt":"2018-06-20T10:55:04","guid":{"rendered":"http:\/\/informacio-digital.recursos.uoc.edu\/?page_id=130"},"modified":"2018-07-24T11:36:02","modified_gmt":"2018-07-24T09:36:02","slug":"2-1-introduccion","status":"publish","type":"page","link":"http:\/\/informacio-digital.recursos.uoc.edu\/es\/2-1-introduccion\/","title":{"rendered":"2.1. Introducci\u00f3n"},"content":{"rendered":"<div class='content-column two_third'><p>Almacenar datos en la nube permite acceder a ellos en cualquier momento y desde cualquier lugar.<\/p><\/div>\n<div class='content-column one_third last_column'><figure id=\"attachment_31\" aria-describedby=\"caption-attachment-31\" style=\"width: 150px\" class=\"wp-caption alignnone\"><img loading=\"lazy\" class=\"wp-image-31 size-thumbnail\" src=\"\/wp-content\/uploads\/2018\/06\/80502_012-150x150.jpg\" alt=\"\" width=\"150\" height=\"150\" srcset=\"\/wp-content\/uploads\/2018\/06\/80502_012-150x150.jpg 150w, \/wp-content\/uploads\/2018\/06\/80502_012.jpg 300w\" sizes=\"(max-width: 150px) 100vw, 150px\" \/><figcaption id=\"caption-attachment-31\" class=\"wp-caption-text\">Fuente: Designed by macrovector \/ <a href=\"https:\/\/www.freepik.com\" target=\"_blank\" rel=\"noopener\">Freepik<\/a><\/figcaption><\/figure><\/div><div class='clear_column'><\/div>\n<p>El concepto <strong>nube<\/strong> (<em>cloud<\/em>, en ingl\u00e9s), como met\u00e1fora del mundo digital, comenz\u00f3 a utilizarse de forma generalizada a partir de 2010, ligado a la idea de que los datos digitales flotan a nuestro alrededor como una nube, siendo f\u00e1ciles de capturar y accesibles desde cualquier lugar.<\/p>\n<blockquote><p>Hacia el a\u00f1o 2010, los usuarios de Internet empezaron a conocer la idea de que el mundo digital que los rodeaba pod\u00eda ser percibido como una \u00abnube\u00bb. Metaf\u00f3ricamente, una nube parece algo f\u00e1cil de atrapar: nuestros datos estar\u00edan flotando en ese fluido invisible, dej\u00e1ndose llevar, sin ataduras, disponibles desde cualquier lugar y en cualquier momento que necesitemos acceder a ellos.<\/p><\/blockquote>\n<div class=\"blockquote-author\"><p>Hua Hsu (10-11-2015). <a href=\"https:\/\/www.newyorker.com\/books\/page-turner\/how-the-metaphor-of-the-cloud-changed-our-attitude-toward-the-internet\" target=\"_blank\" rel=\"noopener\">\u00abHow the metaphor of \u2018the cloud\u2019 changed our attitude toward the Internet\u00bb<\/a>. <em>The New Yorker<\/em>.<\/p>\n<\/div>\n<p>En la pr\u00e1ctica, dicho concepto hace referencia a una enorme red mundial de servidores remotos interconectados entre s\u00ed, dise\u00f1ados para almacenar datos, ejecutar aplicaciones o proporcionar servicios y contenido, como correo web, <em>streaming<\/em> de v\u00eddeo o software ofim\u00e1tico.<\/p>\n<div class=\"featured featured-blue\"><p>Partiendo de esta met\u00e1fora, podemos definir el <strong>almacenamiento en la nube<\/strong> como un servicio mediante el cual se pueden transferir datos, a trav\u00e9s de Internet o de otra red, desde el equipo del usuario a un sistema de almacenamiento externo mantenido por un tercero.<\/p>\n<\/div>\n<p>Como se muestra en la figura 4, los usuarios se conectan a la nube desde sus propios ordenadores o dispositivos port\u00e1tiles, a trav\u00e9s de Internet. Para estos usuarios, la nube aparece como un simple disco o aplicaci\u00f3n. Sin embargo, el hardware de la nube (y el sistema operativo que gestiona las conexiones) es invisible para ellos.<\/p>\n<figure style=\"width: 687px\" class=\"wp-caption aligncenter\"><img loading=\"lazy\" class=\"alignnone size-full wp-image-32\" src=\"\/wp-content\/uploads\/2018\/06\/80502_013.jpg\" alt=\"\" width=\"687\" height=\"391\" srcset=\"\/wp-content\/uploads\/2018\/06\/80502_013.jpg 687w, \/wp-content\/uploads\/2018\/06\/80502_013-300x171.jpg 300w\" sizes=\"(max-width: 687px) 100vw, 687px\" \/><figcaption class=\"wp-caption-text\">Figura 4<br \/>Fuente: adaptada de \u00abCloud Computing: Web-Based Applications That Change the Way You Work and Collaborate Online\u00bb.\u00a0<em>Que Publishing<\/em> (2009).<\/figcaption><\/figure>\n<p>Aunque el almacenamiento virtual de datos pueda parecer una tecnolog\u00eda relativamente reciente, fue concebida hace m\u00e1s de medio siglo por Joseph Carl Robnett Licklider (1915-1990), uno de los cient\u00edficos responsables de ARPANET (red de ordenadores, precursora de Internet, creada por encargo del Departamento de Defensa de Estados Unidos para ser utilizada como medio de comunicaci\u00f3n entre diferentes instituciones acad\u00e9micas).<\/p>\n","protected":false},"excerpt":{"rendered":"<p>El concepto nube (cloud, en ingl\u00e9s), como met\u00e1fora del mundo digital, comenz\u00f3 a utilizarse de forma generalizada a partir de 2010, ligado a la idea de que los datos digitales flotan a nuestro alrededor como una nube, siendo f\u00e1ciles de capturar y accesibles desde cualquier lugar. Hacia el a\u00f1o 2010, los usuarios de Internet empezaron [&hellip;]<\/p>\n","protected":false},"author":1,"featured_media":0,"parent":0,"menu_order":0,"comment_status":"closed","ping_status":"closed","template":"","meta":[],"_links":{"self":[{"href":"http:\/\/informacio-digital.recursos.uoc.edu\/es\/wp-json\/wp\/v2\/pages\/130"}],"collection":[{"href":"http:\/\/informacio-digital.recursos.uoc.edu\/es\/wp-json\/wp\/v2\/pages"}],"about":[{"href":"http:\/\/informacio-digital.recursos.uoc.edu\/es\/wp-json\/wp\/v2\/types\/page"}],"author":[{"embeddable":true,"href":"http:\/\/informacio-digital.recursos.uoc.edu\/es\/wp-json\/wp\/v2\/users\/1"}],"replies":[{"embeddable":true,"href":"http:\/\/informacio-digital.recursos.uoc.edu\/es\/wp-json\/wp\/v2\/comments?post=130"}],"version-history":[{"count":7,"href":"http:\/\/informacio-digital.recursos.uoc.edu\/es\/wp-json\/wp\/v2\/pages\/130\/revisions"}],"predecessor-version":[{"id":592,"href":"http:\/\/informacio-digital.recursos.uoc.edu\/es\/wp-json\/wp\/v2\/pages\/130\/revisions\/592"}],"wp:attachment":[{"href":"http:\/\/informacio-digital.recursos.uoc.edu\/es\/wp-json\/wp\/v2\/media?parent=130"}],"curies":[{"name":"wp","href":"https:\/\/api.w.org\/{rel}","templated":true}]}}