{"id":133,"date":"2018-06-20T12:56:18","date_gmt":"2018-06-20T10:56:18","guid":{"rendered":"http:\/\/informacio-digital.recursos.uoc.edu\/?page_id=133"},"modified":"2018-06-20T12:56:18","modified_gmt":"2018-06-20T10:56:18","slug":"2-2-ventajas-e-inconvenientes-del-almacenamiento-en-la-nube","status":"publish","type":"page","link":"http:\/\/informacio-digital.recursos.uoc.edu\/es\/2-2-ventajas-e-inconvenientes-del-almacenamiento-en-la-nube\/","title":{"rendered":"2.2. Ventajas e inconvenientes del almacenamiento en la nube"},"content":{"rendered":"<p>A la hora de organizar la informaci\u00f3n digital, el almacenamiento en la nube presenta una serie de ventajas y desventajas, que se detallan de forma resumida a continuaci\u00f3n:<\/p>\n<h3>Ventajas<\/h3>\n<ul>\n<li>Permite acceder a los datos desde cualquier lugar y en cualquier momento, ya que estos se encuentran almacenados de manera centralizada, y los cambios realizados sobre ellos desde un dispositivo se sincronizar\u00e1n autom\u00e1ticamente, y ser\u00e1n inmediatamente visibles desde cualquier otro dispositivo.<\/li>\n<li>Es posible compartir archivos con otros usuarios, envi\u00e1ndoselos directamente a trav\u00e9s de la red o concedi\u00e9ndoles acceso a una carpeta compartida.<\/li>\n<li>Permite localizar archivos con mayor rapidez y m\u00e1s f\u00e1cilmente, al encontrarse todos ellos en un \u00fanico lugar y no distribuidos en varios dispositivos de almacenamiento (discos duros locales, etc.).<\/li>\n<li>Proporciona a los usuarios un elevado nivel de seguridad para sus datos; la nube es uno de los lugares m\u00e1s seguros para almacenar de informaci\u00f3n, ya que muchos servicios de almacenamiento de este tipo utilizan complejos sistemas de encriptaci\u00f3n para proteger los datos de ataques y de otras formas de acceso no autorizado.<\/li>\n<li>El hecho de almacenar la informaci\u00f3n en la nube y no en el disco duro local de un dispositivo compromete en menor medida la privacidad del usuario en caso de p\u00e9rdida o robo del dispositivo.<\/li>\n<li>Permite realizar una copia de seguridad de aquella informaci\u00f3n almacenada localmente en un dispositivo.<\/li>\n<li>Constituye una alternativa econ\u00f3mica al almacenamiento mediante discos duros locales (internos o externos). Muchos planes de almacenamiento personal en la nube proporcionan grandes capacidades a muy bajo coste o incluso gratis.<\/li>\n<\/ul>\n<h3>Inconvenientes<\/h3>\n<ul>\n<li>Provoca una dependencia de los proveedores del servicio, ya que los datos se encuentran almacenados en sus servidores.<\/li>\n<li>El acceso al servicio est\u00e1 condicionado por la disponibilidad de acceso a Internet.<\/li>\n<li>Disminuci\u00f3n de la velocidad de transferencia de datos si se utilizan protocolos seguros de transmisi\u00f3n (e. g. HTTPS).<\/li>\n<li>Aparici\u00f3n de deficiencias en el servicio o altos niveles de <em>jitter<\/em> (fluctuaciones en el env\u00edo de la se\u00f1al) por sobrecarga en los servidores del proveedor en caso de un elevado n\u00famero de usuarios conectados simult\u00e1neamente.<\/li>\n<\/ul>\n","protected":false},"excerpt":{"rendered":"<p>A la hora de organizar la informaci\u00f3n digital, el almacenamiento en la nube presenta una serie de ventajas y desventajas, que se detallan de forma resumida a continuaci\u00f3n: Ventajas Permite acceder a los datos desde cualquier lugar y en cualquier momento, ya que estos se encuentran almacenados de manera centralizada, y los cambios realizados sobre [&hellip;]<\/p>\n","protected":false},"author":1,"featured_media":0,"parent":0,"menu_order":0,"comment_status":"closed","ping_status":"closed","template":"","meta":[],"_links":{"self":[{"href":"http:\/\/informacio-digital.recursos.uoc.edu\/es\/wp-json\/wp\/v2\/pages\/133"}],"collection":[{"href":"http:\/\/informacio-digital.recursos.uoc.edu\/es\/wp-json\/wp\/v2\/pages"}],"about":[{"href":"http:\/\/informacio-digital.recursos.uoc.edu\/es\/wp-json\/wp\/v2\/types\/page"}],"author":[{"embeddable":true,"href":"http:\/\/informacio-digital.recursos.uoc.edu\/es\/wp-json\/wp\/v2\/users\/1"}],"replies":[{"embeddable":true,"href":"http:\/\/informacio-digital.recursos.uoc.edu\/es\/wp-json\/wp\/v2\/comments?post=133"}],"version-history":[{"count":1,"href":"http:\/\/informacio-digital.recursos.uoc.edu\/es\/wp-json\/wp\/v2\/pages\/133\/revisions"}],"predecessor-version":[{"id":134,"href":"http:\/\/informacio-digital.recursos.uoc.edu\/es\/wp-json\/wp\/v2\/pages\/133\/revisions\/134"}],"wp:attachment":[{"href":"http:\/\/informacio-digital.recursos.uoc.edu\/es\/wp-json\/wp\/v2\/media?parent=133"}],"curies":[{"name":"wp","href":"https:\/\/api.w.org\/{rel}","templated":true}]}}