{"id":135,"date":"2018-06-20T12:57:23","date_gmt":"2018-06-20T10:57:23","guid":{"rendered":"http:\/\/informacio-digital.recursos.uoc.edu\/?page_id=135"},"modified":"2018-06-20T12:57:23","modified_gmt":"2018-06-20T10:57:23","slug":"2-3-aspectos-legales-del-almacenamiento-en-la-nube","status":"publish","type":"page","link":"http:\/\/informacio-digital.recursos.uoc.edu\/es\/2-3-aspectos-legales-del-almacenamiento-en-la-nube\/","title":{"rendered":"2.3. Aspectos legales del almacenamiento en la nube"},"content":{"rendered":"<p>Aunque no existe actualmente una normativa espec\u00edfica relativa a los servicios de almacenamiento en la nube, no se debe obviar que estos tienen diversas implicaciones jur\u00eddicas. En este sentido, ha de tenerse en cuenta que, aunque, es pr\u00e1ctica habitual en la mayor\u00eda de los proveedores de servicios de almacenamiento en la nube ofrecer al cliente un contrato de adhesi\u00f3n con poco margen de negociaci\u00f3n, consistente b\u00e1sicamente en la aceptaci\u00f3n de determinadas condiciones legales al acceder a los servicios (marcando el apartado \u00abAcepto las condiciones\u2026\u00bb), es esencial que, antes de contratar el servicio, se revise en detalle el contenido del contrato.<\/p>\n<div class=\"featured featured-blue\"><p>Concretamente, el usuario debe asegurarse de que el contrato respeta la <strong>normativa vigente en materia de protecci\u00f3n de datos<\/strong> y de que est\u00e1 de acuerdo con las <strong>obligaciones y responsabilidades del proveedor en la prestaci\u00f3n del servicio<\/strong> (en relaci\u00f3n con aspectos como la calidad del servicio, la p\u00e9rdida de datos o cortes en el servicio).<\/p>\n<\/div>\n<p>En cuanto a las normativas en materia de protecci\u00f3n de datos, es importante resaltar que los ordenamientos jur\u00eddicos son muy diferentes en cada pa\u00eds. En la Uni\u00f3n Europea, por ejemplo, la legislaci\u00f3n aplicable en esta materia es de car\u00e1cter preventivo (evita que se vulneren los derechos de los ciudadanos), mientras que en EE. UU. se da la situaci\u00f3n contraria (si fuese necesario, se compensar\u00eda al ciudadano <em>a posteriori<\/em>).<\/p>\n<p>La normativa europea que afecta a los Estados miembros es el <a href=\"https:\/\/eur-lex.europa.eu\/legal-content\/ES\/TXT\/?uri=OJ%3AL%3A2016%3A119%3ATOC\" target=\"_blank\" rel=\"noopener\"><strong>Reglamento 2016\/679 del Parlamento Europeo y del Consejo<\/strong><\/a>, de 27 de abril de 2016, relativo a la protecci\u00f3n de las personas f\u00edsicas en lo que respecta al tratamiento de datos personales y a la libre circulaci\u00f3n de estos datos.<\/p>\n<p>Este reglamento europeo es directamente aplicable en todos los Estados miembros, con independencia de que exista o no una ley nacional, desde el <strong>25 de mayo de 2018<\/strong>, y se caracteriza por establecer un r\u00e9gimen sancionador muy severo, y con unos criterios de graduaci\u00f3n de las sanciones bastante gen\u00e9ricos. Por ello, varios Estados miembros, como Espa\u00f1a, han apurado la aprobaci\u00f3n de nuevas leyes nacionales de protecci\u00f3n de datos que prevean unos supuestos mucho m\u00e1s precisos de sanciones en cada uno de los territorios.<\/p>\n","protected":false},"excerpt":{"rendered":"<p>Aunque no existe actualmente una normativa espec\u00edfica relativa a los servicios de almacenamiento en la nube, no se debe obviar que estos tienen diversas implicaciones jur\u00eddicas. En este sentido, ha de tenerse en cuenta que, aunque, es pr\u00e1ctica habitual en la mayor\u00eda de los proveedores de servicios de almacenamiento en la nube ofrecer al cliente [&hellip;]<\/p>\n","protected":false},"author":1,"featured_media":0,"parent":0,"menu_order":0,"comment_status":"closed","ping_status":"closed","template":"","meta":[],"_links":{"self":[{"href":"http:\/\/informacio-digital.recursos.uoc.edu\/es\/wp-json\/wp\/v2\/pages\/135"}],"collection":[{"href":"http:\/\/informacio-digital.recursos.uoc.edu\/es\/wp-json\/wp\/v2\/pages"}],"about":[{"href":"http:\/\/informacio-digital.recursos.uoc.edu\/es\/wp-json\/wp\/v2\/types\/page"}],"author":[{"embeddable":true,"href":"http:\/\/informacio-digital.recursos.uoc.edu\/es\/wp-json\/wp\/v2\/users\/1"}],"replies":[{"embeddable":true,"href":"http:\/\/informacio-digital.recursos.uoc.edu\/es\/wp-json\/wp\/v2\/comments?post=135"}],"version-history":[{"count":1,"href":"http:\/\/informacio-digital.recursos.uoc.edu\/es\/wp-json\/wp\/v2\/pages\/135\/revisions"}],"predecessor-version":[{"id":136,"href":"http:\/\/informacio-digital.recursos.uoc.edu\/es\/wp-json\/wp\/v2\/pages\/135\/revisions\/136"}],"wp:attachment":[{"href":"http:\/\/informacio-digital.recursos.uoc.edu\/es\/wp-json\/wp\/v2\/media?parent=135"}],"curies":[{"name":"wp","href":"https:\/\/api.w.org\/{rel}","templated":true}]}}