{"id":139,"date":"2018-06-20T13:05:48","date_gmt":"2018-06-20T11:05:48","guid":{"rendered":"http:\/\/informacio-digital.recursos.uoc.edu\/?page_id=139"},"modified":"2018-07-24T11:37:33","modified_gmt":"2018-07-24T09:37:33","slug":"2-5-herramientas","status":"publish","type":"page","link":"http:\/\/informacio-digital.recursos.uoc.edu\/es\/2-5-herramientas\/","title":{"rendered":"2.5. Herramientas"},"content":{"rendered":"<p>Aunque existen numerosos servicios que proporcionan almacenamiento en la nube, es recomendable estudiar las diferentes opciones para ver cu\u00e1l es la que mejor se adapta a cada necesidad. La elecci\u00f3n depender\u00e1 en gran medida del tipo de archivos que se quiera almacenar, del nivel de seguridad deseado, de si se precisa compartir datos con otros usuarios o del tipo de dispositivos que se utilizar\u00e1n para acceder y editar los archivos. Por otra parte, tambi\u00e9n ser\u00e1 necesario tener en cuenta el nivel de competencia digital del usuario, ya que algunos servicios presentan mayor facilidad de uso que otros.<\/p>\n<p>A continuaci\u00f3n, se describen cuatro de los servicios de almacenamiento en la nube gratuitos m\u00e1s populares:<\/p>\n<p><a href=\"https:\/\/www.dropbox.com\" target=\"_blank\" rel=\"noopener\"><strong>Dropbox<\/strong><\/a>. Con m\u00e1s de una d\u00e9cada de historia, es uno de los servicios de almacenamiento remoto m\u00e1s veteranos, superando actualmente los quinientos millones de usuarios. Est\u00e1 disponible como aplicaci\u00f3n de escritorio o como aplicaci\u00f3n para dispositivos m\u00f3viles (iOS, Android o Windows), en diecisiete idiomas.<\/p>\n<p>Dropbox ofrece 2 GB de almacenamiento gratuito (en su versi\u00f3n \u00abbasic\u00bb), que puede incrementarse hasta los 16 GB, tambi\u00e9n gratuitamente, vinculando la cuenta de Dropbox con redes sociales e invitando a amigos a unirse a este servicio.<\/p>\n<p>Se puede obtener m\u00e1s informaci\u00f3n sobre el uso de Dropbox en: <a href=\"https:\/\/www.dropbox.com\/help\" target=\"_blank\" rel=\"noopener\">https:\/\/www.dropbox.com\/help<\/a>.<\/p>\n<p><a href=\"https:\/\/www.google.com\/intl\/es\/drive\/\" target=\"_blank\" rel=\"noopener\"><strong>Google Drive<\/strong><\/a>. A pesar de que Google Drive est\u00e1 integrado en todos los dispositivos Android, es un servicio muy extendido tambi\u00e9n en el resto de las plataformas. Adem\u00e1s, presenta una relaci\u00f3n muy estrecha con Gmail, su cliente de correo electr\u00f3nico. Desde su aparici\u00f3n en 2012, son ya m\u00e1s de ochocientos millones de usuarios los que se han registrado en este servicio de almacenamiento. Est\u00e1 disponible como aplicaci\u00f3n de escritorio o como aplicaci\u00f3n para dispositivos m\u00f3viles (Android, iOS), en sesenta y ocho lenguas y, desde finales de 2017, es posible descargar una aplicaci\u00f3n (\u00abBackup and Sync\u00bb) que permite al usuario seleccionar determinadas carpetas del disco duro local para que se vayan sincronizando autom\u00e1ticamente con las almacenadas en el espacio de Drive, lo cual permite crear copias de seguridad muy f\u00e1cilmente. Google Drive ofrece 15 GB de almacenamiento gratuito.<\/p>\n<p>Se puede obtener m\u00e1s informaci\u00f3n sobre el uso de Google Drive en: <a href=\"https:\/\/www.google.com\/intl\/es_ALL\/drive\/using-drive\/\" target=\"_blank\" rel=\"noopener\">https:\/\/www.google.com\/intl\/es_ALL\/drive\/using-drive\/<\/a>.<\/p>\n<p><a href=\"https:\/\/onedrive.live.com\/about\/es-es\/\" target=\"_blank\" rel=\"noopener\"><strong>OneDrive<\/strong><\/a>. OneDrive (anteriormente llamado SkyDrive) es un servicio de almacenamiento en la nube operado por Microsoft, por lo que, adem\u00e1s de su acceso a trav\u00e9s de la web, aparece tambi\u00e9n integrado en el explorador de archivos de Windows 10, lo cual permite la sincronizaci\u00f3n entre archivos almacenados en el disco duro local y el espacio de almacenamiento en la nube. Este servicio se encuentra tambi\u00e9n vinculado con Outlook, el cliente de correo de Microsoft. Est\u00e1 disponible como aplicaci\u00f3n de escritorio o como aplicaci\u00f3n para dispositivos m\u00f3viles (iOS, Android o Windows), en ciento siete idiomas y, desde su lanzamiento en 2007, han utilizado sus servicios de almacenamiento m\u00e1s de ciento quince millones de usuarios. OneDrive ofrece 5 GB de almacenamiento gratuito.<\/p>\n<p>Se puede obtener m\u00e1s informaci\u00f3n sobre el uso de OneDrive en: <a href=\"https:\/\/answers.microsoft.com\/es-es\/onedrive\" target=\"_blank\" rel=\"noopener\">https:\/\/answers.microsoft.com\/es-es\/onedrive<\/a>.<\/p>\n<p><a href=\"https:\/\/www.box.com\" target=\"_blank\" rel=\"noopener\"><strong>Box<\/strong><\/a>. Este servicio de almacenamiento en la nube fue fundado en 2005, incluso antes que Dropbox, aunque nunca ha alcanzado su popularidad. En cualquier caso, es un servicio que permite compartir los contenidos almacenados y trabajar de forma conjunta con mucha facilidad. Est\u00e1 disponible como aplicaci\u00f3n de escritorio o como aplicaci\u00f3n para dispositivos m\u00f3viles (iOS, Android, Windows o BlackBerry), en espa\u00f1ol y en otros ocho idiomas. Box ofrece 10 GB de almacenamiento gratuito.<\/p>\n<p>Se puede obtener m\u00e1s informaci\u00f3n sobre el uso de Box en: <a href=\"https:\/\/www.box.com\/es-419\/resources\/downloads\" target=\"_blank\" rel=\"noopener\">https:\/\/www.box.com\/es-419\/resources\/downloads<\/a>.<\/p>\n<p>A modo de resumen, se recogen en la siguiente tabla las principales caracter\u00edsticas de los cuatro servicios de almacenamiento descritos.<\/p>\n<table>\n<tbody>\n<tr>\n<th scope=\"col\" width=\"20%\"><\/th>\n<th style=\"text-align: center;\" scope=\"col\"><strong>Dropbox<\/strong><\/th>\n<th style=\"text-align: center;\" scope=\"col\"><strong>Google Drive<\/strong><\/th>\n<th style=\"text-align: center;\" scope=\"col\"><strong>OneDrive<\/strong><\/th>\n<th style=\"text-align: center;\" scope=\"col\"><strong>Box<\/strong><\/th>\n<\/tr>\n<tr>\n<th style=\"text-align: left;\" scope=\"col\"><strong>Icono<\/strong><\/th>\n<td><img loading=\"lazy\" class=\"aligncenter wp-image-33\" src=\"\/wp-content\/uploads\/2018\/06\/80502_014.jpg\" alt=\"\" width=\"40\" height=\"38\" \/><\/td>\n<td><img loading=\"lazy\" class=\"aligncenter wp-image-34\" src=\"\/wp-content\/uploads\/2018\/06\/80502_015.jpg\" alt=\"\" width=\"40\" height=\"36\" \/><\/td>\n<td><img loading=\"lazy\" class=\"aligncenter wp-image-35\" src=\"\/wp-content\/uploads\/2018\/06\/80502_016.jpg\" alt=\"\" width=\"40\" height=\"25\" \/><\/td>\n<td><img loading=\"lazy\" class=\"aligncenter wp-image-36\" src=\"\/wp-content\/uploads\/2018\/06\/80502_017.jpg\" alt=\"\" width=\"40\" height=\"22\" \/><\/td>\n<\/tr>\n<tr>\n<th style=\"text-align: left;\" scope=\"col\"><strong>Espacio de almacenamiento gratuito<\/strong><\/th>\n<td style=\"text-align: center;\">2 GB<\/td>\n<td style=\"text-align: center;\">15 GB<\/td>\n<td style=\"text-align: center;\">5 GB<\/td>\n<td style=\"text-align: center;\">10 GB<\/td>\n<\/tr>\n<tr>\n<th style=\"text-align: left;\" scope=\"col\"><strong>L\u00edmite tama\u00f1o de archivo<\/strong><\/th>\n<td style=\"text-align: center;\">20 GB<\/td>\n<td style=\"text-align: center;\">5 GB<\/td>\n<td style=\"text-align: center;\">10 GB<\/td>\n<td style=\"text-align: center;\">250 MB\u00a0(versi\u00f3n gratuita)<\/td>\n<\/tr>\n<tr>\n<th style=\"text-align: left;\" scope=\"col\"><strong>Localizaci\u00f3n de los servidores<\/strong><\/th>\n<td style=\"text-align: center;\">EE. UU. e Irlanda.<\/td>\n<td style=\"text-align: center;\">Por todo el mundo.<\/td>\n<td style=\"text-align: center;\">Por todo el mundo.<\/td>\n<td style=\"text-align: center;\">Por todo el mundo.<\/td>\n<\/tr>\n<\/tbody>\n<\/table>\n<div class=\"tablefooter\"><p>Principales servicios de almacenamiento en la nube<\/p>\n<\/div>\n","protected":false},"excerpt":{"rendered":"<p>Aunque existen numerosos servicios que proporcionan almacenamiento en la nube, es recomendable estudiar las diferentes opciones para ver cu\u00e1l es la que mejor se adapta a cada necesidad. La elecci\u00f3n depender\u00e1 en gran medida del tipo de archivos que se quiera almacenar, del nivel de seguridad deseado, de si se precisa compartir datos con otros [&hellip;]<\/p>\n","protected":false},"author":1,"featured_media":0,"parent":0,"menu_order":0,"comment_status":"closed","ping_status":"closed","template":"","meta":[],"_links":{"self":[{"href":"http:\/\/informacio-digital.recursos.uoc.edu\/es\/wp-json\/wp\/v2\/pages\/139"}],"collection":[{"href":"http:\/\/informacio-digital.recursos.uoc.edu\/es\/wp-json\/wp\/v2\/pages"}],"about":[{"href":"http:\/\/informacio-digital.recursos.uoc.edu\/es\/wp-json\/wp\/v2\/types\/page"}],"author":[{"embeddable":true,"href":"http:\/\/informacio-digital.recursos.uoc.edu\/es\/wp-json\/wp\/v2\/users\/1"}],"replies":[{"embeddable":true,"href":"http:\/\/informacio-digital.recursos.uoc.edu\/es\/wp-json\/wp\/v2\/comments?post=139"}],"version-history":[{"count":7,"href":"http:\/\/informacio-digital.recursos.uoc.edu\/es\/wp-json\/wp\/v2\/pages\/139\/revisions"}],"predecessor-version":[{"id":594,"href":"http:\/\/informacio-digital.recursos.uoc.edu\/es\/wp-json\/wp\/v2\/pages\/139\/revisions\/594"}],"wp:attachment":[{"href":"http:\/\/informacio-digital.recursos.uoc.edu\/es\/wp-json\/wp\/v2\/media?parent=139"}],"curies":[{"name":"wp","href":"https:\/\/api.w.org\/{rel}","templated":true}]}}