{"id":141,"date":"2018-06-20T15:02:39","date_gmt":"2018-06-20T13:02:39","guid":{"rendered":"http:\/\/informacio-digital.recursos.uoc.edu\/?page_id=141"},"modified":"2018-07-24T11:38:43","modified_gmt":"2018-07-24T09:38:43","slug":"3-1-introduccion","status":"publish","type":"page","link":"http:\/\/informacio-digital.recursos.uoc.edu\/es\/3-1-introduccion\/","title":{"rendered":"3.1. Introducci\u00f3n"},"content":{"rendered":"<div class='content-column two_third'><p>La sincronizaci\u00f3n permite trabajar con diferentes dispositivos; la informaci\u00f3n en todos ellos se actualiza simult\u00e1neamente.<\/p><\/div>\n<div class='content-column one_third last_column'><figure id=\"attachment_37\" aria-describedby=\"caption-attachment-37\" style=\"width: 150px\" class=\"wp-caption alignnone\"><img loading=\"lazy\" class=\"wp-image-37 size-thumbnail\" src=\"\/wp-content\/uploads\/2018\/06\/80502_018-150x150.jpg\" alt=\"\" width=\"150\" height=\"150\" srcset=\"\/wp-content\/uploads\/2018\/06\/80502_018-150x150.jpg 150w, \/wp-content\/uploads\/2018\/06\/80502_018.jpg 300w\" sizes=\"(max-width: 150px) 100vw, 150px\" \/><figcaption id=\"caption-attachment-37\" class=\"wp-caption-text\">Fuente: Designed by macrovector \/ <a href=\"https:\/\/www.freepik.com\" target=\"_blank\" rel=\"noopener\">Freepik<\/a><\/figcaption><\/figure><\/div><div class='clear_column'><\/div>\n<p>En la actualidad, una gran mayor\u00eda de los usuarios utilizan en su actividad profesional y personal no uno, sino varios dispositivos (ordenador de sobremesa, ordenadores port\u00e1tiles, <em>smartphones<\/em>, <em>tablets<\/em>, etc.), por lo que requieren tener actualizada la informaci\u00f3n en todos ellos, independientemente del dispositivo desde el que la vayan a utilizar. Es decir, es necesario que sus dispositivos est\u00e9n sincronizados.<\/p>\n<div class=\"featured featured-blue\"><p>La <strong>sincronizaci\u00f3n<\/strong> entre dispositivos es un proceso que implica que, cuando se agrega, se modifica o se elimina informaci\u00f3n en un dispositivo, esa actualizaci\u00f3n se refleje inmediatamente en el resto de los dispositivos sincronizados. El proceso de sincronizaci\u00f3n permite, por tanto, disponer de toda la informaci\u00f3n actualizada simult\u00e1neamente en diversas ubicaciones o dispositivos.<\/p>\n<\/div>\n<p>Aunque es posible realizar manualmente el proceso de sincronizaci\u00f3n de dispositivos, hoy en d\u00eda existen numerosos programas (algunos gratuitos) que permiten sincronizar archivos y carpetas entre diferentes ubicaciones con mucha mayor rapidez y fiabilidad. En el apartado \u00abHerramientas\u00bb se indican algunas de estas aplicaciones.<\/p>\n<p>Por otra parte, no se debe obviar la creciente importancia de los servicios y aplicaciones en la nube (e. g. Dropbox, Google Drive, Microsoft OneDrive), que permiten sincronizar f\u00e1cilmente una cuenta de usuario en los diversos dispositivos que se utilicen, poniendo a disposici\u00f3n del usuario toda la informaci\u00f3n almacenada desde cualquier ubicaci\u00f3n. De este modo, sincronizando, por ejemplo, una aplicaci\u00f3n de calendario (como Google Calendar) entre diferentes dispositivos, se podr\u00e1n consultar en una <em>tablet<\/em> o <em>smartphone<\/em> aquellos eventos planificados previamente en un ordenador de sobremesa.<\/p>\n","protected":false},"excerpt":{"rendered":"<p>En la actualidad, una gran mayor\u00eda de los usuarios utilizan en su actividad profesional y personal no uno, sino varios dispositivos (ordenador de sobremesa, ordenadores port\u00e1tiles, smartphones, tablets, etc.), por lo que requieren tener actualizada la informaci\u00f3n en todos ellos, independientemente del dispositivo desde el que la vayan a utilizar. Es decir, es necesario que [&hellip;]<\/p>\n","protected":false},"author":1,"featured_media":0,"parent":0,"menu_order":0,"comment_status":"closed","ping_status":"closed","template":"","meta":[],"_links":{"self":[{"href":"http:\/\/informacio-digital.recursos.uoc.edu\/es\/wp-json\/wp\/v2\/pages\/141"}],"collection":[{"href":"http:\/\/informacio-digital.recursos.uoc.edu\/es\/wp-json\/wp\/v2\/pages"}],"about":[{"href":"http:\/\/informacio-digital.recursos.uoc.edu\/es\/wp-json\/wp\/v2\/types\/page"}],"author":[{"embeddable":true,"href":"http:\/\/informacio-digital.recursos.uoc.edu\/es\/wp-json\/wp\/v2\/users\/1"}],"replies":[{"embeddable":true,"href":"http:\/\/informacio-digital.recursos.uoc.edu\/es\/wp-json\/wp\/v2\/comments?post=141"}],"version-history":[{"count":5,"href":"http:\/\/informacio-digital.recursos.uoc.edu\/es\/wp-json\/wp\/v2\/pages\/141\/revisions"}],"predecessor-version":[{"id":595,"href":"http:\/\/informacio-digital.recursos.uoc.edu\/es\/wp-json\/wp\/v2\/pages\/141\/revisions\/595"}],"wp:attachment":[{"href":"http:\/\/informacio-digital.recursos.uoc.edu\/es\/wp-json\/wp\/v2\/media?parent=141"}],"curies":[{"name":"wp","href":"https:\/\/api.w.org\/{rel}","templated":true}]}}