{"id":144,"date":"2018-06-20T15:04:02","date_gmt":"2018-06-20T13:04:02","guid":{"rendered":"http:\/\/informacio-digital.recursos.uoc.edu\/?page_id=144"},"modified":"2019-12-10T13:39:19","modified_gmt":"2019-12-10T11:39:19","slug":"3-2-recomendaciones","status":"publish","type":"page","link":"http:\/\/informacio-digital.recursos.uoc.edu\/es\/3-2-recomendaciones\/","title":{"rendered":"3.2. Recomendaciones"},"content":{"rendered":"<p><strong>Aprovechar las posibilidades de sincronizaci\u00f3n que ofrecen las aplicaciones de Google<\/strong>. Una cuenta de Google (el correo electr\u00f3nico de la UOC es tambi\u00e9n una cuenta de Google) tiene asociadas numerosas aplicaciones (e. g. Gmail, Drive, Chrome, Calendar, Documentos, Presentaciones, Hojas de c\u00e1lculo, Formularios, Google Sites, Blogger, Youtube, Hangouts, Google Search, Google Maps, Google Analytics, etc.); todas ellas ofrecen \u00fatiles posibilidades de sincronizaci\u00f3n. La cuenta de Google permitir\u00e1 administrar el modo en que las aplicaciones sincronizan correos electr\u00f3nicos, mensajes y otra informaci\u00f3n reciente en los diferentes dispositivos. De forma predeterminada, las aplicaciones de Google se sincronizar\u00e1n autom\u00e1ticamente en todos los dispositivos, pero siempre se podr\u00e1 desactivar o activar nuevamente la sincronizaci\u00f3n autom\u00e1tica en cada aplicaci\u00f3n de forma individual. Si, en un momento dado, la bater\u00eda de un dispositivo est\u00e1 baja, desactivar la sincronizaci\u00f3n autom\u00e1tica permitir\u00e1 ahorrar bater\u00eda.<\/p>\n<p><strong>Gestionar correctamente la privacidad de la informaci\u00f3n sincronizada en el navegador de Internet<\/strong>. Los principales navegadores de Internet (e. g. Google Chrome, Mozilla Firefox, Microsoft Edge, Safari) permiten sincronizar la informaci\u00f3n referente al perfil de usuario (marcadores, historial, etc.), guard\u00e1ndola en la cuenta correspondiente (Google, Mozilla, Microsoft, iCloud). Aunque, si no se desea que se sincronice todo el contenido, siempre se puede seleccionar qu\u00e9 datos concretos se quiere que se almacenen y que, posteriormente, se sincronicen. En el caso de Chrome, si no se desea que Google lea estos datos, existe la posibilidad de protegerlos mediante una frase de contrase\u00f1a para sincronizaci\u00f3n, que se deber\u00e1 introducir para acceder a la cuenta desde cada dispositivo. Es bueno recordar, adem\u00e1s, que los datos sincronizados estar\u00e1n siempre protegidos por encriptaci\u00f3n cuando est\u00e9n en tr\u00e1nsito.<\/p>\n<p><strong>Hacer uso de aplicaciones de sincronizaci\u00f3n entre dispositivos con diferentes sistemas operativos<\/strong>. Cada vez van cobrando mayor importancia las aplicaciones que permiten la sincronizaci\u00f3n entre dispositivos con diferentes sistemas operativos. Un ejemplo es la aplicaci\u00f3n \u00abComplemento de tel\u00e9fono de Microsoft\u00bb, que ofrece la posibilidad de transferir autom\u00e1ticamente los contenidos entre un PC Windows 10 y diferentes dispositivos m\u00f3viles con sistemas operativos iOS o Android, incluida la sincronizaci\u00f3n de documentos de Office y de Outlook. Otra opci\u00f3n es el asistente virtual de Cortana, una aplicaci\u00f3n de Microsoft disponible para iOS y Android, que permite la sincronizaci\u00f3n de dispositivos de estos dos sistemas operativos con aquellos que funcionen bajo el entorno Windows.<\/p>\n","protected":false},"excerpt":{"rendered":"<p>Aprovechar las posibilidades de sincronizaci\u00f3n que ofrecen las aplicaciones de Google. Una cuenta de Google (el correo electr\u00f3nico de la UOC es tambi\u00e9n una cuenta de Google) tiene asociadas numerosas aplicaciones (e. g. Gmail, Drive, Chrome, Calendar, Documentos, Presentaciones, Hojas de c\u00e1lculo, Formularios, Google Sites, Blogger, Youtube, Hangouts, Google Search, Google Maps, Google Analytics, etc.); [&hellip;]<\/p>\n","protected":false},"author":1,"featured_media":0,"parent":0,"menu_order":0,"comment_status":"closed","ping_status":"closed","template":"","meta":[],"_links":{"self":[{"href":"http:\/\/informacio-digital.recursos.uoc.edu\/es\/wp-json\/wp\/v2\/pages\/144"}],"collection":[{"href":"http:\/\/informacio-digital.recursos.uoc.edu\/es\/wp-json\/wp\/v2\/pages"}],"about":[{"href":"http:\/\/informacio-digital.recursos.uoc.edu\/es\/wp-json\/wp\/v2\/types\/page"}],"author":[{"embeddable":true,"href":"http:\/\/informacio-digital.recursos.uoc.edu\/es\/wp-json\/wp\/v2\/users\/1"}],"replies":[{"embeddable":true,"href":"http:\/\/informacio-digital.recursos.uoc.edu\/es\/wp-json\/wp\/v2\/comments?post=144"}],"version-history":[{"count":2,"href":"http:\/\/informacio-digital.recursos.uoc.edu\/es\/wp-json\/wp\/v2\/pages\/144\/revisions"}],"predecessor-version":[{"id":931,"href":"http:\/\/informacio-digital.recursos.uoc.edu\/es\/wp-json\/wp\/v2\/pages\/144\/revisions\/931"}],"wp:attachment":[{"href":"http:\/\/informacio-digital.recursos.uoc.edu\/es\/wp-json\/wp\/v2\/media?parent=144"}],"curies":[{"name":"wp","href":"https:\/\/api.w.org\/{rel}","templated":true}]}}