{"id":146,"date":"2018-06-20T15:08:46","date_gmt":"2018-06-20T13:08:46","guid":{"rendered":"http:\/\/informacio-digital.recursos.uoc.edu\/?page_id=146"},"modified":"2018-06-21T09:36:16","modified_gmt":"2018-06-21T07:36:16","slug":"3-3-herramientas","status":"publish","type":"page","link":"http:\/\/informacio-digital.recursos.uoc.edu\/es\/3-3-herramientas\/","title":{"rendered":"3.3. Herramientas"},"content":{"rendered":"<p>El hecho de usar a diario diferentes dispositivos para gestionar la informaci\u00f3n y la necesidad de poder acceder a ella en cualquier momento y desde cualquier lugar hace necesario recurrir a aplicaciones que permitan la sincronizaci\u00f3n de archivos. A continuaci\u00f3n, se indican algunas de las m\u00e1s utilizadas.<\/p>\n<table>\n<tbody>\n<tr>\n<th scope=\"col\" width=\"20%\"><strong>Nombre<\/strong><\/th>\n<th scope=\"col\" width=\"15%\"><strong>Icono<\/strong><\/th>\n<th scope=\"col\" width=\"65%\"><strong>Descripci\u00f3n<\/strong><\/th>\n<\/tr>\n<tr>\n<td><a href=\"https:\/\/www.resilio.com\/\" target=\"_blank\" rel=\"noopener\"><strong>Resilio<\/strong><\/a><\/td>\n<td><img loading=\"lazy\" class=\"aligncenter wp-image-38 size-full\" src=\"\/wp-content\/uploads\/2018\/06\/80502_019.jpg\" alt=\"\" width=\"100\" height=\"39\" \/><\/td>\n<td>Esta aplicaci\u00f3n de sincronizaci\u00f3n no est\u00e1 basada en el almacenamiento en la nube, sino en la tecnolog\u00eda P2P (<em>peer-to-peer<\/em>). Por este motivo, la aplicaci\u00f3n deber\u00e1 estar instalada en todos los dispositivos que se desee sincronizar. Cuenta con versiones gratuitas y de pago y se encuentra disponible para Windows, Mac, iOS y Android.<\/p>\n<p>Se puede obtener m\u00e1s informaci\u00f3n sobre su funcionamiento en: <a href=\"https:\/\/help.resilio.com\/hc\/en-us\/categories\/200140177-Getting-started-with-Sync\" target=\"_blank\" rel=\"noopener\">https:\/\/help.resilio.com\/hc\/en-us\/categories\/200140177-Getting-started-with-Sync<\/a><\/td>\n<\/tr>\n<tr>\n<td><a href=\"https:\/\/mozy.co.uk\/product\/mozy\/personal\" target=\"_blank\" rel=\"noopener\"><strong>Mozy Home<\/strong><\/a><\/td>\n<td><img loading=\"lazy\" class=\"aligncenter wp-image-39 size-full\" src=\"\/wp-content\/uploads\/2018\/06\/80502_020.jpg\" alt=\"\" width=\"100\" height=\"25\" \/><\/td>\n<td>Es una de las herramientas de sincronizaci\u00f3n m\u00e1s populares; incluso permite sincronizar bases de datos SQL, Exchange y Outlook. Est\u00e1 disponible para Windows, Mac, iOS y Android. Cuenta con versiones gratuitas y de pago.<\/p>\n<p>Se puede obtener m\u00e1s informaci\u00f3n sobre el uso de Mozy Home en: <a href=\"http:\/\/support.mozy.es\/articles\/es\/Documentation\/mozy-c-overview-mozy-c\" target=\"_blank\" rel=\"noopener\">http:\/\/support.mozy.es\/articles\/es\/Documentation\/mozy-c-overview-mozy-c<\/a><\/td>\n<\/tr>\n<tr>\n<td><a href=\"https:\/\/www.syncplicity.com\/\" target=\"_blank\" rel=\"noopener\"><strong>Syncplicity<\/strong><\/a><\/td>\n<td><img loading=\"lazy\" class=\"aligncenter wp-image-41 size-full\" src=\"\/wp-content\/uploads\/2018\/06\/80502_021.jpg\" alt=\"\" width=\"100\" height=\"26\" \/><\/td>\n<td>Se trata de una potente aplicaci\u00f3n, pero a la vez muy intuitiva y f\u00e1cil de utilizar. La versi\u00f3n gratuita proporciona 10 GB de almacenamiento. Se encuentra disponible para Windows, Mac, iOS y Android.<\/p>\n<p>Se puede obtener m\u00e1s informaci\u00f3n sobre su funcionamiento en: <a href=\"https:\/\/syncplicity.zendesk.com\/hc\/en-us\/articles\/201345394\" target=\"_blank\" rel=\"noopener\">https:\/\/syncplicity.zendesk.com\/hc\/en-us\/articles\/201345394<\/a><\/td>\n<\/tr>\n<tr>\n<td><a href=\"https:\/\/www.sync.com\/pricing-personal\/\" target=\"_blank\" rel=\"noopener\"><strong>Sync<\/strong><\/a><\/td>\n<td><img loading=\"lazy\" class=\"aligncenter wp-image-42 size-full\" src=\"\/wp-content\/uploads\/2018\/06\/80502_022.jpg\" alt=\"\" width=\"100\" height=\"23\" \/><\/td>\n<td>Es una de las herramientas de sincronizaci\u00f3n m\u00e1s completas. La versi\u00f3n gratuita proporciona 5 GB de almacenamiento. Est\u00e1 disponible para Windows, Mac, iOS y Android.<\/p>\n<p>Se puede obtener m\u00e1s informaci\u00f3n sobre el uso de Sync en: <a href=\"https:\/\/www.sync.com\/help\/category\/getting-started\/\" target=\"_blank\" rel=\"noopener\">https:\/\/www.sync.com\/help\/category\/getting-started\/<\/a><\/td>\n<\/tr>\n<\/tbody>\n<\/table>\n<p>&nbsp;<\/p>\n","protected":false},"excerpt":{"rendered":"<p>El hecho de usar a diario diferentes dispositivos para gestionar la informaci\u00f3n y la necesidad de poder acceder a ella en cualquier momento y desde cualquier lugar hace necesario recurrir a aplicaciones que permitan la sincronizaci\u00f3n de archivos. A continuaci\u00f3n, se indican algunas de las m\u00e1s utilizadas. Nombre Icono Descripci\u00f3n Resilio Esta aplicaci\u00f3n de sincronizaci\u00f3n [&hellip;]<\/p>\n","protected":false},"author":1,"featured_media":0,"parent":0,"menu_order":0,"comment_status":"closed","ping_status":"closed","template":"","meta":[],"_links":{"self":[{"href":"http:\/\/informacio-digital.recursos.uoc.edu\/es\/wp-json\/wp\/v2\/pages\/146"}],"collection":[{"href":"http:\/\/informacio-digital.recursos.uoc.edu\/es\/wp-json\/wp\/v2\/pages"}],"about":[{"href":"http:\/\/informacio-digital.recursos.uoc.edu\/es\/wp-json\/wp\/v2\/types\/page"}],"author":[{"embeddable":true,"href":"http:\/\/informacio-digital.recursos.uoc.edu\/es\/wp-json\/wp\/v2\/users\/1"}],"replies":[{"embeddable":true,"href":"http:\/\/informacio-digital.recursos.uoc.edu\/es\/wp-json\/wp\/v2\/comments?post=146"}],"version-history":[{"count":3,"href":"http:\/\/informacio-digital.recursos.uoc.edu\/es\/wp-json\/wp\/v2\/pages\/146\/revisions"}],"predecessor-version":[{"id":320,"href":"http:\/\/informacio-digital.recursos.uoc.edu\/es\/wp-json\/wp\/v2\/pages\/146\/revisions\/320"}],"wp:attachment":[{"href":"http:\/\/informacio-digital.recursos.uoc.edu\/es\/wp-json\/wp\/v2\/media?parent=146"}],"curies":[{"name":"wp","href":"https:\/\/api.w.org\/{rel}","templated":true}]}}