{"id":149,"date":"2018-06-20T15:11:15","date_gmt":"2018-06-20T13:11:15","guid":{"rendered":"http:\/\/informacio-digital.recursos.uoc.edu\/?page_id=149"},"modified":"2019-12-10T13:41:21","modified_gmt":"2019-12-10T11:41:21","slug":"4-1-introduccion","status":"publish","type":"page","link":"http:\/\/informacio-digital.recursos.uoc.edu\/es\/4-1-introduccion\/","title":{"rendered":"4.1. Introducci\u00f3n"},"content":{"rendered":"<div class='content-column two_third'><p>El etiquetado proporciona una descripci\u00f3n detallada del contenido de un archivo, facilitando posteriores b\u00fasquedas.<\/p><\/div>\n<div class='content-column one_third last_column'><figure id=\"attachment_43\" aria-describedby=\"caption-attachment-43\" style=\"width: 150px\" class=\"wp-caption aligncenter\"><img loading=\"lazy\" class=\"wp-image-43 size-thumbnail\" src=\"\/wp-content\/uploads\/2018\/06\/80502_023-150x150.jpg\" alt=\"\" width=\"150\" height=\"150\" srcset=\"\/wp-content\/uploads\/2018\/06\/80502_023-150x150.jpg 150w, \/wp-content\/uploads\/2018\/06\/80502_023-299x300.jpg 299w, \/wp-content\/uploads\/2018\/06\/80502_023.jpg 300w\" sizes=\"(max-width: 150px) 100vw, 150px\" \/><figcaption id=\"caption-attachment-43\" class=\"wp-caption-text\">Fuente: Designed by macrovector \/ <a href=\"https:\/\/www.freepik.com\" target=\"_blank\" rel=\"noopener\">Freepik<\/a><\/figcaption><\/figure><\/div><div class='clear_column'><\/div>\n<div class=\"featured featured-blue\"><p>Las <strong>etiquetas<\/strong> (<em>tags<\/em>, en ingl\u00e9s) son atributos que se aplican a un archivo y que incorporan en \u00e9l informaci\u00f3n adicional (metadatos).<\/p>\n<\/div>\n<p>La inclusi\u00f3n de metadatos resulta especialmente \u00fatil en aquellos tipos de archivo (de imagen, de audio, etc.) en los que no existe m\u00e1s texto que el del propio nombre del archivo, puesto que esa descripci\u00f3n adicional que aporta la etiqueta facilitar\u00e1 enormemente las b\u00fasquedas posteriores.<\/p>\n<p>Por tanto, las etiquetas resultar\u00e1n de gran ayuda a la hora de buscar informaci\u00f3n almacenada en los dispositivos, ya que proporcionan una descripci\u00f3n detallada de la estructura o contenido de un archivo. Permitir\u00e1n, tambi\u00e9n, la b\u00fasqueda conjunta de aquellos ficheros que compartan alg\u00fan elemento com\u00fan (e. g. una palabra clave), sin necesidad de que todos ellos est\u00e9n almacenados en el mismo directorio del disco duro.<\/p>\n<p>Por ello, sistemas operativos como Windows o MacOS llevan incorporando la funci\u00f3n de etiquetado desde hace m\u00e1s de una d\u00e9cada, aunque a\u00fan contin\u00faa siendo una caracter\u00edstica relativamente poco utilizada por los usuarios que, en muchos casos, desconocen incluso su existencia. Se trata, sin embargo, de una funci\u00f3n realmente \u00fatil, que permite organizar los archivos en el disco duro y, posteriormente, encontrarlos con gran facilidad, sin necesidad de recurrir a la navegaci\u00f3n por carpetas. De hecho, los exploradores de archivos de la mayor\u00eda de los sistemas operativos permiten mostrar los archivos categorizados por etiquetas, en lugar de mostrarlos ordenados por carpetas, que suele ser la opci\u00f3n por defecto.<\/p>\n<p>Pero el uso de etiquetas no est\u00e1 restringido \u00fanicamente al \u00e1mbito privado del disco duro o espacio de almacenamiento en la nube de un usuario. El llamado <strong>etiquetado social<\/strong> (<em>social tagging<\/em>, en ingl\u00e9s), tambi\u00e9n conocido por <strong>folcsonom\u00eda<\/strong>, consiste en la aplicaci\u00f3n de etiquetas a todo tipo de informaci\u00f3n presente en Internet (im\u00e1genes, audios, v\u00eddeos, documentos, etc.); as\u00ed enriquece su contenido y aporta precisi\u00f3n a la hora de tipificar la informaci\u00f3n existente en la Red. Se trata de una clasificaci\u00f3n colaborativa mediante la asignaci\u00f3n de etiquetas descriptivas, sin jerarqu\u00edas, que son de gran utilidad para los motores de b\u00fasqueda de Internet.<\/p>\n<p>En este sentido, numerosas redes sociales ofrecen a sus usuarios la opci\u00f3n de buscar marcadores asociados a determinadas etiquetas, realizando un <em>ranking<\/em> del contenido de acuerdo con el n\u00famero de usuarios que lo hayan etiquetado. Precisamente estos servicios web, especialmente Twitter, Facebook e Instagram, han popularizado el llamado <em>hashtag<\/em>, un tipo de etiqueta compuesta por una o varias palabras concatenadas precedidas de almohadilla (#), que desempe\u00f1a un papel muy relevante en el proceso de indexaci\u00f3n y b\u00fasqueda de contenidos en la Red.<\/p>\n","protected":false},"excerpt":{"rendered":"<p>La inclusi\u00f3n de metadatos resulta especialmente \u00fatil en aquellos tipos de archivo (de imagen, de audio, etc.) en los que no existe m\u00e1s texto que el del propio nombre del archivo, puesto que esa descripci\u00f3n adicional que aporta la etiqueta facilitar\u00e1 enormemente las b\u00fasquedas posteriores. Por tanto, las etiquetas resultar\u00e1n de gran ayuda a la [&hellip;]<\/p>\n","protected":false},"author":1,"featured_media":0,"parent":0,"menu_order":0,"comment_status":"closed","ping_status":"closed","template":"","meta":[],"_links":{"self":[{"href":"http:\/\/informacio-digital.recursos.uoc.edu\/es\/wp-json\/wp\/v2\/pages\/149"}],"collection":[{"href":"http:\/\/informacio-digital.recursos.uoc.edu\/es\/wp-json\/wp\/v2\/pages"}],"about":[{"href":"http:\/\/informacio-digital.recursos.uoc.edu\/es\/wp-json\/wp\/v2\/types\/page"}],"author":[{"embeddable":true,"href":"http:\/\/informacio-digital.recursos.uoc.edu\/es\/wp-json\/wp\/v2\/users\/1"}],"replies":[{"embeddable":true,"href":"http:\/\/informacio-digital.recursos.uoc.edu\/es\/wp-json\/wp\/v2\/comments?post=149"}],"version-history":[{"count":5,"href":"http:\/\/informacio-digital.recursos.uoc.edu\/es\/wp-json\/wp\/v2\/pages\/149\/revisions"}],"predecessor-version":[{"id":934,"href":"http:\/\/informacio-digital.recursos.uoc.edu\/es\/wp-json\/wp\/v2\/pages\/149\/revisions\/934"}],"wp:attachment":[{"href":"http:\/\/informacio-digital.recursos.uoc.edu\/es\/wp-json\/wp\/v2\/media?parent=149"}],"curies":[{"name":"wp","href":"https:\/\/api.w.org\/{rel}","templated":true}]}}