{"id":152,"date":"2018-06-20T15:17:18","date_gmt":"2018-06-20T13:17:18","guid":{"rendered":"http:\/\/informacio-digital.recursos.uoc.edu\/?page_id=152"},"modified":"2018-06-20T15:21:45","modified_gmt":"2018-06-20T13:21:45","slug":"4-2-recomendaciones","status":"publish","type":"page","link":"http:\/\/informacio-digital.recursos.uoc.edu\/es\/4-2-recomendaciones\/","title":{"rendered":"4.2. Recomendaciones"},"content":{"rendered":"<p><strong>C\u00f3mo a\u00f1adir etiquetas a archivos almacenados en los dispositivos de usuario<\/strong>. En <strong>Windows<\/strong>, abrir el \u00abExplorador de archivos\u00bb, situarse en la pesta\u00f1a \u00abVista\u00bb y hacer clic en el \u00abPanel de detalles\u00bb.<\/p>\n<figure style=\"width: 600px\" class=\"wp-caption aligncenter\"><img loading=\"lazy\" class=\"alignnone size-full wp-image-44\" src=\"\/wp-content\/uploads\/2018\/06\/80502_024.jpg\" alt=\"\" width=\"600\" height=\"152\" srcset=\"\/wp-content\/uploads\/2018\/06\/80502_024.jpg 600w, \/wp-content\/uploads\/2018\/06\/80502_024-300x76.jpg 300w\" sizes=\"(max-width: 600px) 100vw, 600px\" \/><figcaption class=\"wp-caption-text\">Figura 5. \u00abPanel de detalles\u00bb del Explorador de archivos de Windows<\/figcaption><\/figure>\n<p>Al seleccionar un archivo, en el margen derecho de la ventana del \u00abExplorador de archivos\u00bb aparecer\u00e1 toda la informaci\u00f3n disponible sobre este.<\/p>\n<figure style=\"width: 700px\" class=\"wp-caption aligncenter\"><img loading=\"lazy\" class=\"alignnone size-full wp-image-45\" src=\"\/wp-content\/uploads\/2018\/06\/80502_025.jpg\" alt=\"\" width=\"700\" height=\"361\" srcset=\"\/wp-content\/uploads\/2018\/06\/80502_025.jpg 700w, \/wp-content\/uploads\/2018\/06\/80502_025-300x155.jpg 300w\" sizes=\"(max-width: 700px) 100vw, 700px\" \/><figcaption class=\"wp-caption-text\">Figura 6. Vista de un archivo seleccionado en el \u00abExplorador de archivos\u00bb de Windows<\/figcaption><\/figure>\n<p>Es aqu\u00ed donde se podr\u00e1n a\u00f1adir etiquetas al archivo. Hay que tener en cuenta que estas etiquetas han de ser breves pero descriptivas. Cada palabra deber\u00e1 estar separada por una coma. Una vez que se hayan introducido todas las etiquetas, se debe presionar el bot\u00f3n \u00abGuardar\u00bb.<\/p>\n<figure style=\"width: 700px\" class=\"wp-caption aligncenter\"><img loading=\"lazy\" class=\"alignnone size-full wp-image-46\" src=\"\/wp-content\/uploads\/2018\/06\/80502_026.jpg\" alt=\"\" width=\"700\" height=\"390\" srcset=\"\/wp-content\/uploads\/2018\/06\/80502_026.jpg 700w, \/wp-content\/uploads\/2018\/06\/80502_026-300x167.jpg 300w\" sizes=\"(max-width: 700px) 100vw, 700px\" \/><figcaption class=\"wp-caption-text\">Figura 7. Inserci\u00f3n de etiquetas a trav\u00e9s del \u00abExplorador de archivos\u00bb de Windows<\/figcaption><\/figure>\n<p>Al realizar posteriormente una b\u00fasqueda, ser\u00e1 posible encontrar el archivo r\u00e1pidamente y con facilidad.<\/p>\n<figure style=\"width: 350px\" class=\"wp-caption aligncenter\"><img loading=\"lazy\" class=\"alignnone size-full wp-image-47\" src=\"\/wp-content\/uploads\/2018\/06\/80502_027.jpg\" alt=\"\" width=\"350\" height=\"555\" srcset=\"\/wp-content\/uploads\/2018\/06\/80502_027.jpg 350w, \/wp-content\/uploads\/2018\/06\/80502_027-189x300.jpg 189w\" sizes=\"(max-width: 350px) 100vw, 350px\" \/><figcaption class=\"wp-caption-text\">Figura 8. B\u00fasqueda de un archivo etiquetado en Windows<\/figcaption><\/figure>\n<p>De forma similar, para a\u00f1adir etiquetas a un archivo en <strong>MacOS<\/strong>, hay que abrir una ventana del \u00abFinder\u00bb, seleccionar el archivo correspondiente, hacer clic en el bot\u00f3n \u00abEditar etiquetas\u00bb y, a continuaci\u00f3n, introducir las etiquetas que deseadas.<\/p>\n<p><strong>C\u00f3mo visualizar los archivos por etiquetas en vez de por carpetas<\/strong>. Aunque la vista por defecto en un explorador de archivos suele ordenar estos por carpetas, en ocasiones, puede resultar \u00fatil que aparezcan categorizados por etiquetas. Para ello, simplemente se deber\u00e1n seguir estos pasos:<\/p>\n<ul>\n<li>En <strong>Windows<\/strong>, abrir el \u00abExplorador de archivos\u00bb, situarse en la pesta\u00f1a \u00abVista\u00bb y simplemente seleccionar la opci\u00f3n \u00abOrdenar por\u00bb &gt; \u00abEtiquetas\u00bb.<\/li>\n<li>En <strong>MacOS<\/strong>, abrir el \u00abFinder\u00bb, elegir \u00abVisualizaci\u00f3n\u00bb &gt; \u00abMostrar opciones de visualizaci\u00f3n\u00bb y, a continuaci\u00f3n, seleccionar la casilla \u00abEtiquetas\u00bb.<\/li>\n<\/ul>\n<p><strong>C\u00f3mo a\u00f1adir etiquetas comunes a un conjunto de im\u00e1genes durante la importaci\u00f3n<\/strong>. Una operaci\u00f3n de etiquetado especialmente \u00fatil es la que permite a\u00f1adir etiquetas comunes a un conjunto de im\u00e1genes durante su importaci\u00f3n desde un dispositivo externo, como una c\u00e1mara fotogr\u00e1fica o un <em>smartphone<\/em>.<\/p>\n<p>Para ello, en el momento en que aparezca la ventana de importaci\u00f3n, se deber\u00e1n introducir todas las etiquetas deseadas, comunes a la totalidad de im\u00e1genes que se vayan a importar, para que se apliquen autom\u00e1ticamente a todas ellas.<\/p>\n<p>De este modo, si posteriormente se desea localizarlas, tecleando solo las etiquetas correspondientes, se conseguir\u00e1 que se muestre todo el conjunto de im\u00e1genes en el explorador, independientemente de que se encuentren almacenadas en carpetas diferentes.<\/p>\n<p><strong>C\u00f3mo organizar con etiquetas la bandeja de entrada de Gmail<\/strong>. En el <a href=\"javascript:void(0);\" class=\"tooltip\" data-toggle=\"popover\" data-placement=\"bottom\" data-content=\"Las cuentas de usuario de la UOC tienen asociada una cuenta de Gmail.\" data-placement=\"top\" data-html=\"true\" >correo de Gmail<\/a> se puede configurar etiquetas para ordenar los mensajes. Estas etiquetas funcionar\u00e1n como carpetas, con la diferencia de que existe la posibilidad de a\u00f1adir varias etiquetas a un mismo mensaje. Gmail permite crear, editar y eliminar etiquetas en cualquier momento, as\u00ed como mover mensajes de unas etiquetas a otras. Por otra parte, si se desean etiquetar varios mensajes de forma simult\u00e1nea, simplemente habr\u00e1 que seleccionarlos en la bandeja de entrada y hacer clic en \u00abEtiquetas\u00bb, marcando la\/s etiqueta\/s correspondiente\/s.<\/p>\n<p><strong>C\u00f3mo realizar un buen etiquetado<\/strong>. Raquel G\u00f3mez-D\u00edaz, autora de <em>Etiquetar en la web social<\/em> (Editorial UOC, 2012), proporciona una serie de consejos pr\u00e1cticos para llevar a cabo un buen etiquetado:<\/p>\n<ol>\n<li><strong>Utilizar t\u00e9rminos que se utilizar\u00edan para recuperar el archivo que se va a etiquetar, y que lo hacen espec\u00edfico en su campo<\/strong>. Por ejemplo, si un investigador, cuya especialidad es un determinado insecto, etiqueta todos sus documentos \u00fanicamente con ese t\u00e9rmino, no podr\u00e1 distinguir los distintos estudios realizados. Los t\u00e9rminos gen\u00e9ricos sirven para organizar grandes categor\u00edas, pero se deben a\u00f1adir t\u00e9rminos espec\u00edficos para mejorar la recuperaci\u00f3n de los documentos.<\/li>\n<li><strong>Seleccionar los cuatro o cinco t\u00e9rminos que mejor describan el contenido del archivo<\/strong>. Puesto que es dif\u00edcil reunir en un solo t\u00e9rmino todas las caracter\u00edsticas relativas al contenido de un archivo, es aconsejable utilizar al menos cuatro o cinco t\u00e9rminos, aunque unos sean m\u00e1s gen\u00e9ricos que otros.<\/li>\n<li><strong>Utilizar t\u00e9rminos que puedan beneficiar a otros usuarios en sus b\u00fasquedas posteriores<\/strong>. Cuando se etiquete un archivo, conviene tener en cuenta que los t\u00e9rminos utilizados han de ser lo menos subjetivos posibles, ya que, de no ser ese mismo usuario el que realice las b\u00fasquedas posteriores, otros usuarios podr\u00edan tener dificultades a la hora de intuir esas etiquetas creadas desde una perspectiva tan personal.<\/li>\n<li><strong>Revisar las indicaciones del sistema o aplicaci\u00f3n en los que se etiqueta, para conocer sus particularidades en cuanto a etiquetado<\/strong>. En este sentido, es muy importante tener en cuenta la forma en que se deben separar las etiquetas, o la manera de introducir t\u00e9rminos compuestos, ya que var\u00eda seg\u00fan los diferentes sistemas y aplicaciones. Por ejemplo:\n<ul>\n<li><strong>Twitter<\/strong>: escribir la almohadilla (#) y a continuaci\u00f3n los t\u00e9rminos sin espacios en blanco.<\/li>\n<li><strong>Youtube<\/strong>: separar las etiquetas mediante espacios en blanco; en el caso de etiquetas de m\u00e1s de una palabra, estas deben ir entrecomilladas.<\/li>\n<li><strong>Diigo<\/strong>: despu\u00e9s de introducir una etiqueta, est\u00e9 formada por un solo t\u00e9rmino o por varios, es necesario pulsar \u00abintro\u00bb para que considere a esa unidad como una etiqueta.<\/li>\n<li><strong>Flickr<\/strong>: cada etiqueta se separa de la siguiente mediante un espacio, y si lo que se quiere es utilizar una combinaci\u00f3n de varias palabras, hay que entrecomillarlas.<\/li>\n<li><strong>Mendeley<\/strong>: las etiquetas se separan mediante punto y coma (;).<\/li>\n<\/ul>\n<\/li>\n<\/ol>\n","protected":false},"excerpt":{"rendered":"<p>C\u00f3mo a\u00f1adir etiquetas a archivos almacenados en los dispositivos de usuario. En Windows, abrir el \u00abExplorador de archivos\u00bb, situarse en la pesta\u00f1a \u00abVista\u00bb y hacer clic en el \u00abPanel de detalles\u00bb. Al seleccionar un archivo, en el margen derecho de la ventana del \u00abExplorador de archivos\u00bb aparecer\u00e1 toda la informaci\u00f3n disponible sobre este. Es aqu\u00ed [&hellip;]<\/p>\n","protected":false},"author":1,"featured_media":0,"parent":0,"menu_order":0,"comment_status":"closed","ping_status":"closed","template":"","meta":[],"_links":{"self":[{"href":"http:\/\/informacio-digital.recursos.uoc.edu\/es\/wp-json\/wp\/v2\/pages\/152"}],"collection":[{"href":"http:\/\/informacio-digital.recursos.uoc.edu\/es\/wp-json\/wp\/v2\/pages"}],"about":[{"href":"http:\/\/informacio-digital.recursos.uoc.edu\/es\/wp-json\/wp\/v2\/types\/page"}],"author":[{"embeddable":true,"href":"http:\/\/informacio-digital.recursos.uoc.edu\/es\/wp-json\/wp\/v2\/users\/1"}],"replies":[{"embeddable":true,"href":"http:\/\/informacio-digital.recursos.uoc.edu\/es\/wp-json\/wp\/v2\/comments?post=152"}],"version-history":[{"count":3,"href":"http:\/\/informacio-digital.recursos.uoc.edu\/es\/wp-json\/wp\/v2\/pages\/152\/revisions"}],"predecessor-version":[{"id":155,"href":"http:\/\/informacio-digital.recursos.uoc.edu\/es\/wp-json\/wp\/v2\/pages\/152\/revisions\/155"}],"wp:attachment":[{"href":"http:\/\/informacio-digital.recursos.uoc.edu\/es\/wp-json\/wp\/v2\/media?parent=152"}],"curies":[{"name":"wp","href":"https:\/\/api.w.org\/{rel}","templated":true}]}}