{"id":156,"date":"2018-06-20T15:32:32","date_gmt":"2018-06-20T13:32:32","guid":{"rendered":"http:\/\/informacio-digital.recursos.uoc.edu\/?page_id=156"},"modified":"2018-07-02T10:43:52","modified_gmt":"2018-07-02T08:43:52","slug":"4-3-herramientas","status":"publish","type":"page","link":"http:\/\/informacio-digital.recursos.uoc.edu\/es\/4-3-herramientas\/","title":{"rendered":"4.3. Herramientas"},"content":{"rendered":"<p>A continuaci\u00f3n se indican algunas herramientas de etiquetado que permiten tener organizados los archivos y carpetas para, posteriormente, realizar b\u00fasquedas de forma r\u00e1pida y sencilla:<\/p>\n<table>\n<tbody>\n<tr>\n<th scope=\"col\" width=\"20%\">Nombre<\/th>\n<th style=\"text-align: center;\" scope=\"col\" width=\"15%\">Icono<\/th>\n<th scope=\"col\" width=\"65%\">Descripci\u00f3n<\/th>\n<\/tr>\n<tr>\n<td><a href=\"https:\/\/tagstoo.sourceforge.io\/\" target=\"_blank\" rel=\"noopener\"><strong>Tagstoo<\/strong><\/a><\/td>\n<td><img loading=\"lazy\" class=\"aligncenter wp-image-48\" src=\"\/wp-content\/uploads\/2018\/06\/80502_028.jpg\" alt=\"\" width=\"60\" height=\"60\" \/><\/td>\n<td>Se trata de una aplicaci\u00f3n gratuita que permite organizar las carpetas y archivos con etiquetas personalizadas (de diferentes formas y colores), ofreciendo la posibilidad de exportar toda la informaci\u00f3n de etiquetado si se tienen que migrar los archivos y carpetas a otro ordenador. Su interfaz es muy intuitiva y bastante similar al explorador de archivos de Windows, lo cual permite tener organizados los archivos y las carpetas, y, posteriormente, realizar b\u00fasquedas de forma r\u00e1pida y sencilla. No requiere de instalaci\u00f3n: en Windows o Linux simplemente habr\u00e1 que ejecutar un archivo, y en MacOS descomprimir los archivos del programa en el directorio que se desee.<\/p>\n<p>Se puede obtener m\u00e1s informaci\u00f3n sobre el uso de Tagstoo en: <a href=\"https:\/\/tagstoo.sourceforge.io\/help_es.html\" target=\"_blank\" rel=\"noopener\">https:\/\/tagstoo.sourceforge.io\/help_es.html<\/a><\/td>\n<\/tr>\n<tr>\n<td><a href=\"https:\/\/www.tagspaces.org\/\" target=\"_blank\" rel=\"noopener\"><strong>TagSpaces<\/strong><\/a><\/td>\n<td><img loading=\"lazy\" class=\"aligncenter wp-image-49 size-full\" src=\"\/wp-content\/uploads\/2018\/06\/80502_029.jpg\" alt=\"\" width=\"100\" height=\"30\" \/><\/td>\n<td>Es una aplicaci\u00f3n multiplataforma (Windows, MacOS, Linux y Android) gratuita que permite gestionar y organizar archivos locales mediante etiquetas. Dispone de una versi\u00f3n Pro, de pago, con funciones avanzadas, como Geo tagging.<\/p>\n<p>Se puede obtener m\u00e1s informaci\u00f3n sobre el uso de TagSpaces en: <a href=\"https:\/\/docs.tagspaces.org\/\" target=\"_blank\" rel=\"noopener\">https:\/\/docs.tagspaces.org\/<\/a><\/td>\n<\/tr>\n<\/tbody>\n<\/table>\n<p>&nbsp;<\/p>\n","protected":false},"excerpt":{"rendered":"<p>A continuaci\u00f3n se indican algunas herramientas de etiquetado que permiten tener organizados los archivos y carpetas para, posteriormente, realizar b\u00fasquedas de forma r\u00e1pida y sencilla: Nombre Icono Descripci\u00f3n Tagstoo Se trata de una aplicaci\u00f3n gratuita que permite organizar las carpetas y archivos con etiquetas personalizadas (de diferentes formas y colores), ofreciendo la posibilidad de exportar [&hellip;]<\/p>\n","protected":false},"author":1,"featured_media":0,"parent":0,"menu_order":0,"comment_status":"closed","ping_status":"closed","template":"","meta":[],"_links":{"self":[{"href":"http:\/\/informacio-digital.recursos.uoc.edu\/es\/wp-json\/wp\/v2\/pages\/156"}],"collection":[{"href":"http:\/\/informacio-digital.recursos.uoc.edu\/es\/wp-json\/wp\/v2\/pages"}],"about":[{"href":"http:\/\/informacio-digital.recursos.uoc.edu\/es\/wp-json\/wp\/v2\/types\/page"}],"author":[{"embeddable":true,"href":"http:\/\/informacio-digital.recursos.uoc.edu\/es\/wp-json\/wp\/v2\/users\/1"}],"replies":[{"embeddable":true,"href":"http:\/\/informacio-digital.recursos.uoc.edu\/es\/wp-json\/wp\/v2\/comments?post=156"}],"version-history":[{"count":6,"href":"http:\/\/informacio-digital.recursos.uoc.edu\/es\/wp-json\/wp\/v2\/pages\/156\/revisions"}],"predecessor-version":[{"id":529,"href":"http:\/\/informacio-digital.recursos.uoc.edu\/es\/wp-json\/wp\/v2\/pages\/156\/revisions\/529"}],"wp:attachment":[{"href":"http:\/\/informacio-digital.recursos.uoc.edu\/es\/wp-json\/wp\/v2\/media?parent=156"}],"curies":[{"name":"wp","href":"https:\/\/api.w.org\/{rel}","templated":true}]}}