{"id":159,"date":"2018-06-20T15:34:56","date_gmt":"2018-06-20T13:34:56","guid":{"rendered":"http:\/\/informacio-digital.recursos.uoc.edu\/?page_id=159"},"modified":"2018-07-02T10:44:53","modified_gmt":"2018-07-02T08:44:53","slug":"5-1-introduccion","status":"publish","type":"page","link":"http:\/\/informacio-digital.recursos.uoc.edu\/es\/5-1-introduccion\/","title":{"rendered":"5.1. Introducci\u00f3n"},"content":{"rendered":"<p>Las aplicaciones de notas permiten gestionar \u00e1gilmente la informaci\u00f3n.<\/p>\n<figure id=\"attachment_50\" aria-describedby=\"caption-attachment-50\" style=\"width: 150px\" class=\"wp-caption alignnone\"><img loading=\"lazy\" class=\"wp-image-50 size-thumbnail\" src=\"\/wp-content\/uploads\/2018\/06\/80502_030-150x150.jpg\" alt=\"\" width=\"150\" height=\"150\" srcset=\"\/wp-content\/uploads\/2018\/06\/80502_030-150x150.jpg 150w, \/wp-content\/uploads\/2018\/06\/80502_030.jpg 300w\" sizes=\"(max-width: 150px) 100vw, 150px\" \/><figcaption id=\"caption-attachment-50\" class=\"wp-caption-text\">Fuente: Designed by macrovector \/ <a href=\"https:\/\/www.freepik.com\" target=\"_blank\" rel=\"noopener\">Freepik<\/a><\/figcaption><\/figure>\n<div class=\"featured featured-blue\"><p>Las <strong>aplicaciones para crear y archivar notas<\/strong>, tanto en dispositivos m\u00f3viles como en equipos de sobremesa, son herramientas que permiten mejorar la productividad y gestionar r\u00e1pida y f\u00e1cilmente la informaci\u00f3n; se puede acceder a ella en cualquier momento y desde cualquier lugar.<\/p>\n<\/div>\n<p>Estas aplicaciones permiten recopilar, organizar y posteriormente buscar con facilidad cualquier informaci\u00f3n almacenada de car\u00e1cter personal, profesional o que hayas encontrado en webs, redes sociales, correos electr\u00f3nicos, etc., mediante la creaci\u00f3n de notas, en las que se podr\u00e1n incluir textos, im\u00e1genes, capturas de pantalla, <em>links<\/em> o incluso grabaciones de voz y archivos de audio. Este tipo de herramientas podr\u00eda considerarse, por tanto, como una soluci\u00f3n integral para la gesti\u00f3n de informaci\u00f3n. Entre las numerosas aplicaciones existentes para tomar y gestionar notas destaca <strong>Evernote<\/strong>, por ser una de las m\u00e1s completas.<\/p>\n","protected":false},"excerpt":{"rendered":"<p>Las aplicaciones de notas permiten gestionar \u00e1gilmente la informaci\u00f3n. Estas aplicaciones permiten recopilar, organizar y posteriormente buscar con facilidad cualquier informaci\u00f3n almacenada de car\u00e1cter personal, profesional o que hayas encontrado en webs, redes sociales, correos electr\u00f3nicos, etc., mediante la creaci\u00f3n de notas, en las que se podr\u00e1n incluir textos, im\u00e1genes, capturas de pantalla, links o [&hellip;]<\/p>\n","protected":false},"author":1,"featured_media":0,"parent":0,"menu_order":0,"comment_status":"closed","ping_status":"closed","template":"","meta":[],"_links":{"self":[{"href":"http:\/\/informacio-digital.recursos.uoc.edu\/es\/wp-json\/wp\/v2\/pages\/159"}],"collection":[{"href":"http:\/\/informacio-digital.recursos.uoc.edu\/es\/wp-json\/wp\/v2\/pages"}],"about":[{"href":"http:\/\/informacio-digital.recursos.uoc.edu\/es\/wp-json\/wp\/v2\/types\/page"}],"author":[{"embeddable":true,"href":"http:\/\/informacio-digital.recursos.uoc.edu\/es\/wp-json\/wp\/v2\/users\/1"}],"replies":[{"embeddable":true,"href":"http:\/\/informacio-digital.recursos.uoc.edu\/es\/wp-json\/wp\/v2\/comments?post=159"}],"version-history":[{"count":4,"href":"http:\/\/informacio-digital.recursos.uoc.edu\/es\/wp-json\/wp\/v2\/pages\/159\/revisions"}],"predecessor-version":[{"id":531,"href":"http:\/\/informacio-digital.recursos.uoc.edu\/es\/wp-json\/wp\/v2\/pages\/159\/revisions\/531"}],"wp:attachment":[{"href":"http:\/\/informacio-digital.recursos.uoc.edu\/es\/wp-json\/wp\/v2\/media?parent=159"}],"curies":[{"name":"wp","href":"https:\/\/api.w.org\/{rel}","templated":true}]}}