{"id":162,"date":"2018-06-20T15:36:14","date_gmt":"2018-06-20T13:36:14","guid":{"rendered":"http:\/\/informacio-digital.recursos.uoc.edu\/?page_id=162"},"modified":"2018-06-20T15:36:14","modified_gmt":"2018-06-20T13:36:14","slug":"5-2-recomendaciones","status":"publish","type":"page","link":"http:\/\/informacio-digital.recursos.uoc.edu\/es\/5-2-recomendaciones\/","title":{"rendered":"5.2. Recomendaciones"},"content":{"rendered":"<p>Las posibilidades que ofrecen las aplicaciones de notas a la hora de gestionar la informaci\u00f3n son innumerables; se adaptan perfectamente a todo tipo de usuarios y a sus diversas necesidades. Sin embargo, es necesario tener en cuenta una serie de recomendaciones para sacar el m\u00e1ximo partido a este tipo de herramientas.<\/p>\n<p><strong>Clasificaci\u00f3n en libretas<\/strong>. Una buena organizaci\u00f3n de las notas ayudar\u00e1 a localizar con mucha m\u00e1s facilidad un determinado dato guardado previamente. Para ello, las aplicaciones de notas permiten la creaci\u00f3n de libretas y sublibretas (semejantes a las carpetas y subcarpetas de un disco duro) para organizar la informaci\u00f3n por temas o criterios, y en diferentes niveles. Se debe utilizar adecuadamente esta funci\u00f3n, haciendo uso de tantas libretas y sublibretas como se necesiten, ya que la mayor\u00eda de las aplicaciones de notas no limita esta funci\u00f3n.<\/p>\n<p><strong>Etiquetado de notas<\/strong>. Es muy recomendable utilizar etiquetas para clasificar las notas por palabras clave, temas, tipo de documento adjunto, etc. Esto permite encontrar una determinada informaci\u00f3n con mayor facilidad y m\u00e1s r\u00e1pidamente.<\/p>\n<p><strong>Informaci\u00f3n textual en im\u00e1genes<\/strong>. Como se ha visto, la clasificaci\u00f3n en libretas o el etiquetado facilitan enormemente la b\u00fasqueda de informaci\u00f3n. Sin embargo, el potente buscador que suelen incorporar estas aplicaciones tambi\u00e9n permite localizar texto contenido en las notas y en los documentos adjuntos, incluso si se trata de im\u00e1genes. Esta funci\u00f3n ser\u00e1 especialmente \u00fatil si se desea encontrar una palabra en documentos escaneados, anotaciones manuscritas o en fotograf\u00edas que se hayan incluido en las notas.<\/p>\n<p><strong>Captura de texto en webs<\/strong>. Una funcionalidad interesante de las aplicaciones de notas son las extensiones o <em>plugins<\/em> para navegadores, que permiten a\u00f1adir caracter\u00edsticas adicionales. Entre ellos, uno que puede resultar realmente \u00fatil es el que permite realizar capturas de texto de una p\u00e1gina web o de un correo electr\u00f3nico y guardarlo directamente en una nota; luego puede ser le\u00eddo <em>offline<\/em> en cualquier momento. Tambi\u00e9n es posible capturar y almacenar diferentes enlaces web que vayamos encontrando al navegar por la Red.<\/p>\n<p><strong>Grabaciones de audio y v\u00eddeo<\/strong>. Esta funci\u00f3n de las aplicaciones de notas permite grabar en audio o v\u00eddeo una explicaci\u00f3n, una informaci\u00f3n o incluso una conferencia, y guardarla en una nota, lo que resulta especialmente \u00fatil en un entorno acad\u00e9mico.<\/p>\n<p><strong>Libretas compartidas y colaboraci\u00f3n en red<\/strong>. Las aplicaciones de notas permiten compartir p\u00fablicamente cualquier libreta de una cuenta o crear notas y libretas de uso compartido, lo que las hace muy adecuadas para trabajos en grupo en el que los integrantes deban colaborar en l\u00ednea (a\u00f1adiendo comentarios, contenido y archivos a la libreta com\u00fan), o cuando se desee transmitir informaci\u00f3n a un determinado grupo de usuarios. Este tipo de herramientas tambi\u00e9n suele tener integrada una funci\u00f3n de <em>chat<\/em>, para facilitar a\u00fan m\u00e1s la comunicaci\u00f3n entre usuarios.<\/p>\n<p><strong>Recordatorios y planificaci\u00f3n<\/strong>. No se debe olvidar que una aplicaci\u00f3n de notas puede ser una excelente herramienta de planificaci\u00f3n gracias a la funci\u00f3n de incluir recordatorios en las notas, mediante los cuales se recibir\u00e1 un aviso el d\u00eda y la hora marcados. Los recordatorios permanecer\u00e1n visibles cuando se accede a la aplicaci\u00f3n y se eliminar\u00e1n una vez que la tarea se haya completado o haya vencido el plazo.<\/p>\n<div class=\"featured featured-grey\"><p>De esta manera, se podr\u00eda, por ejemplo, gestionar c\u00f3modamente la entrega de pr\u00e1cticas en la UOC, creando una libreta denominada \u00abPEC pendientes\u00bb y una nota para cada una de esas PEC que incluyese un recordatorio con la fecha de entrega.<\/p>\n<\/div>\n","protected":false},"excerpt":{"rendered":"<p>Las posibilidades que ofrecen las aplicaciones de notas a la hora de gestionar la informaci\u00f3n son innumerables; se adaptan perfectamente a todo tipo de usuarios y a sus diversas necesidades. Sin embargo, es necesario tener en cuenta una serie de recomendaciones para sacar el m\u00e1ximo partido a este tipo de herramientas. Clasificaci\u00f3n en libretas. Una [&hellip;]<\/p>\n","protected":false},"author":1,"featured_media":0,"parent":0,"menu_order":0,"comment_status":"closed","ping_status":"closed","template":"","meta":[],"_links":{"self":[{"href":"http:\/\/informacio-digital.recursos.uoc.edu\/es\/wp-json\/wp\/v2\/pages\/162"}],"collection":[{"href":"http:\/\/informacio-digital.recursos.uoc.edu\/es\/wp-json\/wp\/v2\/pages"}],"about":[{"href":"http:\/\/informacio-digital.recursos.uoc.edu\/es\/wp-json\/wp\/v2\/types\/page"}],"author":[{"embeddable":true,"href":"http:\/\/informacio-digital.recursos.uoc.edu\/es\/wp-json\/wp\/v2\/users\/1"}],"replies":[{"embeddable":true,"href":"http:\/\/informacio-digital.recursos.uoc.edu\/es\/wp-json\/wp\/v2\/comments?post=162"}],"version-history":[{"count":1,"href":"http:\/\/informacio-digital.recursos.uoc.edu\/es\/wp-json\/wp\/v2\/pages\/162\/revisions"}],"predecessor-version":[{"id":163,"href":"http:\/\/informacio-digital.recursos.uoc.edu\/es\/wp-json\/wp\/v2\/pages\/162\/revisions\/163"}],"wp:attachment":[{"href":"http:\/\/informacio-digital.recursos.uoc.edu\/es\/wp-json\/wp\/v2\/media?parent=162"}],"curies":[{"name":"wp","href":"https:\/\/api.w.org\/{rel}","templated":true}]}}