{"id":164,"date":"2018-06-20T15:40:12","date_gmt":"2018-06-20T13:40:12","guid":{"rendered":"http:\/\/informacio-digital.recursos.uoc.edu\/?page_id=164"},"modified":"2018-06-21T09:41:00","modified_gmt":"2018-06-21T07:41:00","slug":"5-3-herramientas","status":"publish","type":"page","link":"http:\/\/informacio-digital.recursos.uoc.edu\/es\/5-3-herramientas\/","title":{"rendered":"5.3. Herramientas"},"content":{"rendered":"<div class='content-column two_third'><h3><a href=\"https:\/\/evernote.com\/intl\/es\" target=\"_blank\" rel=\"noopener\">Evernote<\/a><\/h3>\n<p>Se trata de una herramienta cuyo objetivo es facilitar la organizaci\u00f3n de informaci\u00f3n personal mediante el archivo de notas r\u00e1pidas, creadas a partir de diferentes elementos (textos, im\u00e1genes, fotos, capturas de pantalla, audios, enlaces a p\u00e1ginas web) o incluso escaneando textos con la c\u00e1mara del tel\u00e9fono.<\/p>\n<p>Permite, asimismo, activar recordatorios para las notas, clasificarlas en carpetas y realizar b\u00fasquedas sobre la informaci\u00f3n en ellas almacenada.<\/p><\/div>\n<div class='content-column one_third last_column'><h3><img loading=\"lazy\" class=\"aligncenter wp-image-51 size-thumbnail\" src=\"\/wp-content\/uploads\/2018\/06\/80502_031-150x114.jpg\" alt=\"\" width=\"150\" height=\"114\" \/><\/h3><\/div><div class='clear_column'><\/div>\n<p><strong>Evernote<\/strong> se encuentra disponible tanto para plataformas m\u00f3viles (iOS, Android, Windows Phone y BlackBerry) como en versiones de escritorio para Windows (compatible con pantallas t\u00e1ctiles y con reconocimiento de escritura) y Mac, adem\u00e1s de disponer de una versi\u00f3n web.<\/p>\n<p>La versi\u00f3n gratuita de la aplicaci\u00f3n (<strong>Evernote Basic<\/strong>) permite su sincronizaci\u00f3n en dos dispositivos, una carga mensual de hasta 60 MB y un tama\u00f1o m\u00e1ximo de notas de 25 MB.<\/p>\n<p>Cuenta tambi\u00e9n con versiones de pago (<strong>Evernote Plus<\/strong> \/ <strong>Evernote Premium<\/strong>), con numerosas funciones y con paquetes para empresas, donde se potencia el uso compartido tanto de libros de notas como de documentaci\u00f3n corporativa.<\/p>\n<figure style=\"width: 762px\" class=\"wp-caption aligncenter\"><img loading=\"lazy\" class=\"alignnone size-full wp-image-52\" src=\"\/wp-content\/uploads\/2018\/06\/80502_032.jpg\" alt=\"\" width=\"762\" height=\"415\" srcset=\"\/wp-content\/uploads\/2018\/06\/80502_032.jpg 762w, \/wp-content\/uploads\/2018\/06\/80502_032-300x163.jpg 300w\" sizes=\"(max-width: 762px) 100vw, 762px\" \/><figcaption class=\"wp-caption-text\">Figura 9. Interfaz de la aplicaci\u00f3n Evernote<\/figcaption><\/figure>\n<p>Se puede obtener m\u00e1s informaci\u00f3n sobre el uso de Evernote en: <a href=\"https:\/\/help.evernote.com\/hc\/es\" target=\"_blank\" rel=\"noopener\">https:\/\/help.evernote.com\/hc\/es<\/a><\/p>\n","protected":false},"excerpt":{"rendered":"<p>Evernote se encuentra disponible tanto para plataformas m\u00f3viles (iOS, Android, Windows Phone y BlackBerry) como en versiones de escritorio para Windows (compatible con pantallas t\u00e1ctiles y con reconocimiento de escritura) y Mac, adem\u00e1s de disponer de una versi\u00f3n web. La versi\u00f3n gratuita de la aplicaci\u00f3n (Evernote Basic) permite su sincronizaci\u00f3n en dos dispositivos, una carga [&hellip;]<\/p>\n","protected":false},"author":1,"featured_media":0,"parent":0,"menu_order":0,"comment_status":"closed","ping_status":"closed","template":"","meta":[],"_links":{"self":[{"href":"http:\/\/informacio-digital.recursos.uoc.edu\/es\/wp-json\/wp\/v2\/pages\/164"}],"collection":[{"href":"http:\/\/informacio-digital.recursos.uoc.edu\/es\/wp-json\/wp\/v2\/pages"}],"about":[{"href":"http:\/\/informacio-digital.recursos.uoc.edu\/es\/wp-json\/wp\/v2\/types\/page"}],"author":[{"embeddable":true,"href":"http:\/\/informacio-digital.recursos.uoc.edu\/es\/wp-json\/wp\/v2\/users\/1"}],"replies":[{"embeddable":true,"href":"http:\/\/informacio-digital.recursos.uoc.edu\/es\/wp-json\/wp\/v2\/comments?post=164"}],"version-history":[{"count":3,"href":"http:\/\/informacio-digital.recursos.uoc.edu\/es\/wp-json\/wp\/v2\/pages\/164\/revisions"}],"predecessor-version":[{"id":324,"href":"http:\/\/informacio-digital.recursos.uoc.edu\/es\/wp-json\/wp\/v2\/pages\/164\/revisions\/324"}],"wp:attachment":[{"href":"http:\/\/informacio-digital.recursos.uoc.edu\/es\/wp-json\/wp\/v2\/media?parent=164"}],"curies":[{"name":"wp","href":"https:\/\/api.w.org\/{rel}","templated":true}]}}