{"id":170,"date":"2018-06-20T15:44:10","date_gmt":"2018-06-20T13:44:10","guid":{"rendered":"http:\/\/informacio-digital.recursos.uoc.edu\/?page_id=170"},"modified":"2018-06-20T15:44:10","modified_gmt":"2018-06-20T13:44:10","slug":"6-2-recomendaciones","status":"publish","type":"page","link":"http:\/\/informacio-digital.recursos.uoc.edu\/es\/6-2-recomendaciones\/","title":{"rendered":"6.2. Recomendaciones"},"content":{"rendered":"<p>Los escritorios virtuales constituyen una potente herramienta para gestionar y organizar la informaci\u00f3n procedente de diferentes fuentes, como p\u00e1ginas web, redes sociales, blogs o cuentas de correo electr\u00f3nico. Sin embargo, aunque se trata de aplicaciones bastante intuitivas y sencillas de utilizar, conviene tener en cuenta algunas recomendaciones para aprovechar todo su potencial.<\/p>\n<p><strong>Organizaci\u00f3n con pesta\u00f1as y m\u00f3dulos<\/strong>. Es aconsejable hacer un uso adecuado de las pesta\u00f1as y m\u00f3dulos de un escritorio virtual para organizar visualmente la informaci\u00f3n.<\/p>\n<p>Cada pesta\u00f1a (o <em>tab<\/em>) de un escritorio dar\u00e1 acceso a una colecci\u00f3n (o <em>webmix<\/em>) diferente, que deber\u00e1 responder a un criterio coherente (tema, idioma de los recursos, etc.). Se puede cambiar el orden de las pesta\u00f1as simplemente haciendo clic en la pesta\u00f1a que se quiere mover, arrastr\u00e1ndola hacia la derecha o hacia la izquierda hasta el lugar deseado. La mayor\u00eda de las aplicaciones tambi\u00e9n permiten a\u00f1adir un icono a cada pesta\u00f1a, para diferenciarlas, algo que resulta muy \u00fatil.<\/p>\n<p>Por otra parte, cada pesta\u00f1a permite acceder a una colecci\u00f3n (o <em>webmix<\/em>) de recursos compuesta por diversos m\u00f3dulos (o <em>widgets<\/em>), que mostrar\u00e1n los diferentes contenidos recopilados. Adem\u00e1s de que todos los <em>widgets<\/em> de una <em>webmix<\/em> respondan a un tema o criterio com\u00fan, tambi\u00e9n es recomendable que la ordenaci\u00f3n de estos m\u00f3dulos sea coherente. Para ello, debe tenerse en cuenta que mover un <em>widget<\/em> es tan sencillo como clicar sobre \u00e9l y arrastrarlo hasta la posici\u00f3n deseada.<\/p>\n<p>Por \u00faltimo, si ya se han creado demasiadas pesta\u00f1as en un escritorio, si se desea trabajar con temas muy diferentes, o si varios usuarios van a compartir una misma cuenta, es recomendable crear un nuevo escritorio dentro de la misma cuenta.<\/p>\n<p><strong>Escritorios compartidos<\/strong>. Las aplicaciones de escritorios virtuales, adem\u00e1s de permitir crear <em>webmixes<\/em> con enlaces a contenidos digitales para uso personal, ofrecen tambi\u00e9n la oportunidad de compartir p\u00fablicamente esta colecci\u00f3n de enlaces de forma integrada. En principio, todos los escritorios que se creen ser\u00e1n privados hasta que se decida compartirlos. En este sentido, es importante tener en cuenta que este tipo de herramientas permite configurar una parte p\u00fablica y una parte privada, por lo que no ser\u00e1 obligatorio hacer p\u00fablicos la totalidad de los contenidos, sino simplemente aquellas <em>webmixes<\/em> y m\u00f3dulos que se considere oportuno. Es necesario recordar, eso s\u00ed, que durante el proceso de publicaci\u00f3n se deber\u00e1 incluir adecuadamente una serie de etiquetas (con palabras clave referentes al contenido), as\u00ed como una breve descripci\u00f3n de la colecci\u00f3n. La forma de compartir una <em>webmix<\/em> puede ser, o bien a trav\u00e9s de un <em>link<\/em> que se facilita a los contactos, o bien a trav\u00e9s de las redes sociales (Twitter y Facebook poseen una funci\u00f3n para ello).<\/p>\n<p>No hay que olvidar tampoco que, de la misma manera que se publica una <em>webmix<\/em>, tambi\u00e9n se podr\u00e1n encontrar y almacenar en la aplicaci\u00f3n colecciones realizadas por otros usuarios que puedan resultar interesantes.<\/p>\n<p><strong>Actualizaci\u00f3n a trav\u00e9s de RSS<\/strong>. Una de las principales caracter\u00edsticas de un escritorio virtual es la actualizaci\u00f3n autom\u00e1tica de sus contenidos mediante RSS (<em>Really Simple Syndication<\/em> o Sindicaci\u00f3n Realmente Simple), un formato utilizado para distribuir informaci\u00f3n que se actualiza con frecuencia a usuarios suscritos a dicha fuente de contenidos. Esto permite hacer el seguimiento simult\u00e1neo, con actualizaciones autom\u00e1ticas, de diferentes webs de noticias, redes sociales o <em>blogs<\/em>, gestionando eficazmente gran cantidad de informaci\u00f3n.<\/p>\n<p>Debe tenerse en cuenta que, para a\u00f1adir una fuente RSS es necesario introducir su direcci\u00f3n en la aplicaci\u00f3n del escritorio virtual; en algunos casos se deber\u00e1 introducir exactamente la URL de la fuente, mientras que en otros ser\u00e1 necesario simplemente proporcionar la URL de la publicaci\u00f3n.<\/p>\n<p>Si en uno de los <em>widgets<\/em> se desea incluir una web que no tenga activado RSS, se puede crear la fuente RSS f\u00e1cilmente mediante alguno de los numerosos sitios web que ofrecen este servicio (e. g. <a href=\"http:\/\/createfeed.fivefilters.org\/\" target=\"_blank\" rel=\"noopener\">http:\/\/createfeed.fivefilters.org\/<\/a> o <a href=\"https:\/\/feedity.com\/\" target=\"_blank\" rel=\"noopener\">https:\/\/feedity.com\/<\/a>).<\/p>\n<p>Por \u00faltimo, es aconsejable revisar con frecuencia las fuentes RSS que se hayan incluido en una <em>webmix<\/em> compartida p\u00fablicamente, ya que es frecuente que dichos enlaces se rompan o queden desactualizados, lo que provocar\u00e1 que la colecci\u00f3n p\u00fablica no ofrezca el mejor aspecto ni funcionalidad.<\/p>\n","protected":false},"excerpt":{"rendered":"<p>Los escritorios virtuales constituyen una potente herramienta para gestionar y organizar la informaci\u00f3n procedente de diferentes fuentes, como p\u00e1ginas web, redes sociales, blogs o cuentas de correo electr\u00f3nico. Sin embargo, aunque se trata de aplicaciones bastante intuitivas y sencillas de utilizar, conviene tener en cuenta algunas recomendaciones para aprovechar todo su potencial. Organizaci\u00f3n con pesta\u00f1as [&hellip;]<\/p>\n","protected":false},"author":1,"featured_media":0,"parent":0,"menu_order":0,"comment_status":"closed","ping_status":"closed","template":"","meta":[],"_links":{"self":[{"href":"http:\/\/informacio-digital.recursos.uoc.edu\/es\/wp-json\/wp\/v2\/pages\/170"}],"collection":[{"href":"http:\/\/informacio-digital.recursos.uoc.edu\/es\/wp-json\/wp\/v2\/pages"}],"about":[{"href":"http:\/\/informacio-digital.recursos.uoc.edu\/es\/wp-json\/wp\/v2\/types\/page"}],"author":[{"embeddable":true,"href":"http:\/\/informacio-digital.recursos.uoc.edu\/es\/wp-json\/wp\/v2\/users\/1"}],"replies":[{"embeddable":true,"href":"http:\/\/informacio-digital.recursos.uoc.edu\/es\/wp-json\/wp\/v2\/comments?post=170"}],"version-history":[{"count":1,"href":"http:\/\/informacio-digital.recursos.uoc.edu\/es\/wp-json\/wp\/v2\/pages\/170\/revisions"}],"predecessor-version":[{"id":171,"href":"http:\/\/informacio-digital.recursos.uoc.edu\/es\/wp-json\/wp\/v2\/pages\/170\/revisions\/171"}],"wp:attachment":[{"href":"http:\/\/informacio-digital.recursos.uoc.edu\/es\/wp-json\/wp\/v2\/media?parent=170"}],"curies":[{"name":"wp","href":"https:\/\/api.w.org\/{rel}","templated":true}]}}