{"id":172,"date":"2018-06-20T15:49:25","date_gmt":"2018-06-20T13:49:25","guid":{"rendered":"http:\/\/informacio-digital.recursos.uoc.edu\/?page_id=172"},"modified":"2018-07-02T10:44:14","modified_gmt":"2018-07-02T08:44:14","slug":"6-3-herramientas","status":"publish","type":"page","link":"http:\/\/informacio-digital.recursos.uoc.edu\/es\/6-3-herramientas\/","title":{"rendered":"6.3. Herramientas"},"content":{"rendered":"<table>\n<tbody>\n<tr>\n<th scope=\"col\" width=\"20%\">Nombre<\/th>\n<th style=\"text-align: center;\" scope=\"col\" width=\"15%\"><strong>Icono<\/strong><\/th>\n<th scope=\"col\" width=\"65%\"><strong>Descripci\u00f3n<\/strong><\/th>\n<\/tr>\n<tr>\n<td><strong><a href=\"http:\/\/www.netvibes.com\" target=\"_blank\" rel=\"noopener\">Netvibes<\/a><\/strong><\/td>\n<td><img loading=\"lazy\" class=\"size-full wp-image-55 aligncenter\" src=\"\/wp-content\/uploads\/2018\/06\/80502_035.jpg\" alt=\"\" width=\"100\" height=\"25\" \/><\/td>\n<td>Se trata de una aplicaci\u00f3n de escritorio virtual organizado en pesta\u00f1as, que integran diferentes m\u00f3dulos desplazables que act\u00faan como peque\u00f1as ventanas, mostrando contenidos generados por otros servicios web.<\/p>\n<p><strong>Netvibes<\/strong> se encuentra disponible para dispositivos m\u00f3viles iOS, en versiones de escritorio para Windows y Mac, y en versi\u00f3n web.<\/p>\n<p>La versi\u00f3n gratuita de la aplicaci\u00f3n (<strong>Netvibes Basic<\/strong>) permite total personalizaci\u00f3n, <em>apps<\/em> ilimitadas controladas autom\u00e1ticamente y lectura de art\u00edculos y social media. Cuenta tambi\u00e9n con versiones de pago (<strong>Netvibes VIP<\/strong> \/ <strong>Evernote Premium<\/strong>), con m\u00faltiples funciones a\u00f1adidas, como b\u00fasqueda avanzada, anal\u00edticas o soporte por parte del proveedor del servicio.<\/p>\n<p>Se puede obtener m\u00e1s informaci\u00f3n sobre el uso de Netvibes en: <a href=\"http:\/\/documentation.netvibes.com\/\" target=\"_blank\" rel=\"noopener\">http:\/\/documentation.netvibes.com\/<\/a><\/td>\n<\/tr>\n<tr>\n<td><a href=\"https:\/\/symbalooedu.es\/\" target=\"_blank\" rel=\"noopener\"><strong>Symbaloo<\/strong><\/a><\/td>\n<td><img loading=\"lazy\" class=\"size-full wp-image-56 aligncenter\" src=\"\/wp-content\/uploads\/2018\/06\/80502_036.jpg\" alt=\"\" width=\"100\" height=\"67\" \/><\/td>\n<td><a href=\"javascript:void(0);\" class=\"tooltip\" data-toggle=\"popover\" data-placement=\"bottom\" data-content=\"Cuyo nombre deriva de un vocablo griego que significa <em>recopilar<\/em>, <em>reunir<\/em>.\" data-placement=\"top\" data-html=\"true\" ><strong>Symbaloo<\/strong><\/a> es una aplicaci\u00f3n de escritorio virtual que funciona como un navegador; permite organizar contenidos web y acceder a ellos desde cualquier dispositivo conectado a Internet. Gracias a un acuerdo con el Ministerio de Educaci\u00f3n, Cultura y Deporte (MECD), cualquier centro educativo p\u00fablico espa\u00f1ol puede disfrutar gratuitamente de una cuenta Symbaloo PRO durante el periodo 2016-2019.<\/p>\n<p>Symbaloo se encuentra disponible tanto para plataformas m\u00f3viles (iOS, Android, Windows Phone), como en versiones de escritorio para Windows y Mac, adem\u00e1s de disponer de una versi\u00f3n web.<\/p>\n<p>La versi\u00f3n gratuita de la aplicaci\u00f3n presenta algunas diferencias en relaci\u00f3n con las versiones de pago, como carecer de un panel de control o la limitaci\u00f3n de compartir las <em>webmixes<\/em> de uno en uno, en lugar de todas a la vez. Las versiones de pago (<strong>PRO<\/strong> y <strong>PRO+<\/strong>) presentan otras funciones adicionales (direcci\u00f3n URL \u00fanica, posibilidad de a\u00f1adir usuarios y controlar el acceso, Lesson Plans integrados, etc.).<\/p>\n<p>Se puede obtener m\u00e1s informaci\u00f3n sobre el uso de Symbaloo en: <a href=\"https:\/\/view.genial.ly\/577b78a87ee14c15c0416100\/manual-usuario-de-symbaloo\" target=\"_blank\" rel=\"noopener\">https:\/\/view.genial.ly\/577b78a87ee14c15c0416100\/manual-usuario-de-symbaloo<\/a><\/td>\n<\/tr>\n<\/tbody>\n<\/table>\n","protected":false},"excerpt":{"rendered":"<p>Nombre Icono Descripci\u00f3n Netvibes Se trata de una aplicaci\u00f3n de escritorio virtual organizado en pesta\u00f1as, que integran diferentes m\u00f3dulos desplazables que act\u00faan como peque\u00f1as ventanas, mostrando contenidos generados por otros servicios web. Netvibes se encuentra disponible para dispositivos m\u00f3viles iOS, en versiones de escritorio para Windows y Mac, y en versi\u00f3n web. La versi\u00f3n gratuita [&hellip;]<\/p>\n","protected":false},"author":1,"featured_media":0,"parent":0,"menu_order":0,"comment_status":"closed","ping_status":"closed","template":"","meta":[],"_links":{"self":[{"href":"http:\/\/informacio-digital.recursos.uoc.edu\/es\/wp-json\/wp\/v2\/pages\/172"}],"collection":[{"href":"http:\/\/informacio-digital.recursos.uoc.edu\/es\/wp-json\/wp\/v2\/pages"}],"about":[{"href":"http:\/\/informacio-digital.recursos.uoc.edu\/es\/wp-json\/wp\/v2\/types\/page"}],"author":[{"embeddable":true,"href":"http:\/\/informacio-digital.recursos.uoc.edu\/es\/wp-json\/wp\/v2\/users\/1"}],"replies":[{"embeddable":true,"href":"http:\/\/informacio-digital.recursos.uoc.edu\/es\/wp-json\/wp\/v2\/comments?post=172"}],"version-history":[{"count":4,"href":"http:\/\/informacio-digital.recursos.uoc.edu\/es\/wp-json\/wp\/v2\/pages\/172\/revisions"}],"predecessor-version":[{"id":530,"href":"http:\/\/informacio-digital.recursos.uoc.edu\/es\/wp-json\/wp\/v2\/pages\/172\/revisions\/530"}],"wp:attachment":[{"href":"http:\/\/informacio-digital.recursos.uoc.edu\/es\/wp-json\/wp\/v2\/media?parent=172"}],"curies":[{"name":"wp","href":"https:\/\/api.w.org\/{rel}","templated":true}]}}