{"id":175,"date":"2018-06-20T15:52:59","date_gmt":"2018-06-20T13:52:59","guid":{"rendered":"http:\/\/informacio-digital.recursos.uoc.edu\/?page_id=175"},"modified":"2018-07-24T11:39:27","modified_gmt":"2018-07-24T09:39:27","slug":"7-1-introduccion","status":"publish","type":"page","link":"http:\/\/informacio-digital.recursos.uoc.edu\/es\/7-1-introduccion\/","title":{"rendered":"7.1. Introducci\u00f3n"},"content":{"rendered":"<div class='content-column two_third'><p>Cada vez m\u00e1s, la alta calidad de los archivos multimedia nos empuja a buscar alternativas a los canales habituales de transferencia.<\/p><\/div>\n<div class='content-column one_third last_column'><figure id=\"attachment_57\" aria-describedby=\"caption-attachment-57\" style=\"width: 100px\" class=\"wp-caption alignnone\"><img loading=\"lazy\" class=\"wp-image-57\" src=\"\/wp-content\/uploads\/2018\/06\/80502_037-150x150.jpg\" alt=\"\" width=\"100\" height=\"100\" srcset=\"\/wp-content\/uploads\/2018\/06\/80502_037-150x150.jpg 150w, \/wp-content\/uploads\/2018\/06\/80502_037.jpg 300w\" sizes=\"(max-width: 100px) 100vw, 100px\" \/><figcaption id=\"caption-attachment-57\" class=\"wp-caption-text\">Fuente: Designed by macrovector \/ <a href=\"https:\/\/www.freepik.com\" target=\"_blank\" rel=\"noopener\">Freepik<\/a><\/figcaption><\/figure><\/div><div class='clear_column'><\/div>\n<p>En muchas ocasiones, los archivos que manejamos son considerados \u00abdatos pesados\u00bb, cada vez m\u00e1s estos, sobre todo los audiovisuales, tienen una calidad mejor que repercute en el espacio que ocupa en nuestros discos de almacenaje.<\/p>\n<p>Podemos considerar que un archivo es pesado cuando supera los 50 MB, porque ya no podremos enviarlo como un adjunto usando la mayor\u00eda de los proveedores de correo electr\u00f3nico.<\/p>\n<p>Los discos de almacenaje (disco duro, externo, l\u00e1piz de memoria, tarjetas de memoria) cada vez ofrecen m\u00e1s espacio a un menor coste, pero debido al gran volumen de archivos que manejamos siempre debemos tener presente qu\u00e9 espacio tenemos disponible.<\/p>\n<p>El inconveniente m\u00e1s evidente ante archivos de gran volumen aparece en el momento que es necesario un env\u00edo a un destinatario v\u00eda <em>online<\/em>.<\/p>\n<p>Los servicios de correo electr\u00f3nico como Gmail, Outlook, Yahoo permiten en su gran mayor\u00eda adjuntos de hasta 25 MB; si usamos servicios de webmail se reduce a los 10 MB.<\/p>\n<p><img loading=\"lazy\" width=\"762\" height=\"203\" class=\"wp-image-58 size-full\" src=\"\/wp-content\/uploads\/2018\/07\/80502_038.jpg\" alt=\"\" \/><\/p>\n<p>La opci\u00f3n de comprimir que ofrecen aplicaciones como WinRAR o WinZip reducen el peso de los archivos. Al comprimir, tambi\u00e9n es posible unificar varios archivos en uno solo y tratarlo como uno (m\u00e1s c\u00f3modo para adjuntar, descargar y trabajar). Estas aplicaciones permiten encriptar los archivos y a\u00f1adir una contrase\u00f1a, si se precisa de un nivel m\u00e1s de seguridad en el env\u00edo.<\/p>\n<p>Pero el grado de reducci\u00f3n del tama\u00f1o del archivo depender\u00e1 de su contenido. Si se trata de un archivo simple de texto, puede reducir su tama\u00f1o significativamente, mientras que im\u00e1genes o archivos de texto con un formato m\u00e1s complejo apenas reducir\u00e1n su peso al comprimirlos.<\/p>\n<figure style=\"width: 762px\" class=\"wp-caption aligncenter\"><img loading=\"lazy\" class=\"alignnone size-full wp-image-59\" src=\"\/wp-content\/uploads\/2018\/06\/80502_039.jpg\" alt=\"\" width=\"762\" height=\"258\" srcset=\"\/wp-content\/uploads\/2018\/06\/80502_039.jpg 762w, \/wp-content\/uploads\/2018\/06\/80502_039-300x102.jpg 300w\" sizes=\"(max-width: 762px) 100vw, 762px\" \/><figcaption class=\"wp-caption-text\">Figura 12. Compresi\u00f3n poco significativa de una carpeta con im\u00e1genes<\/figcaption><\/figure>\n<h3>Servicio de intercambio de archivos en l\u00ednea<\/h3>\n<p>Otras formas de compartir o enviar archivos pesados es usar <strong>la nube<\/strong> como punto intermedio de almacenaje: se guarda el archivo en un espacio en Internet, de forma temporal o permanente, y el destinatario mediante un enlace puede descargarlo a su disco local. Seg\u00fan la conexi\u00f3n de Internet de la que dispongamos, la velocidad de subida y bajada puede variar.<\/p>\n","protected":false},"excerpt":{"rendered":"<p>En muchas ocasiones, los archivos que manejamos son considerados \u00abdatos pesados\u00bb, cada vez m\u00e1s estos, sobre todo los audiovisuales, tienen una calidad mejor que repercute en el espacio que ocupa en nuestros discos de almacenaje. Podemos considerar que un archivo es pesado cuando supera los 50 MB, porque ya no podremos enviarlo como un adjunto [&hellip;]<\/p>\n","protected":false},"author":1,"featured_media":0,"parent":0,"menu_order":0,"comment_status":"closed","ping_status":"closed","template":"","meta":[],"_links":{"self":[{"href":"http:\/\/informacio-digital.recursos.uoc.edu\/es\/wp-json\/wp\/v2\/pages\/175"}],"collection":[{"href":"http:\/\/informacio-digital.recursos.uoc.edu\/es\/wp-json\/wp\/v2\/pages"}],"about":[{"href":"http:\/\/informacio-digital.recursos.uoc.edu\/es\/wp-json\/wp\/v2\/types\/page"}],"author":[{"embeddable":true,"href":"http:\/\/informacio-digital.recursos.uoc.edu\/es\/wp-json\/wp\/v2\/users\/1"}],"replies":[{"embeddable":true,"href":"http:\/\/informacio-digital.recursos.uoc.edu\/es\/wp-json\/wp\/v2\/comments?post=175"}],"version-history":[{"count":9,"href":"http:\/\/informacio-digital.recursos.uoc.edu\/es\/wp-json\/wp\/v2\/pages\/175\/revisions"}],"predecessor-version":[{"id":596,"href":"http:\/\/informacio-digital.recursos.uoc.edu\/es\/wp-json\/wp\/v2\/pages\/175\/revisions\/596"}],"wp:attachment":[{"href":"http:\/\/informacio-digital.recursos.uoc.edu\/es\/wp-json\/wp\/v2\/media?parent=175"}],"curies":[{"name":"wp","href":"https:\/\/api.w.org\/{rel}","templated":true}]}}