{"id":177,"date":"2018-06-20T15:53:32","date_gmt":"2018-06-20T13:53:32","guid":{"rendered":"http:\/\/informacio-digital.recursos.uoc.edu\/?page_id=177"},"modified":"2018-06-20T15:53:32","modified_gmt":"2018-06-20T13:53:32","slug":"7-2-recomendaciones","status":"publish","type":"page","link":"http:\/\/informacio-digital.recursos.uoc.edu\/es\/7-2-recomendaciones\/","title":{"rendered":"7.2. Recomendaciones"},"content":{"rendered":"<p><strong>Ante archivos pesados, informar<\/strong>. Es conveniente y de cortes\u00eda antes de enviar un archivo de gran tama\u00f1o por correo electr\u00f3nico avisar al destinatario, as\u00ed evitamos que el receptor se encuentre su correo saturado; incluso en ocasiones ha dejado de recibir otros mensajes por falta de espacio en su buz\u00f3n.<\/p>\n<p><strong>Seguridad<\/strong>. Al enviar un archivo con aplicaciones externas o sin registro previo y a trav\u00e9s de correo electr\u00f3nico, es positivo encriptar y establecer una contrase\u00f1a en la medida de lo posible para proteger los archivos enviados manteniendo la privacidad entre emisor y receptor.<\/p>\n<p><strong>Facilitar el trabajo<\/strong>. Cuando el env\u00edo incluye una gran cantidad de ficheros, empaquetar y comprimir a un solo archivo facilita al destinatario la descarga, por ejemplo, en el caso de env\u00edo de fotograf\u00edas.<\/p>\n","protected":false},"excerpt":{"rendered":"<p>Ante archivos pesados, informar. Es conveniente y de cortes\u00eda antes de enviar un archivo de gran tama\u00f1o por correo electr\u00f3nico avisar al destinatario, as\u00ed evitamos que el receptor se encuentre su correo saturado; incluso en ocasiones ha dejado de recibir otros mensajes por falta de espacio en su buz\u00f3n. Seguridad. Al enviar un archivo con [&hellip;]<\/p>\n","protected":false},"author":1,"featured_media":0,"parent":0,"menu_order":0,"comment_status":"closed","ping_status":"closed","template":"","meta":[],"_links":{"self":[{"href":"http:\/\/informacio-digital.recursos.uoc.edu\/es\/wp-json\/wp\/v2\/pages\/177"}],"collection":[{"href":"http:\/\/informacio-digital.recursos.uoc.edu\/es\/wp-json\/wp\/v2\/pages"}],"about":[{"href":"http:\/\/informacio-digital.recursos.uoc.edu\/es\/wp-json\/wp\/v2\/types\/page"}],"author":[{"embeddable":true,"href":"http:\/\/informacio-digital.recursos.uoc.edu\/es\/wp-json\/wp\/v2\/users\/1"}],"replies":[{"embeddable":true,"href":"http:\/\/informacio-digital.recursos.uoc.edu\/es\/wp-json\/wp\/v2\/comments?post=177"}],"version-history":[{"count":1,"href":"http:\/\/informacio-digital.recursos.uoc.edu\/es\/wp-json\/wp\/v2\/pages\/177\/revisions"}],"predecessor-version":[{"id":179,"href":"http:\/\/informacio-digital.recursos.uoc.edu\/es\/wp-json\/wp\/v2\/pages\/177\/revisions\/179"}],"wp:attachment":[{"href":"http:\/\/informacio-digital.recursos.uoc.edu\/es\/wp-json\/wp\/v2\/media?parent=177"}],"curies":[{"name":"wp","href":"https:\/\/api.w.org\/{rel}","templated":true}]}}