{"id":180,"date":"2018-06-20T16:03:45","date_gmt":"2018-06-20T14:03:45","guid":{"rendered":"http:\/\/informacio-digital.recursos.uoc.edu\/?page_id=180"},"modified":"2019-12-27T14:33:06","modified_gmt":"2019-12-27T12:33:06","slug":"7-3-herramientas","status":"publish","type":"page","link":"http:\/\/informacio-digital.recursos.uoc.edu\/es\/7-3-herramientas\/","title":{"rendered":"7.3. Herramientas"},"content":{"rendered":"<h3>Aplicaciones para comprimir<\/h3>\n<p>Los sistemas operativos Windows 7 o superior incluyen la posibilidad de comprimir en <strong>.zip<\/strong>.<\/p>\n<table>\n<tbody>\n<tr>\n<th scope=\"col\" width=\"20%\"><strong>Nombre<\/strong><\/th>\n<th scope=\"col\" width=\"15%\"><strong>Icono<\/strong><\/th>\n<th scope=\"col\" width=\"15%\"><strong>Sistema operativo<\/strong><\/th>\n<th scope=\"col\" width=\"50%\"><strong>Descripci\u00f3n<\/strong><\/th>\n<\/tr>\n<tr>\n<td><a href=\"http:\/\/www.winzip.com\/mac\/en\/\" target=\"_blank\" rel=\"noopener\"><strong>WinZip<\/strong><\/a><\/td>\n<td><img loading=\"lazy\" class=\"alignnone wp-image-60\" src=\"\/wp-content\/uploads\/2018\/06\/80502_040.jpg\" alt=\"\" width=\"50\" height=\"51\" \/><\/td>\n<td><a href=\"\/wp-content\/uploads\/2018\/06\/80502_041.jpg\"><img loading=\"lazy\" class=\"alignnone size-full wp-image-61\" src=\"\/wp-content\/uploads\/2018\/06\/80502_041.jpg\" alt=\"\" width=\"100\" height=\"50\" \/><\/a><\/td>\n<td><\/td>\n<\/tr>\n<tr>\n<td><strong><a href=\"https:\/\/www.7-zip.org\/\" target=\"_blank\" rel=\"noopener\">7-Zip<\/a><\/strong><\/td>\n<td><\/td>\n<td><a href=\"\/wp-content\/uploads\/2018\/06\/80502_042.jpg\"><img loading=\"lazy\" class=\"alignnone size-full wp-image-62\" src=\"\/wp-content\/uploads\/2018\/06\/80502_042.jpg\" alt=\"\" width=\"100\" height=\"50\" \/><\/a><\/td>\n<td><em>Open source<\/em>, interfaz simple.<\/td>\n<\/tr>\n<tr>\n<td><a href=\"http:\/\/www.peazip.org\/\" target=\"_blank\" rel=\"noopener\"><strong>PeaZip<\/strong><\/a><\/td>\n<td><\/td>\n<td><a href=\"\/wp-content\/uploads\/2018\/06\/80502_042.jpg\"><img loading=\"lazy\" class=\"alignnone size-full wp-image-62\" src=\"\/wp-content\/uploads\/2018\/06\/80502_042.jpg\" alt=\"\" width=\"100\" height=\"50\" \/><\/a><\/td>\n<td><\/td>\n<\/tr>\n<tr>\n<td><a href=\"http:\/\/www.izarc.org\/\" target=\"_blank\" rel=\"noopener\"><strong>IZArc<\/strong><\/a><\/td>\n<td><\/td>\n<td><img loading=\"lazy\" class=\"wp-image-28 aligncenter\" src=\"\/wp-content\/uploads\/2018\/06\/80502_009.jpg\" alt=\"\" width=\"50\" height=\"50\" \/><\/td>\n<td>Soporta gran cantidad de formatos de compresi\u00f3n.<\/td>\n<\/tr>\n<tr>\n<td><a href=\"https:\/\/www.rarlab.com\/\" target=\"_blank\" rel=\"noopener\"><strong>WinRar<\/strong><\/a><\/td>\n<td><img loading=\"lazy\" class=\"wp-image-63 alignleft\" src=\"\/wp-content\/uploads\/2018\/06\/80502_043.jpg\" alt=\"\" width=\"50\" height=\"48\" \/><\/td>\n<td><img loading=\"lazy\" class=\"wp-image-28 aligncenter\" src=\"\/wp-content\/uploads\/2018\/06\/80502_009.jpg\" alt=\"\" width=\"50\" height=\"50\" \/><\/td>\n<td>Muy conocido para la opci\u00f3n .RAR, pero no soporta tantos formatos como los anteriores.<\/td>\n<\/tr>\n<tr>\n<td><a href=\"https:\/\/theunarchiver.com\/\" target=\"_blank\" rel=\"noopener\"><strong>The Unarchiver<\/strong><\/a><\/td>\n<td><\/td>\n<td><img loading=\"lazy\" class=\"wp-image-27 aligncenter\" src=\"\/wp-content\/uploads\/2018\/06\/80502_008.jpg\" alt=\"\" width=\"50\" height=\"50\" \/><\/td>\n<td>Gestor de archivos comprimidos incluido en el sistema operativo de Apple, permite descomprimir muchos formatos; solo se pueden crear archivos .zip con \u00e9l.<\/td>\n<\/tr>\n<\/tbody>\n<\/table>\n<h3>Env\u00edo de archivos <em>online<\/em><\/h3>\n<table>\n<tbody>\n<tr>\n<th scope=\"col\" width=\"20%\"><strong>Nombre<\/strong><\/th>\n<th scope=\"col\" width=\"15%\"><strong>Icono<\/strong><\/th>\n<th scope=\"col\" width=\"65%\"><strong>Descripci\u00f3n<\/strong><\/th>\n<\/tr>\n<tr>\n<td><a href=\"https:\/\/transfer.pcloud.com\/\" target=\"_blank\" rel=\"noopener\"><strong>pCloud Transfer<\/strong><\/a><\/td>\n<td><img loading=\"lazy\" class=\"size-full wp-image-64 aligncenter\" src=\"\/wp-content\/uploads\/2018\/06\/80502_044.jpg\" alt=\"\" width=\"100\" height=\"55\" \/><\/td>\n<td>Env\u00edo de archivos de hasta 5 GB de forma totalmente gratuita y sin registro. F\u00e1cil de usar, solo es necesario arrastrar el archivo e indicar el correo electr\u00f3nico del destinatario. Tambi\u00e9n permite cifrar los archivos.<\/td>\n<\/tr>\n<tr>\n<td><a href=\"https:\/\/wetransfer.com\/\" target=\"_blank\" rel=\"noopener\"><strong>WeTransfer<\/strong><\/a><\/td>\n<td><img loading=\"lazy\" class=\"aligncenter wp-image-65\" src=\"\/wp-content\/uploads\/2018\/06\/80502_045.jpg\" alt=\"\" width=\"80\" height=\"52\" \/><\/td>\n<td>Env\u00edo de archivos de hasta 2 GB de peso. Como en la opci\u00f3n anterior, solo hay que indicar la direcci\u00f3n de correo electr\u00f3nico del destinatario y la del emisor, para recibir una notificaci\u00f3n cuando el receptor se haya descargado los archivos. Adem\u00e1s de la opci\u00f3n anterior, existe la posibilidad de generar un enlace para decidir de qu\u00e9 modo se quiere compartir. El plan b\u00e1sico es suficiente para un uso puntual, pero tambi\u00e9n se ofrece un plan de pago con mejores caracter\u00edsticas.<\/td>\n<\/tr>\n<tr>\n<td><a href=\"https:\/\/www.dropsend.com\/\" target=\"_blank\" rel=\"noopener\"><strong>DropSend<\/strong><\/a><\/td>\n<td><img loading=\"lazy\" class=\"size-full wp-image-66 aligncenter\" src=\"\/wp-content\/uploads\/2018\/06\/80502_046.jpg\" alt=\"\" width=\"100\" height=\"31\" \/><\/td>\n<td>Es una herramienta de pago, pero cuenta con un plan gratuito con el que compartir archivos dentro de unos l\u00edmites. Se pueden descargar archivos de hasta 4 GB, con un l\u00edmite de cinco env\u00edos al mes.<\/td>\n<\/tr>\n<tr>\n<td><a href=\"https:\/\/www.filemail.com\/\" target=\"_blank\" rel=\"noopener\"><strong>Filemail<\/strong><\/a><\/td>\n<td><img loading=\"lazy\" class=\"size-full wp-image-67 aligncenter\" src=\"\/wp-content\/uploads\/2018\/06\/80502_047.jpg\" alt=\"\" width=\"100\" height=\"26\" \/><\/td>\n<td>La opci\u00f3n gratuita permite env\u00edos de archivos de hasta 30 GB, aunque solo estar\u00e1n disponibles para su descarga durante una semana.<\/td>\n<\/tr>\n<\/tbody>\n<\/table>\n<h3>Almacenamiento en la nube<\/h3>\n<p>Es posible usar las herramientas descritas en la estrategia <a href=\"http:\/\/informacio-digital.recursos.uoc.edu\/es\/2-1-introduccion\/\" target=\"_blank\" rel=\"noopener\">\u00abAlmacenamiento en la nube\u00bb<\/a> y compartir el enlace con el destinatario para que pueda descargar el archivo: Dropbox, Drive, Outlook\u2026<\/p>\n","protected":false},"excerpt":{"rendered":"<p>Aplicaciones para comprimir Los sistemas operativos Windows 7 o superior incluyen la posibilidad de comprimir en .zip. Nombre Icono Sistema operativo Descripci\u00f3n WinZip 7-Zip Open source, interfaz simple. PeaZip IZArc Soporta gran cantidad de formatos de compresi\u00f3n. WinRar Muy conocido para la opci\u00f3n .RAR, pero no soporta tantos formatos como los anteriores. The Unarchiver Gestor [&hellip;]<\/p>\n","protected":false},"author":1,"featured_media":0,"parent":0,"menu_order":0,"comment_status":"closed","ping_status":"closed","template":"","meta":[],"_links":{"self":[{"href":"http:\/\/informacio-digital.recursos.uoc.edu\/es\/wp-json\/wp\/v2\/pages\/180"}],"collection":[{"href":"http:\/\/informacio-digital.recursos.uoc.edu\/es\/wp-json\/wp\/v2\/pages"}],"about":[{"href":"http:\/\/informacio-digital.recursos.uoc.edu\/es\/wp-json\/wp\/v2\/types\/page"}],"author":[{"embeddable":true,"href":"http:\/\/informacio-digital.recursos.uoc.edu\/es\/wp-json\/wp\/v2\/users\/1"}],"replies":[{"embeddable":true,"href":"http:\/\/informacio-digital.recursos.uoc.edu\/es\/wp-json\/wp\/v2\/comments?post=180"}],"version-history":[{"count":7,"href":"http:\/\/informacio-digital.recursos.uoc.edu\/es\/wp-json\/wp\/v2\/pages\/180\/revisions"}],"predecessor-version":[{"id":962,"href":"http:\/\/informacio-digital.recursos.uoc.edu\/es\/wp-json\/wp\/v2\/pages\/180\/revisions\/962"}],"wp:attachment":[{"href":"http:\/\/informacio-digital.recursos.uoc.edu\/es\/wp-json\/wp\/v2\/media?parent=180"}],"curies":[{"name":"wp","href":"https:\/\/api.w.org\/{rel}","templated":true}]}}