{"id":183,"date":"2018-06-20T16:05:23","date_gmt":"2018-06-20T14:05:23","guid":{"rendered":"http:\/\/informacio-digital.recursos.uoc.edu\/?page_id=183"},"modified":"2018-07-02T10:48:30","modified_gmt":"2018-07-02T08:48:30","slug":"8-1-introduccion","status":"publish","type":"page","link":"http:\/\/informacio-digital.recursos.uoc.edu\/es\/8-1-introduccion\/","title":{"rendered":"8.1. Introducci\u00f3n"},"content":{"rendered":"<p>Los marcadores sociales permiten gestionar contenidos de la Red y clasificarlos seg\u00fan su utilidad y calidad.<\/p>\n<p><img loading=\"lazy\" class=\"wp-image-68 size-thumbnail\" src=\"\/wp-content\/uploads\/2018\/06\/80502_048-150x150.jpg\" alt=\"\" width=\"150\" height=\"150\" srcset=\"\/wp-content\/uploads\/2018\/06\/80502_048-150x150.jpg 150w, \/wp-content\/uploads\/2018\/06\/80502_048.jpg 300w\" sizes=\"(max-width: 150px) 100vw, 150px\" \/><\/p>\n<div class=\"featured featured-blue\"><p>Los <strong>marcadores sociales<\/strong> (<em>social bookmarks<\/em>, en ingl\u00e9s) son herramientas <em>online<\/em> que permiten localizar, etiquetar, guardar, recuperar y compartir recursos de la Red desde cualquier dispositivo.<\/p>\n<\/div>\n<p>Aunque la funci\u00f3n de sincronizaci\u00f3n de favoritos y listas de lectura entre diferentes dispositivos es una funci\u00f3n que incorporan ya la mayor\u00eda de los navegadores (e. g. Google Chrome, Mozilla Firefox, Microsoft Edge, Safari), los marcadores sociales hacen posible, adicionalmente, compartir con otros usuarios dichos marcadores y listas, as\u00ed como colaborar en su mantenimiento. En este sentido, el etiquetado social de estos servicios <em>online<\/em> permite clasificar y definir los recursos de forma colaborativa, identific\u00e1ndolos con palabras clave.<\/p>\n<p>Otras funciones disponibles en la mayor\u00eda de los marcadores sociales son la creaci\u00f3n de grupos de usuarios, mensajer\u00eda interna, votaci\u00f3n de recursos compartidos o sindicaci\u00f3n de contenidos. Concretamente, esta \u00faltima funci\u00f3n de sindicaci\u00f3n de contenidos (RSS) convierte a los marcadores sociales en un medio id\u00f3neo para el posicionamiento web, ya que el hecho de categorizar y etiquetar un recurso permitir\u00e1 que este se distribuya instant\u00e1neamente entre los usuarios suscritos a esa categor\u00eda o etiqueta.<\/p>\n<p>La b\u00fasqueda de recursos a trav\u00e9s de marcadores sociales suele ofrecer resultados mucho m\u00e1s \u00fatiles que otras herramientas tradicionales, como los motores de b\u00fasqueda. Esto se debe principalmente a que la localizaci\u00f3n y clasificaci\u00f3n de contenidos no es realizada autom\u00e1ticamente por m\u00e1quinas, sino por seres humanos, y a que la mayor o menor utilidad de los recursos compartidos queda definida por los propios usuarios, que crean un <em>ranking<\/em> mediante el marcado de los contenidos que consideran m\u00e1s \u00fatiles.<\/p>\n","protected":false},"excerpt":{"rendered":"<p>Los marcadores sociales permiten gestionar contenidos de la Red y clasificarlos seg\u00fan su utilidad y calidad. Aunque la funci\u00f3n de sincronizaci\u00f3n de favoritos y listas de lectura entre diferentes dispositivos es una funci\u00f3n que incorporan ya la mayor\u00eda de los navegadores (e. g. Google Chrome, Mozilla Firefox, Microsoft Edge, Safari), los marcadores sociales hacen posible, [&hellip;]<\/p>\n","protected":false},"author":1,"featured_media":0,"parent":0,"menu_order":0,"comment_status":"closed","ping_status":"closed","template":"","meta":[],"_links":{"self":[{"href":"http:\/\/informacio-digital.recursos.uoc.edu\/es\/wp-json\/wp\/v2\/pages\/183"}],"collection":[{"href":"http:\/\/informacio-digital.recursos.uoc.edu\/es\/wp-json\/wp\/v2\/pages"}],"about":[{"href":"http:\/\/informacio-digital.recursos.uoc.edu\/es\/wp-json\/wp\/v2\/types\/page"}],"author":[{"embeddable":true,"href":"http:\/\/informacio-digital.recursos.uoc.edu\/es\/wp-json\/wp\/v2\/users\/1"}],"replies":[{"embeddable":true,"href":"http:\/\/informacio-digital.recursos.uoc.edu\/es\/wp-json\/wp\/v2\/comments?post=183"}],"version-history":[{"count":3,"href":"http:\/\/informacio-digital.recursos.uoc.edu\/es\/wp-json\/wp\/v2\/pages\/183\/revisions"}],"predecessor-version":[{"id":535,"href":"http:\/\/informacio-digital.recursos.uoc.edu\/es\/wp-json\/wp\/v2\/pages\/183\/revisions\/535"}],"wp:attachment":[{"href":"http:\/\/informacio-digital.recursos.uoc.edu\/es\/wp-json\/wp\/v2\/media?parent=183"}],"curies":[{"name":"wp","href":"https:\/\/api.w.org\/{rel}","templated":true}]}}