{"id":185,"date":"2018-06-20T16:06:12","date_gmt":"2018-06-20T14:06:12","guid":{"rendered":"http:\/\/informacio-digital.recursos.uoc.edu\/?page_id=185"},"modified":"2018-06-20T16:06:12","modified_gmt":"2018-06-20T14:06:12","slug":"8-2-recomendaciones","status":"publish","type":"page","link":"http:\/\/informacio-digital.recursos.uoc.edu\/es\/8-2-recomendaciones\/","title":{"rendered":"8.2. Recomendaciones"},"content":{"rendered":"<p><strong>Utilizar los marcadores sociales para afinar las b\u00fasquedas en la Red<\/strong>. Los marcadores sociales, al igual que los buscadores de Internet (e. g. Google), permiten realizar b\u00fasquedas en la Red. Sin embargo, la diferencia entre ambos radica en que los marcadores sociales ofrecen resultados bas\u00e1ndose en los recursos m\u00e1s etiquetados o marcados por los usuarios, mientras que los buscadores se basan en criterios m\u00e1s cuantitativos, como el n\u00famero de visitas. Por ello, en lugar de utilizar un buscador de Internet, introduciendo algunas palabras en el campo de b\u00fasqueda y esperando a que encuentre informaci\u00f3n \u00fatil en la inmensidad de la Red, se puede reducir mucho el campo de b\u00fasqueda mediante los marcadores sociales. Adem\u00e1s, los resultados permitir\u00e1n ver la informaci\u00f3n m\u00e1s relevante, pero tambi\u00e9n la m\u00e1s actual, ya que los marcadores sociales muestran tanto las listas a\u00f1adidas m\u00e1s recientemente como aquellas m\u00e1s populares (las que han recibido m\u00e1s votos de los usuarios). Por tanto, para encontrar f\u00e1cilmente enlaces \u00fatiles (los recomendados por gran n\u00famero de usuarios), se puede utilizar un marcador social y seleccionar la categor\u00eda o etiqueta que m\u00e1s se adapte a la informaci\u00f3n que se desee encontrar.<\/p>\n<p><strong>Tener en cuenta la opini\u00f3n de la comunidad de usuarios<\/strong>. En los marcadores sociales tiene gran importancia la opini\u00f3n de la comunidad de usuarios. Por ello, cada vez que se realice una b\u00fasqueda, es aconsejable consultar la \u00abbiblioteca comunitaria\u00bb (<em>community library<\/em>, en ingl\u00e9s) relacionada con esa b\u00fasqueda, ya que all\u00ed se encontrar\u00e1n las listas creadas en relaci\u00f3n con el t\u00e9rmino de la b\u00fasqueda, los usuarios que m\u00e1s p\u00e1ginas hayan marcado sobre ese asunto, as\u00ed como los grupos de usuarios formados en relaci\u00f3n con dicho asunto. Incluso es posible unirse a alguno de estos grupos, siempre que sean p\u00fablicos. Se debe tener en cuenta tambi\u00e9n que, en la mayor\u00eda de los marcadores sociales, ser\u00e1 posible seguir a usuarios individuales, sin necesidad de autorizaci\u00f3n, y ver los enlaces que hayan marcado.<\/p>\n<p><strong>Instalar la extensi\u00f3n para el navegador<\/strong>. Muchos marcadores sociales permiten la descarga de una extensi\u00f3n para el navegador, que permitir\u00e1 manejar la aplicaci\u00f3n de forma m\u00e1s r\u00e1pida y eficaz.<\/p>\n<p><strong>Gestionar la privacidad de la informaci\u00f3n compartida<\/strong>. Las listas o colecciones de favoritos que se creen mediante marcadores sociales podr\u00e1n ser compartidas con todo el mundo, haci\u00e9ndolas p\u00fablicas, o, por el contrario, limitar su visibilidad a determinados usuarios, activando la correspondiente opci\u00f3n de privacidad.<\/p>\n<p><strong>Generar anotaciones o subrayados<\/strong>. Una opci\u00f3n muy \u00fatil en los marcadores sociales es la posibilidad de ir generando y guardando anotaciones, comentarios, notas flotantes o subrayados a medida que se va leyendo el texto de las p\u00e1ginas que se visitan y marcan como favoritas. Estos fragmentos de texto personalizados se incorporar\u00e1n autom\u00e1ticamente a la librer\u00eda de enlaces del usuario, con la posibilidad de hacerlos p\u00fablicos junto a los recursos web compartidos.<\/p>\n<p><strong>Crear grupos tem\u00e1ticos o unirse a los ya existentes<\/strong>. Los marcadores sociales ofrecen la oportunidad de compartir, a trav\u00e9s de grupos tem\u00e1ticos, informaci\u00f3n con otros usuarios que tengan los mismos intereses. Para ello, es posible crear nuevos grupos a los que otros usuarios puedan unirse (libremente o solicitando autorizaci\u00f3n, seg\u00fan las restricciones que el usuario administrador imponga al grupo), o bien unirse a grupos ya existentes, cuya tem\u00e1tica pueda resultar interesante.<\/p>\n<p><strong>Realizar suscripciones mediante RSS<\/strong>. Si se est\u00e1 interesado en un determinado tema, puede resultar \u00fatil suscribirse, mediante RSS, a una determinada categor\u00eda o etiqueta. De esta manera, cada vez que un usuario marque un recurso con dicha etiqueta, se recibir\u00e1 autom\u00e1ticamente.<\/p>\n","protected":false},"excerpt":{"rendered":"<p>Utilizar los marcadores sociales para afinar las b\u00fasquedas en la Red. Los marcadores sociales, al igual que los buscadores de Internet (e. g. Google), permiten realizar b\u00fasquedas en la Red. Sin embargo, la diferencia entre ambos radica en que los marcadores sociales ofrecen resultados bas\u00e1ndose en los recursos m\u00e1s etiquetados o marcados por los usuarios, [&hellip;]<\/p>\n","protected":false},"author":1,"featured_media":0,"parent":0,"menu_order":0,"comment_status":"closed","ping_status":"closed","template":"","meta":[],"_links":{"self":[{"href":"http:\/\/informacio-digital.recursos.uoc.edu\/es\/wp-json\/wp\/v2\/pages\/185"}],"collection":[{"href":"http:\/\/informacio-digital.recursos.uoc.edu\/es\/wp-json\/wp\/v2\/pages"}],"about":[{"href":"http:\/\/informacio-digital.recursos.uoc.edu\/es\/wp-json\/wp\/v2\/types\/page"}],"author":[{"embeddable":true,"href":"http:\/\/informacio-digital.recursos.uoc.edu\/es\/wp-json\/wp\/v2\/users\/1"}],"replies":[{"embeddable":true,"href":"http:\/\/informacio-digital.recursos.uoc.edu\/es\/wp-json\/wp\/v2\/comments?post=185"}],"version-history":[{"count":1,"href":"http:\/\/informacio-digital.recursos.uoc.edu\/es\/wp-json\/wp\/v2\/pages\/185\/revisions"}],"predecessor-version":[{"id":186,"href":"http:\/\/informacio-digital.recursos.uoc.edu\/es\/wp-json\/wp\/v2\/pages\/185\/revisions\/186"}],"wp:attachment":[{"href":"http:\/\/informacio-digital.recursos.uoc.edu\/es\/wp-json\/wp\/v2\/media?parent=185"}],"curies":[{"name":"wp","href":"https:\/\/api.w.org\/{rel}","templated":true}]}}