{"id":187,"date":"2018-06-20T16:08:26","date_gmt":"2018-06-20T14:08:26","guid":{"rendered":"http:\/\/informacio-digital.recursos.uoc.edu\/?page_id=187"},"modified":"2018-09-05T11:37:56","modified_gmt":"2018-09-05T09:37:56","slug":"8-3-herramientas","status":"publish","type":"page","link":"http:\/\/informacio-digital.recursos.uoc.edu\/es\/8-3-herramientas\/","title":{"rendered":"8.3. Herramientas"},"content":{"rendered":"<p>A continuaci\u00f3n se indican dos de los marcadores sociales m\u00e1s extendidos:<\/p>\n<table>\n<tbody>\n<tr>\n<th scope=\"col\" width=\"20%\"><strong>Nombre<\/strong><\/th>\n<th scope=\"col\" width=\"15%\"><strong>Icono<\/strong><\/th>\n<th scope=\"col\" width=\"65%\"><strong>Descripci\u00f3n<\/strong><\/th>\n<\/tr>\n<tr>\n<td><a href=\"http:\/\/www.diigo.com\/\" target=\"_blank\" rel=\"noopener\"><strong>Diigo<\/strong><\/a><\/td>\n<td><img loading=\"lazy\" class=\"aligncenter wp-image-69 size-full\" src=\"\/wp-content\/uploads\/2018\/06\/80502_049.jpg\" alt=\"\" width=\"100\" height=\"48\" \/><\/td>\n<td>Se trata de uno de los marcadores sociales m\u00e1s vers\u00e1tiles. Adem\u00e1s de ordenar y clasificar enlaces favoritos, permite tambi\u00e9n trabajar con im\u00e1genes. Ofrece, asimismo, la posibilidad de comentar p\u00e1ginas marcadas o de a\u00f1adir notas flotantes y subrayar fragmentos en una web. Es necesario registrarse gratuitamente y crear una cuenta.<\/p>\n<p>Se puede obtener m\u00e1s informaci\u00f3n sobre el uso de Diigo en: <a href=\"http:\/\/help.diigo.com\/home\" target=\"_blank\" rel=\"noopener\">http:\/\/help.diigo.com\/home<\/a><\/td>\n<\/tr>\n<tr>\n<td><a href=\"https:\/\/getpocket.com\/\" target=\"_blank\" rel=\"noopener\"><strong>Pocket<\/strong><\/a><\/td>\n<td><img loading=\"lazy\" class=\"aligncenter wp-image-70 size-full\" src=\"\/wp-content\/uploads\/2018\/06\/80502_050.jpg\" alt=\"\" width=\"100\" height=\"26\" \/><\/td>\n<td>La funci\u00f3n principal de este marcador social es la de permitir guardar y clasificar mediante etiquetas todo tipo de contenido (p\u00e1ginas web, noticias, v\u00eddeos, etc.), para que pueda ser visualizado m\u00e1s tarde desde cualquier dispositivo. Es necesario registrarse gratuitamente y crear una cuenta (o utilizar una cuenta de Firefox para acceder, ya que Pocket fue adquirido por Mozilla en 2017).<\/p>\n<p>Se puede obtener m\u00e1s informaci\u00f3n sobre el uso de Pocket en: <a href=\"https:\/\/help.getpocket.com\/\" target=\"_blank\" rel=\"noopener\">https:\/\/help.getpocket.com\/<\/a><\/td>\n<\/tr>\n<tr>\n<td><b><a href=\"http:\/\/list.ly\/\" target=\"_blank\" rel=\"noopener\">List.ly<\/a><\/b><\/td>\n<td><a href=\"\/wp-content\/uploads\/2018\/09\/Captura-de-pantalla-2018-09-05-a-las-10.15.07.png\"><img loading=\"lazy\" class=\"size-full wp-image-612 aligncenter\" src=\"\/wp-content\/uploads\/2018\/09\/Captura-de-pantalla-2018-09-05-a-las-10.15.07.png\" alt=\"\" width=\"107\" height=\"42\" \/><\/a><\/td>\n<td><a href=\"http:\/\/list.ly\/\" target=\"_blank\" rel=\"noopener\">List.ly<\/a> es una herramienta que permite guardar, etiquetar y compartir marcadores mediante listas, e incluso publicarlas en tu sitio web.<\/p>\n<p>Tambi\u00e9n posibilita poder ver las listas creadas y compartidas por otros usuarios.<\/p>\n<p>Se puede obtener m\u00e1s informaci\u00f3n sobre el uso de <a href=\"http:\/\/list.ly\/\">List.ly<\/a> en su comunidad: <a href=\"https:\/\/community.list.ly\/categories\" target=\"_blank\" rel=\"noopener\">https:\/\/community.list.ly\/categories<\/a><\/td>\n<\/tr>\n<\/tbody>\n<\/table>\n","protected":false},"excerpt":{"rendered":"<p>A continuaci\u00f3n se indican dos de los marcadores sociales m\u00e1s extendidos: Nombre Icono Descripci\u00f3n Diigo Se trata de uno de los marcadores sociales m\u00e1s vers\u00e1tiles. Adem\u00e1s de ordenar y clasificar enlaces favoritos, permite tambi\u00e9n trabajar con im\u00e1genes. Ofrece, asimismo, la posibilidad de comentar p\u00e1ginas marcadas o de a\u00f1adir notas flotantes y subrayar fragmentos en una [&hellip;]<\/p>\n","protected":false},"author":1,"featured_media":0,"parent":0,"menu_order":0,"comment_status":"closed","ping_status":"closed","template":"","meta":[],"_links":{"self":[{"href":"http:\/\/informacio-digital.recursos.uoc.edu\/es\/wp-json\/wp\/v2\/pages\/187"}],"collection":[{"href":"http:\/\/informacio-digital.recursos.uoc.edu\/es\/wp-json\/wp\/v2\/pages"}],"about":[{"href":"http:\/\/informacio-digital.recursos.uoc.edu\/es\/wp-json\/wp\/v2\/types\/page"}],"author":[{"embeddable":true,"href":"http:\/\/informacio-digital.recursos.uoc.edu\/es\/wp-json\/wp\/v2\/users\/1"}],"replies":[{"embeddable":true,"href":"http:\/\/informacio-digital.recursos.uoc.edu\/es\/wp-json\/wp\/v2\/comments?post=187"}],"version-history":[{"count":7,"href":"http:\/\/informacio-digital.recursos.uoc.edu\/es\/wp-json\/wp\/v2\/pages\/187\/revisions"}],"predecessor-version":[{"id":619,"href":"http:\/\/informacio-digital.recursos.uoc.edu\/es\/wp-json\/wp\/v2\/pages\/187\/revisions\/619"}],"wp:attachment":[{"href":"http:\/\/informacio-digital.recursos.uoc.edu\/es\/wp-json\/wp\/v2\/media?parent=187"}],"curies":[{"name":"wp","href":"https:\/\/api.w.org\/{rel}","templated":true}]}}