{"id":189,"date":"2018-06-20T16:10:01","date_gmt":"2018-06-20T14:10:01","guid":{"rendered":"http:\/\/informacio-digital.recursos.uoc.edu\/?page_id=189"},"modified":"2018-07-02T10:51:46","modified_gmt":"2018-07-02T08:51:46","slug":"9-1-introduccion","status":"publish","type":"page","link":"http:\/\/informacio-digital.recursos.uoc.edu\/es\/9-1-introduccion\/","title":{"rendered":"9.1. Introducci\u00f3n"},"content":{"rendered":"<div class='content-column two_third'>La sindicaci\u00f3n de contenidos permite recibir informaci\u00f3n actualizada de sitios web que resulten de inter\u00e9s.<\/div>\n<div class='content-column one_third last_column'><p><img loading=\"lazy\" class=\"wp-image-71 size-thumbnail\" src=\"\/wp-content\/uploads\/2018\/06\/80502_051-150x150.jpg\" alt=\"\" width=\"150\" height=\"150\" srcset=\"\/wp-content\/uploads\/2018\/06\/80502_051-150x150.jpg 150w, \/wp-content\/uploads\/2018\/06\/80502_051.jpg 300w\" sizes=\"(max-width: 150px) 100vw, 150px\" \/><\/p><\/div><div class='clear_column'><\/div>\n<div class=\"featured featured-blue\"><p>La <strong>sindicaci\u00f3n de contenidos<\/strong>, m\u00e1s conocida por las siglas RSS (<em>Really Simple Syndication<\/em>, o Sindicaci\u00f3n Realmente Simple), es una tecnolog\u00eda que comenz\u00f3 a generalizarse en 2005 y que permite distribuir contenido procedente de determinados sitios web que se actualizan con frecuencia a aquellos usuarios que se hayan suscrito antes a dicha fuente (<em>feed<\/em>, en ingl\u00e9s).<\/p>\n<\/div>\n<div class='content-column two_third'><p>La distribuci\u00f3n de esta informaci\u00f3n, que es autom\u00e1tica y gratuita, se realiza normalmente a trav\u00e9s de agregadores \/ lectores de noticias (e. g. Feedly), programas dise\u00f1ados para leer contenidos RSS que el usuario debe tener instalados en su dispositivo. Tambi\u00e9n es posible la lectura de contenidos RSS mediante la mayor\u00eda de las aplicaciones gestoras de correo electr\u00f3nico (e. g. Microsoft Outlook). Adem\u00e1s, algunos navegadores permiten tambi\u00e9n leer contenido RSS sin necesidad de instalar ning\u00fan otro programa.<\/p><\/div>\n<div class='content-column one_third last_column'><p><img loading=\"lazy\" class=\"wp-image-72 size-thumbnail aligncenter\" src=\"\/wp-content\/uploads\/2018\/06\/80502_052-150x150.jpg\" alt=\"\" width=\"150\" height=\"150\" srcset=\"\/wp-content\/uploads\/2018\/06\/80502_052-150x150.jpg 150w, \/wp-content\/uploads\/2018\/06\/80502_052.jpg 300w\" sizes=\"(max-width: 150px) 100vw, 150px\" \/><\/p><\/div><div class='clear_column'><\/div>\n<p>Por tanto, la finalidad de la sindicaci\u00f3n de contenidos es permitir un f\u00e1cil acceso a la informaci\u00f3n actualizada de determinados sitios web que resulten interesantes. Simplemente, mediante la suscripci\u00f3n a esas fuentes o <em>feeds<\/em>, se recibir\u00e1n de forma inmediata alertas con las \u00faltimas noticias y novedades, que ser\u00e1n enviadas de forma autom\u00e1tica al lector RSS o al navegador de Internet. Esto resulta de gran utilidad cuando se est\u00e1 interesado en la informaci\u00f3n de m\u00faltiples sitios web, ya que se podr\u00e1 conocer f\u00e1cilmente si se ha producido alguna nueva publicaci\u00f3n en ellos, sin necesidad de visitarlos con frecuencia para comprobarlo. Simplemente, habr\u00e1 que decidir, tras haber recibido la alerta en el lector RSS, si se desean visionar en su totalidad los nuevos contenidos publicados. De este modo, se tendr\u00e1 centralizada en un mismo lugar la informaci\u00f3n de todos los sitios webs que resulten interesantes.<\/p>\n","protected":false},"excerpt":{"rendered":"<p>Por tanto, la finalidad de la sindicaci\u00f3n de contenidos es permitir un f\u00e1cil acceso a la informaci\u00f3n actualizada de determinados sitios web que resulten interesantes. Simplemente, mediante la suscripci\u00f3n a esas fuentes o feeds, se recibir\u00e1n de forma inmediata alertas con las \u00faltimas noticias y novedades, que ser\u00e1n enviadas de forma autom\u00e1tica al lector RSS [&hellip;]<\/p>\n","protected":false},"author":1,"featured_media":0,"parent":0,"menu_order":0,"comment_status":"closed","ping_status":"closed","template":"","meta":[],"_links":{"self":[{"href":"http:\/\/informacio-digital.recursos.uoc.edu\/es\/wp-json\/wp\/v2\/pages\/189"}],"collection":[{"href":"http:\/\/informacio-digital.recursos.uoc.edu\/es\/wp-json\/wp\/v2\/pages"}],"about":[{"href":"http:\/\/informacio-digital.recursos.uoc.edu\/es\/wp-json\/wp\/v2\/types\/page"}],"author":[{"embeddable":true,"href":"http:\/\/informacio-digital.recursos.uoc.edu\/es\/wp-json\/wp\/v2\/users\/1"}],"replies":[{"embeddable":true,"href":"http:\/\/informacio-digital.recursos.uoc.edu\/es\/wp-json\/wp\/v2\/comments?post=189"}],"version-history":[{"count":7,"href":"http:\/\/informacio-digital.recursos.uoc.edu\/es\/wp-json\/wp\/v2\/pages\/189\/revisions"}],"predecessor-version":[{"id":537,"href":"http:\/\/informacio-digital.recursos.uoc.edu\/es\/wp-json\/wp\/v2\/pages\/189\/revisions\/537"}],"wp:attachment":[{"href":"http:\/\/informacio-digital.recursos.uoc.edu\/es\/wp-json\/wp\/v2\/media?parent=189"}],"curies":[{"name":"wp","href":"https:\/\/api.w.org\/{rel}","templated":true}]}}