{"id":191,"date":"2018-06-20T16:11:58","date_gmt":"2018-06-20T14:11:58","guid":{"rendered":"http:\/\/informacio-digital.recursos.uoc.edu\/?page_id=191"},"modified":"2018-07-24T11:40:42","modified_gmt":"2018-07-24T09:40:42","slug":"9-2-1-suscripcion-a-canales-de-video","status":"publish","type":"page","link":"http:\/\/informacio-digital.recursos.uoc.edu\/es\/9-2-1-suscripcion-a-canales-de-video\/","title":{"rendered":"9.2. Otros tipos de distribuci\u00f3n de contenidos digitales"},"content":{"rendered":"<p>La suscripci\u00f3n a canales de v\u00eddeo de YouTube o de otros portales, como Vimeo, Dailymotion, etc., permite realizar un f\u00e1cil seguimiento de los nuevos contenidos que se vayan publicando en ellos a trav\u00e9s de alertas o notificaciones que va recibiendo el usuario suscrito a dichos canales.<\/p>\n<p>Actualmente, existe en Internet un gran n\u00famero de canales de v\u00eddeo en los que encontrar contenido casi de cualquier tem\u00e1tica que pueda resultar interesante. Adem\u00e1s, muchas instituciones educativas cuentan ya con canales de v\u00eddeo a trav\u00e9s de los cuales ofrecen contenidos formativos de forma gratuita.<\/p>\n<div class=\"featured featured-grey\"><\/p>\n<p>La UOC, por ejemplo, posee seis canales en YouTube, con diferentes temas, a los que es posible suscribirse.<\/p>\n<figure style=\"width: 700px\" class=\"wp-caption aligncenter\"><img loading=\"lazy\" class=\"alignnone size-full wp-image-73\" src=\"\/wp-content\/uploads\/2018\/06\/80502_053.jpg\" alt=\"\" width=\"700\" height=\"661\" srcset=\"\/wp-content\/uploads\/2018\/06\/80502_053.jpg 700w, \/wp-content\/uploads\/2018\/06\/80502_053-300x283.jpg 300w\" sizes=\"(max-width: 700px) 100vw, 700px\" \/><figcaption class=\"wp-caption-text\">Figura 13. <a href=\"https:\/\/www.youtube.com\/user\/UOC\/channels\" target=\"_blank\" rel=\"noopener\">Canales de YouTube de la UOC<\/a><\/figcaption><\/figure>\n<p>\n<\/div>\n<p>Suscribirse a un canal de v\u00eddeo es realmente sencillo, ya que solo hay presionar en el bot\u00f3n \u00abSuscribirse\u00bb que aparecer\u00e1 en la p\u00e1gina (o junto a cualquier v\u00eddeo perteneciente a ese canal). L\u00f3gicamente, es necesario contar antes con una cuenta de usuario de Youtube (o del portal de v\u00eddeo correspondiente). En cuanto se haya realizado la suscripci\u00f3n a un canal, se observar\u00e1 que en el <em>feed<\/em> \u00abSuscripciones\u00bb de la cuenta (en YouTube se encuentra en el margen izquierdo) ir\u00e1n apareciendo todos los v\u00eddeos que se vayan publicando. Adem\u00e1s, se recibir\u00e1n autom\u00e1ticamente notificaciones de las publicaciones destacadas. Si se desea que el canal env\u00ede una alerta tras la publicaci\u00f3n de una nueva publicaci\u00f3n (destacada o no), se deber\u00e1 configurar la funci\u00f3n de notificaciones de la cuenta.<\/p>\n<p>Es frecuente, tambi\u00e9n, que, despu\u00e9s de haber realizado la suscripci\u00f3n a un canal, se muestren en pantalla una serie de canales recomendados, relacionados de alg\u00fan modo con el canal al que uno se acaba de suscribir.<\/p>\n<p>Si, en un momento dado, se decide cancelar la suscripci\u00f3n a un canal, el procedimiento es similar al utilizado al darse de alta. En este caso, se deber\u00e1 clicar en el bot\u00f3n \u00abSuscrito\u00bb. A continuaci\u00f3n, aparecer\u00e1 un mensaje confirmando la cancelaci\u00f3n.<\/p>\n<p>Suscribirse a una plataforma de revistas y libros electr\u00f3nicos permite acceder a un amplio cat\u00e1logo de contenido digital en formato texto. En las principales plataformas (e. g. Kindle Unlimited, Nubico, Scribd), los usuarios suelen tener que pagar una cuota mensual o anual por la suscripci\u00f3n.<\/p>\n<p>En la figura 14 se observa el crecimiento de casi un cincuenta por ciento que han experimentado las plataformas de suscripci\u00f3n de libros digitales en espa\u00f1ol en el a\u00f1o 2017.<\/p>\n<figure style=\"width: 744px\" class=\"wp-caption aligncenter\"><img loading=\"lazy\" class=\"alignnone size-full wp-image-74\" src=\"\/wp-content\/uploads\/2018\/06\/80502_054.jpg\" alt=\"\" width=\"744\" height=\"184\" srcset=\"\/wp-content\/uploads\/2018\/06\/80502_054.jpg 744w, \/wp-content\/uploads\/2018\/06\/80502_054-300x74.jpg 300w\" sizes=\"(max-width: 744px) 100vw, 744px\" \/><figcaption class=\"wp-caption-text\">Figura 14. Crecimiento global del mercado del libro digital en lengua espa\u00f1ola por canales y modelos de negocio en valor en euros.<br \/>Fuente: \u00abInforme anual del libro digital 2017\u00bb. <a href=\"http:\/\/www.libranda.com\" target=\"_blank\" rel=\"noopener\">http:\/\/www.libranda.com<\/a><\/figcaption><\/figure>\n<div class='content-column two_third'><p>La plataforma <strong>eBiblio<\/strong>, una iniciativa del Ministerio de Educaci\u00f3n, Cultura y Deporte (MECD), constituye tambi\u00e9n un importante repositorio de libros electr\u00f3nicos. Sus contenidos digitales, procedentes de fondos de numerosas bibliotecas p\u00fablicas espa\u00f1olas, est\u00e1n disponibles para el pr\u00e9stamo de forma gratuita.<\/p>\n<p>Se puede acceder a este repositorio a trav\u00e9s del siguiente link: <a href=\"http:\/\/www.mecd.gob.es\/cultura\/areas\/bibliotecas\/mc\/eBiblio\/inicio.html\" target=\"_blank\" rel=\"noopener\">http:\/\/www.mecd.gob.es\/cultura\/areas\/bibliotecas\/mc\/eBiblio\/inicio.html<\/a><\/p><\/div>\n<div class='content-column one_third last_column'><p><img loading=\"lazy\" class=\"aligncenter wp-image-75 size-medium\" src=\"\/wp-content\/uploads\/2018\/06\/80502_055-300x146.jpg\" alt=\"\" width=\"300\" height=\"146\" srcset=\"\/wp-content\/uploads\/2018\/06\/80502_055-300x146.jpg 300w, \/wp-content\/uploads\/2018\/06\/80502_055.jpg 400w\" sizes=\"(max-width: 300px) 100vw, 300px\" \/><\/p><\/div><div class='clear_column'><\/div>\n<div class=\"mceTemp\"><\/div>\n","protected":false},"excerpt":{"rendered":"<p>La suscripci\u00f3n a canales de v\u00eddeo de YouTube o de otros portales, como Vimeo, Dailymotion, etc., permite realizar un f\u00e1cil seguimiento de los nuevos contenidos que se vayan publicando en ellos a trav\u00e9s de alertas o notificaciones que va recibiendo el usuario suscrito a dichos canales. Actualmente, existe en Internet un gran n\u00famero de canales [&hellip;]<\/p>\n","protected":false},"author":1,"featured_media":0,"parent":0,"menu_order":0,"comment_status":"closed","ping_status":"closed","template":"","meta":[],"_links":{"self":[{"href":"http:\/\/informacio-digital.recursos.uoc.edu\/es\/wp-json\/wp\/v2\/pages\/191"}],"collection":[{"href":"http:\/\/informacio-digital.recursos.uoc.edu\/es\/wp-json\/wp\/v2\/pages"}],"about":[{"href":"http:\/\/informacio-digital.recursos.uoc.edu\/es\/wp-json\/wp\/v2\/types\/page"}],"author":[{"embeddable":true,"href":"http:\/\/informacio-digital.recursos.uoc.edu\/es\/wp-json\/wp\/v2\/users\/1"}],"replies":[{"embeddable":true,"href":"http:\/\/informacio-digital.recursos.uoc.edu\/es\/wp-json\/wp\/v2\/comments?post=191"}],"version-history":[{"count":4,"href":"http:\/\/informacio-digital.recursos.uoc.edu\/es\/wp-json\/wp\/v2\/pages\/191\/revisions"}],"predecessor-version":[{"id":597,"href":"http:\/\/informacio-digital.recursos.uoc.edu\/es\/wp-json\/wp\/v2\/pages\/191\/revisions\/597"}],"wp:attachment":[{"href":"http:\/\/informacio-digital.recursos.uoc.edu\/es\/wp-json\/wp\/v2\/media?parent=191"}],"curies":[{"name":"wp","href":"https:\/\/api.w.org\/{rel}","templated":true}]}}