{"id":197,"date":"2018-06-20T16:23:31","date_gmt":"2018-06-20T14:23:31","guid":{"rendered":"http:\/\/informacio-digital.recursos.uoc.edu\/?page_id=197"},"modified":"2018-06-20T16:23:46","modified_gmt":"2018-06-20T14:23:46","slug":"9-3-recomendaciones","status":"publish","type":"page","link":"http:\/\/informacio-digital.recursos.uoc.edu\/es\/9-3-recomendaciones\/","title":{"rendered":"9.3. Recomendaciones"},"content":{"rendered":"<p><strong>Utilizar el gestor de correo electr\u00f3nico Microsoft Outlook como agregador\/lector RSS<\/strong>. Los estudiantes de la UOC pueden beneficiarse gratuitamente de la <em>suite<\/em> Microsoft Office 365 ProPlus, que incluye el gestor de correo electr\u00f3nico Microsoft Outlook, un programa que, entre otras funciones, permite agregar y leer contenidos RSS. A continuaci\u00f3n, se indica c\u00f3mo agregar una fuente RSS con esta aplicaci\u00f3n. Como ejemplo, se utilizar\u00e1 \u00ab<a href=\"http:\/\/informatica.blogs.uoc.edu\/\" target=\"_blank\" rel=\"noopener\">INFORM\u00c1TICA++<\/a>\u00bb, un blog sobre inform\u00e1tica moderado por profesores de los Estudios de Inform\u00e1tica, Multimedia y Telecomunicaci\u00f3n de la UOC.<\/p>\n<p>El primer paso para agregar una fuente RSS en Microsoft Outlook es situarse en el men\u00fa \u00abArchivo\u00bb y seleccionar la opci\u00f3n \u00abConfiguraci\u00f3n de la cuenta\u00bb. En la ventana que aparece habr\u00e1 que hacer clic en el icono \u00abNuevo\u2026\u00bb de la ficha \u00abFuentes RSS\u00bb.<\/p>\n<figure style=\"width: 762px\" class=\"wp-caption aligncenter\"><img loading=\"lazy\" class=\"alignnone size-full wp-image-76\" src=\"\/wp-content\/uploads\/2018\/06\/80502_056.jpg\" alt=\"\" width=\"762\" height=\"572\" srcset=\"\/wp-content\/uploads\/2018\/06\/80502_056.jpg 762w, \/wp-content\/uploads\/2018\/06\/80502_056-300x225.jpg 300w\" sizes=\"(max-width: 762px) 100vw, 762px\" \/><figcaption class=\"wp-caption-text\">Figura 15. Configuraci\u00f3n de una fuente RSS en Microsoft Outlook<\/figcaption><\/figure>\n<p>A continuaci\u00f3n, se deber\u00e1 escribir la ubicaci\u00f3n de la fuente RSS que se desea agregar, que en este caso ser\u00e1: \u00ab<a href=\"http:\/\/informatica.blogs.uoc.edu\/feed\/\" target=\"_blank\" rel=\"noopener\">http:\/\/informatica.blogs.uoc.edu\/feed\/<\/a>\u00bb<\/p>\n<figure style=\"width: 400px\" class=\"wp-caption aligncenter\"><img loading=\"lazy\" class=\"alignnone size-full wp-image-77\" src=\"\/wp-content\/uploads\/2018\/06\/80502_057.jpg\" alt=\"\" width=\"400\" height=\"140\" srcset=\"\/wp-content\/uploads\/2018\/06\/80502_057.jpg 400w, \/wp-content\/uploads\/2018\/06\/80502_057-300x105.jpg 300w\" sizes=\"(max-width: 400px) 100vw, 400px\" \/><figcaption class=\"wp-caption-text\">Figura 16. Ubicaci\u00f3n de una fuente RSS en Microsoft Outlook<\/figcaption><\/figure>\n<p>En el siguiente paso se podr\u00e1n configurar diversas opciones para esta fuente (nombre, ubicaci\u00f3n de entrega, tipo de descarga, etc.).<\/p>\n<figure style=\"width: 762px\" class=\"wp-caption aligncenter\"><img loading=\"lazy\" class=\"alignnone size-full wp-image-78\" src=\"\/wp-content\/uploads\/2018\/06\/80502_058.jpg\" alt=\"\" width=\"762\" height=\"647\" srcset=\"\/wp-content\/uploads\/2018\/06\/80502_058.jpg 762w, \/wp-content\/uploads\/2018\/06\/80502_058-300x255.jpg 300w\" sizes=\"(max-width: 762px) 100vw, 762px\" \/><figcaption class=\"wp-caption-text\">Figura 17. Opciones de fuentes RSS en Microsoft Outlook<\/figcaption><\/figure>\n<p>Una vez agregada la fuente RSS, se comenzar\u00e1n a recibir alertas de actualizaci\u00f3n del sitio web, teniendo la posibilidad de descargar el contenido y leerlo c\u00f3modamente desde Microsoft Outlook.<\/p>\n<figure style=\"width: 762px\" class=\"wp-caption aligncenter\"><img loading=\"lazy\" class=\"alignnone size-full wp-image-79\" src=\"\/wp-content\/uploads\/2018\/06\/80502_059.jpg\" alt=\"\" width=\"762\" height=\"582\" srcset=\"\/wp-content\/uploads\/2018\/06\/80502_059.jpg 762w, \/wp-content\/uploads\/2018\/06\/80502_059-300x229.jpg 300w\" sizes=\"(max-width: 762px) 100vw, 762px\" \/><figcaption class=\"wp-caption-text\">Figura 18. Interfaz del gestor de fuentes RSS en Microsoft Outlook<\/figcaption><\/figure>\n<p><strong>Utilizar los marcadores din\u00e1micos de Mozilla Firefox para agregar y leer fuentes RSS<\/strong>. A diferencia de otros navegadores, Mozilla Firefox dispone de marcadores din\u00e1micos, una funci\u00f3n que permite recibir las actualizaciones m\u00e1s recientes de los sitios webs a los que se est\u00e9 suscrito, sin necesidad de tener que visitarlos. Cada sesenta minutos, este navegador comprobar\u00e1 autom\u00e1ticamente los marcadores din\u00e1micos para recibir las \u00faltimas novedades de esos sitios web favoritos. En cualquier caso, se pueden actualizar manualmente haciendo clic con el bot\u00f3n secundario del rat\u00f3n sobre el marcador din\u00e1mico deseado, seleccionando la opci\u00f3n \u00abActualizar marcador din\u00e1mico\u00bb.<\/p>\n<p>Los marcadores din\u00e1micos se guardan por defecto en carpetas de la \u00abBarra de herramientas de marcadores\u00bb (dentro del men\u00fa \u00abMarcadores\u00bb). Tambi\u00e9n es posible guardarlos directamente en el men\u00fa \u00abMarcadores\u00bb de Firefox, como cualquier otro marcador. Para ver las \u00faltimas actualizaciones de un sitio web al que uno se haya suscrito, simplemente se deber\u00e1 acceder al men\u00fa \u00abMarcadores\u00bb y seleccionar el marcador din\u00e1mico deseado.<\/p>\n<p>A continuaci\u00f3n, se indica c\u00f3mo agregar un marcador din\u00e1mico en Firefox. Como ejemplo se volver\u00e1 a utilizar el blog \u00ab<a href=\"http:\/\/informatica.blogs.uoc.edu\/\" target=\"_blank\" rel=\"noopener\">INFORM\u00c1TICA++<\/a>\u00bb de la UOC.<\/p>\n<p>En primer lugar, se deber\u00e1 comprobar que el sitio al que uno se quiere suscribir dispone de un canal RSS. En caso de que as\u00ed sea, como en el ejemplo del blog \u00abINFORM\u00c1TICA++\u00bb, se deber\u00e1 hacer clic en la opci\u00f3n \u00abSuscribirse a esta p\u00e1gina\u00bb del men\u00fa \u00abMarcadores\u00bb.<\/p>\n<figure style=\"width: 762px\" class=\"wp-caption aligncenter\"><img loading=\"lazy\" class=\"alignnone size-full wp-image-80\" src=\"\/wp-content\/uploads\/2018\/06\/80502_060.jpg\" alt=\"\" width=\"762\" height=\"366\" srcset=\"\/wp-content\/uploads\/2018\/06\/80502_060.jpg 762w, \/wp-content\/uploads\/2018\/06\/80502_060-300x144.jpg 300w\" sizes=\"(max-width: 762px) 100vw, 762px\" \/><figcaption class=\"wp-caption-text\">Figura 19. Suscripci\u00f3n al canal RSS del blog \u00abINFORM\u00c1TICA++\u00bb<\/figcaption><\/figure>\n<p>En caso de que el sitio web ofrezca esta opci\u00f3n, se podr\u00e1 elegir entre <em>feeds<\/em> completos, RSS de los comentarios o simplemente inicio RSS de los comentarios. Tras seleccionar la opci\u00f3n deseada, se deber\u00e1 indicar que uno desea suscribirse a ese canal mediante \u00abMarcadores din\u00e1micos\u00bb.<\/p>\n<figure style=\"width: 762px\" class=\"wp-caption aligncenter\"><img loading=\"lazy\" class=\"alignnone size-full wp-image-81\" src=\"\/wp-content\/uploads\/2018\/06\/80502_061.jpg\" alt=\"\" width=\"762\" height=\"251\" srcset=\"\/wp-content\/uploads\/2018\/06\/80502_061.jpg 762w, \/wp-content\/uploads\/2018\/06\/80502_061-300x99.jpg 300w\" sizes=\"(max-width: 762px) 100vw, 762px\" \/><figcaption class=\"wp-caption-text\">Figura 20. Suscripci\u00f3n a un canal RSS mediante marcadores din\u00e1micos<\/figcaption><\/figure>\n<p>A continuaci\u00f3n, se deber\u00e1 elegir un nombre para ese marcador din\u00e1mico y luego presionar el bot\u00f3n \u00abSuscribirse\u00bb. Por defecto, quedar\u00e1 guardado en la \u00abBarra de herramientas de marcadores\u00bb del men\u00fa \u00abMarcadores\u00bb.<\/p>\n<figure style=\"width: 400px\" class=\"wp-caption aligncenter\"><img loading=\"lazy\" class=\"alignnone size-full wp-image-82\" src=\"\/wp-content\/uploads\/2018\/06\/80502_062.jpg\" alt=\"\" width=\"400\" height=\"159\" srcset=\"\/wp-content\/uploads\/2018\/06\/80502_062.jpg 400w, \/wp-content\/uploads\/2018\/06\/80502_062-300x119.jpg 300w\" sizes=\"(max-width: 400px) 100vw, 400px\" \/><figcaption class=\"wp-caption-text\">Figura 21. Selecci\u00f3n de nombre para un marcador din\u00e1mico<\/figcaption><\/figure>\n<p>El marcador din\u00e1mico habr\u00e1 quedado agregado al navegador, y se podr\u00e1 acceder a \u00e9l a trav\u00e9s de \u00abMarcadores\u00bb &gt; \u00abBarra de herramientas de marcadores\u00bb para conocer las actualizaciones m\u00e1s recientes en ese sitio web. Presionando sobre la noticia deseada, se acceder\u00e1 a su p\u00e1gina. Si se selecciona la opci\u00f3n \u00abAbrir todo en pesta\u00f1as\u00bb, cada noticia aparecer\u00e1 en una pesta\u00f1a independiente.<\/p>\n<figure style=\"width: 762px\" class=\"wp-caption aligncenter\"><img loading=\"lazy\" class=\"alignnone size-full wp-image-83\" src=\"\/wp-content\/uploads\/2018\/06\/80502_063.jpg\" alt=\"\" width=\"762\" height=\"305\" srcset=\"\/wp-content\/uploads\/2018\/06\/80502_063.jpg 762w, \/wp-content\/uploads\/2018\/06\/80502_063-300x120.jpg 300w\" sizes=\"(max-width: 762px) 100vw, 762px\" \/><figcaption class=\"wp-caption-text\">Figura 22. Vista del men\u00fa \u00abMarcadores\u00bb del navegador<\/figcaption><\/figure>\n<p><strong>Gestionar las notificaciones de los canales de v\u00eddeo de YouTube a trav\u00e9s de Google Chrome<\/strong>. YouTube ofrece la opci\u00f3n de recibir notificaciones de los canales mientras se utiliza el navegador Google Chrome. Activando esta funci\u00f3n, se abrir\u00e1n ventanas emergentes con alertas de nuevos contenidos en los canales a los que se est\u00e9 suscrito.<\/p>\n<p>Para ello, se deber\u00e1 iniciar sesi\u00f3n en YouTube y entrar en \u00abConfiguraci\u00f3n\u00bb &gt; \u00abNotificaciones\u00bb. A continuaci\u00f3n, en el apartado \u00abNotificaciones de escritorio\u00bb se deber\u00e1 clicar en el bot\u00f3n \u00abActivar\u00bb, junto al icono de Chrome.<\/p>\n<figure style=\"width: 762px\" class=\"wp-caption aligncenter\"><img loading=\"lazy\" class=\"alignnone size-full wp-image-84\" src=\"\/wp-content\/uploads\/2018\/06\/80502_064.jpg\" alt=\"\" width=\"762\" height=\"392\" srcset=\"\/wp-content\/uploads\/2018\/06\/80502_064.jpg 762w, \/wp-content\/uploads\/2018\/06\/80502_064-300x154.jpg 300w\" sizes=\"(max-width: 762px) 100vw, 762px\" \/><figcaption class=\"wp-caption-text\">Figura 23. Configuraci\u00f3n de \u00abNotificaciones\u00bb en la cuenta de YouTube<\/figcaption><\/figure>\n<p><strong>Consultar la lista de reproducci\u00f3n de un canal<\/strong>. Consultar la lista de reproducci\u00f3n de un canal es una buena opci\u00f3n cuando no interesan todos los v\u00eddeos que se publiquen en ese canal. Las listas de reproducci\u00f3n permiten estar al tanto de los contenidos que van apareciendo. Sin embargo, se debe comprobar que esta opci\u00f3n est\u00e9 disponible en el canal que interese, ya que no en todos lo est\u00e1.<\/p>\n<figure style=\"width: 762px\" class=\"wp-caption aligncenter\"><img loading=\"lazy\" class=\"alignnone size-full wp-image-85\" src=\"\/wp-content\/uploads\/2018\/06\/80502_065.jpg\" alt=\"\" width=\"762\" height=\"468\" srcset=\"\/wp-content\/uploads\/2018\/06\/80502_065.jpg 762w, \/wp-content\/uploads\/2018\/06\/80502_065-300x184.jpg 300w\" sizes=\"(max-width: 762px) 100vw, 762px\" \/><figcaption class=\"wp-caption-text\">Figura 24. Lista de reproducci\u00f3n del canal de YouTube de la UOC<\/figcaption><\/figure>\n<p>En la mayor\u00eda de los canales, la secci\u00f3n de listas de reproducci\u00f3n puede abrirse a\u00f1adiendo simplemente \u00ab\/playlists\u00bb a la URL del canal.<\/p>\n<figure style=\"width: 300px\" class=\"wp-caption aligncenter\"><img loading=\"lazy\" class=\"alignnone size-full wp-image-86\" src=\"\/wp-content\/uploads\/2018\/06\/80502_066.jpg\" alt=\"\" width=\"300\" height=\"35\" \/><figcaption class=\"wp-caption-text\">Figura 25. URL de la lista de reproducci\u00f3n del canal de YouTube de la UOC<\/figcaption><\/figure>\n","protected":false},"excerpt":{"rendered":"<p>Utilizar el gestor de correo electr\u00f3nico Microsoft Outlook como agregador\/lector RSS. Los estudiantes de la UOC pueden beneficiarse gratuitamente de la suite Microsoft Office 365 ProPlus, que incluye el gestor de correo electr\u00f3nico Microsoft Outlook, un programa que, entre otras funciones, permite agregar y leer contenidos RSS. A continuaci\u00f3n, se indica c\u00f3mo agregar una fuente [&hellip;]<\/p>\n","protected":false},"author":1,"featured_media":0,"parent":0,"menu_order":0,"comment_status":"closed","ping_status":"closed","template":"","meta":[],"_links":{"self":[{"href":"http:\/\/informacio-digital.recursos.uoc.edu\/es\/wp-json\/wp\/v2\/pages\/197"}],"collection":[{"href":"http:\/\/informacio-digital.recursos.uoc.edu\/es\/wp-json\/wp\/v2\/pages"}],"about":[{"href":"http:\/\/informacio-digital.recursos.uoc.edu\/es\/wp-json\/wp\/v2\/types\/page"}],"author":[{"embeddable":true,"href":"http:\/\/informacio-digital.recursos.uoc.edu\/es\/wp-json\/wp\/v2\/users\/1"}],"replies":[{"embeddable":true,"href":"http:\/\/informacio-digital.recursos.uoc.edu\/es\/wp-json\/wp\/v2\/comments?post=197"}],"version-history":[{"count":2,"href":"http:\/\/informacio-digital.recursos.uoc.edu\/es\/wp-json\/wp\/v2\/pages\/197\/revisions"}],"predecessor-version":[{"id":199,"href":"http:\/\/informacio-digital.recursos.uoc.edu\/es\/wp-json\/wp\/v2\/pages\/197\/revisions\/199"}],"wp:attachment":[{"href":"http:\/\/informacio-digital.recursos.uoc.edu\/es\/wp-json\/wp\/v2\/media?parent=197"}],"curies":[{"name":"wp","href":"https:\/\/api.w.org\/{rel}","templated":true}]}}