{"id":200,"date":"2018-06-20T16:26:42","date_gmt":"2018-06-20T14:26:42","guid":{"rendered":"http:\/\/informacio-digital.recursos.uoc.edu\/?page_id=200"},"modified":"2018-06-21T09:15:30","modified_gmt":"2018-06-21T07:15:30","slug":"9-4-herramientas","status":"publish","type":"page","link":"http:\/\/informacio-digital.recursos.uoc.edu\/es\/9-4-herramientas\/","title":{"rendered":"9.4. Herramientas"},"content":{"rendered":"<p>A continuaci\u00f3n se indican dos de los agregadores\/lectores RSS m\u00e1s populares a la hora de consultar el contenido actualizado de un sitio web.<\/p>\n<table>\n<tbody>\n<tr>\n<th scope=\"col\" width=\"20%\"><strong>Nombre<\/strong><\/th>\n<th scope=\"col\" width=\"15%\"><strong>Icono<\/strong><\/th>\n<th scope=\"col\" width=\"65%\"><strong>Descripci\u00f3n<\/strong><\/th>\n<\/tr>\n<tr>\n<td><a href=\"https:\/\/feedly.com\/\" target=\"_blank\" rel=\"noopener\"><strong>Feedly<\/strong><\/a><\/td>\n<td><img loading=\"lazy\" class=\"alignnone size-full wp-image-87\" src=\"\/wp-content\/uploads\/2018\/06\/80502_067.jpg\" alt=\"\" width=\"100\" height=\"33\" \/><\/td>\n<td>Tras el cierre de Google Reader, en 2013, Feedly ha sido el agregador\/lector RSS que ha conseguido ganarse la confianza de mayor n\u00famero de usuarios, por su sencillez y versatilidad, especialmente con la reciente inclusi\u00f3n de un organizador de fuentes RSS, tanto en la versi\u00f3n gratuita como en la versi\u00f3n <em>premium<\/em>. Se trata de una aplicaci\u00f3n basada en la web, por lo que debe usarse mediante un navegador de Internet. En dispositivos m\u00f3viles, el acceso se realiza a trav\u00e9s de una aplicaci\u00f3n disponible para las plataformas iOS, Android y Windows.<\/p>\n<p>Se puede obtener m\u00e1s informaci\u00f3n sobre el uso de Feedly en: <a href=\"https:\/\/blog.feedly.com\/category\/tutorials\/\" target=\"_blank\" rel=\"noopener\">https:\/\/blog.feedly.com\/category\/tutorials\/<\/a><\/td>\n<\/tr>\n<tr>\n<td><a href=\"https:\/\/quiterss.org\/\" target=\"_blank\" rel=\"noopener\"><strong>QuiteRSS<\/strong><\/a><\/td>\n<td><img loading=\"lazy\" class=\"alignnone size-full wp-image-88\" src=\"\/wp-content\/uploads\/2018\/06\/80502_068.jpg\" alt=\"\" width=\"100\" height=\"35\" \/><\/td>\n<td>A diferencia de Feedly, QuiteRSS es lector RSS basado en software. Se trata de una aplicaci\u00f3n de c\u00f3digo abierto gratuita para Windows, Linux y MacOS. QuiteRSS resulta muy sencillo de utilizar y ofrece las principales funciones b\u00e1sicas para usuarios no familiarizados con este tipo de aplicaciones. Sin embargo, cuenta tambi\u00e9n con numerosas opciones avanzadas para usuarios m\u00e1s experimentados.<\/p>\n<p>Se puede obtener informaci\u00f3n sobre el uso de QuiteRSS en: <a href=\"https:\/\/quiterss.org\/en\/forums\/questions\" target=\"_blank\" rel=\"noopener\">https:\/\/quiterss.org\/en\/forums\/questions<\/a><\/td>\n<\/tr>\n<\/tbody>\n<\/table>\n<p>&nbsp;<\/p>\n","protected":false},"excerpt":{"rendered":"<p>A continuaci\u00f3n se indican dos de los agregadores\/lectores RSS m\u00e1s populares a la hora de consultar el contenido actualizado de un sitio web. Nombre Icono Descripci\u00f3n Feedly Tras el cierre de Google Reader, en 2013, Feedly ha sido el agregador\/lector RSS que ha conseguido ganarse la confianza de mayor n\u00famero de usuarios, por su sencillez [&hellip;]<\/p>\n","protected":false},"author":1,"featured_media":0,"parent":0,"menu_order":0,"comment_status":"closed","ping_status":"closed","template":"","meta":[],"_links":{"self":[{"href":"http:\/\/informacio-digital.recursos.uoc.edu\/es\/wp-json\/wp\/v2\/pages\/200"}],"collection":[{"href":"http:\/\/informacio-digital.recursos.uoc.edu\/es\/wp-json\/wp\/v2\/pages"}],"about":[{"href":"http:\/\/informacio-digital.recursos.uoc.edu\/es\/wp-json\/wp\/v2\/types\/page"}],"author":[{"embeddable":true,"href":"http:\/\/informacio-digital.recursos.uoc.edu\/es\/wp-json\/wp\/v2\/users\/1"}],"replies":[{"embeddable":true,"href":"http:\/\/informacio-digital.recursos.uoc.edu\/es\/wp-json\/wp\/v2\/comments?post=200"}],"version-history":[{"count":3,"href":"http:\/\/informacio-digital.recursos.uoc.edu\/es\/wp-json\/wp\/v2\/pages\/200\/revisions"}],"predecessor-version":[{"id":303,"href":"http:\/\/informacio-digital.recursos.uoc.edu\/es\/wp-json\/wp\/v2\/pages\/200\/revisions\/303"}],"wp:attachment":[{"href":"http:\/\/informacio-digital.recursos.uoc.edu\/es\/wp-json\/wp\/v2\/media?parent=200"}],"curies":[{"name":"wp","href":"https:\/\/api.w.org\/{rel}","templated":true}]}}