{"id":203,"date":"2018-06-20T16:27:41","date_gmt":"2018-06-20T14:27:41","guid":{"rendered":"http:\/\/informacio-digital.recursos.uoc.edu\/?page_id=203"},"modified":"2019-12-27T14:40:03","modified_gmt":"2019-12-27T12:40:03","slug":"10-1-introduccion","status":"publish","type":"page","link":"http:\/\/informacio-digital.recursos.uoc.edu\/es\/10-1-introduccion\/","title":{"rendered":"10.1. Introducci\u00f3n"},"content":{"rendered":"<div class='content-column two_third'><p>Curar contenidos implica localizar, filtrar y recoger informaci\u00f3n para compartir contenido de valor, importante y \u00fatil.<\/p>\n<p>La <strong>curaci\u00f3n de contenidos<\/strong> (<em>content curation<\/em>, en ingl\u00e9s) surge ante la necesidad de las empresas y profesionales del marketing de localizar, filtrar, y recoger informaci\u00f3n de valor e inter\u00e9s sobre un tema concreto, normalmente af\u00edn a la labor profesional que desempe\u00f1an. El objetivo posterior a esa b\u00fasqueda de informaci\u00f3n es distribuirla entre sus canales de comunicaci\u00f3n y redes sociales para afianzar a su p\u00fablico objetivos y clientes.<\/p><\/div>\n<div class='content-column one_third last_column'><figure id=\"attachment_89\" aria-describedby=\"caption-attachment-89\" style=\"width: 150px\" class=\"wp-caption aligncenter\"><img loading=\"lazy\" class=\"wp-image-89 size-thumbnail\" src=\"\/wp-content\/uploads\/2018\/06\/80502_069-150x150.jpg\" alt=\"\" width=\"150\" height=\"150\" srcset=\"\/wp-content\/uploads\/2018\/06\/80502_069-150x150.jpg 150w, \/wp-content\/uploads\/2018\/06\/80502_069.jpg 300w\" sizes=\"(max-width: 150px) 100vw, 150px\" \/><figcaption id=\"caption-attachment-89\" class=\"wp-caption-text\">Fuente: Designed by macrovector \/ <a href=\"https:\/\/www.freepik.com\" target=\"_blank\" rel=\"noopener\">Freepik<\/a><\/figcaption><\/figure><\/div><div class='clear_column'><\/div>\n<div class=\"featured featured-blue\"><p>Se trata de segmentar los contenidos digitales entre el gran volumen de informaci\u00f3n para poder localizar con m\u00e1s rapidez lo que realmente nos interesa, siendo capaces de seleccionar, ordenar y almacenar la informaci\u00f3n, optimizando la experiencia de navegaci\u00f3n en Internet.<\/p>\n<\/div>\n<p>La definici\u00f3n de curaci\u00f3n de contenidos del blog de Sergio Ortega es completa y clara:<\/p>\n<blockquote><p>La curaci\u00f3n de contenido se entiende como la capacidad por parte de un sistema o del ser humano de encontrar, organizar, filtrar y dotar de valor, relevancia, significatividad, en definitiva, de utilidad; el contenido de un tema espec\u00edfico que procede de diversas fuentes (medios digitales, herramientas de comunicaci\u00f3n, redes sociales\u2026).<\/p><\/blockquote>\n<div class=\"blockquote-author\"><p>Sergio Ortega. \u00abSimplicidad, UX y curaci\u00f3n de contenido\u00bb. Disponible en: <a href=\"http:\/\/www.sortega.com\/blog\/simplicidad-ux-y-curacion-de-contenido\/\" target=\"_blank\" rel=\"noopener\">http:\/\/www.sortega.com\/blog\/simplicidad-ux-y-curacion-de-contenido\/<\/a><\/p>\n<\/div>\n<p>Seg\u00fan el m\u00e9todo de las 4S&#8217;s de <a href=\"javascript:void(0);\" class=\"tooltip\" data-toggle=\"popover\" data-placement=\"bottom\" data-content=\"Javier Leiva-Aguilera, Javier Guallar (2014). <em>Las 4S's de la content curation. Estudio de caso (1)<\/em>. [ebook]\" data-placement=\"top\" data-html=\"true\" >Javier Guallar y Javier Leiva<\/a>, el proceso de curaci\u00f3n de contenidos se divide en cuatro fases:<\/p>\n<ol>\n<li><strong>B\u00fasqueda (<em>Search<\/em>)<\/strong>: b\u00fasqueda de la informaci\u00f3n que nos es interesante entre el gran volumen de contenidos desorganizados que nos encontramos al navegar por la red. Hay que establecer las palabras clave a usar en la b\u00fasqueda y definir en qu\u00e9 lugares buscar los contenidos.<\/li>\n<li><strong>Selecci\u00f3n (<em>Select<\/em>)<\/strong>: punto del proceso m\u00e1s importante: seleccionar la informaci\u00f3n relevante entre los resultados obtenidos en la b\u00fasqueda. Se establecen unos filtros o cribados para atender a aquellos contenidos que se consideran m\u00e1s valiosos e interesantes.<\/li>\n<li><strong>Caracterizaci\u00f3n (<em>Sense making<\/em>)<\/strong>: Leer, analizar, ordenar y adaptar los contenidos seg\u00fan los criterios del curador. Se caracteriza y se maqueta la informaci\u00f3n y para ello contamos con numerosas aplicaciones que nos facilitan ese trabajo (ver apartado \u00abHerramientas\u00bb). Se puede usar tambi\u00e9n un blog para ese fin.<\/li>\n<li><strong>Difusi\u00f3n (<em>Share<\/em>)<\/strong>: distribuir y compartir los contenidos seleccionados con nuestra audiencia o p\u00fablico objetivo usando los canales que se consideren m\u00e1s adecuados.<\/li>\n<\/ol>\n<p>Pero no \u00fanicamente los profesionales del marketing, documentalistas, periodistas o comunicadores hacen curaci\u00f3n de contenidos; todos podemos llegar a hacerlo. Cualquier usuario que se preocupa por seleccionar contenidos interesantes para compartir en su comunidad <em>online<\/em> realiza tareas de curaci\u00f3n de contenidos; se trata de dar sentido a nuestros propios contenidos o a los contenidos compartidos por otros, mejorando la comunicaci\u00f3n entre usuarios.<\/p>\n<p>Si esta estrategia se aplica en el nivel del usuario, las tres primeras fases permiten realizar una lectura r\u00e1pida de los temas que m\u00e1s interesan, de forma eficiente y m\u00e1s r\u00e1pida, optimizando el tiempo de navegaci\u00f3n del que disponemos. Es una estrategia para aliviar la <strong>infoxicaci\u00f3n<\/strong> que se define en la introducci\u00f3n de estos materiales, discernir los contenidos \u00abpaja\u00bb de los que realmente nos interesan.<\/p>\n<p>Estrechamente ligada a esta estrategia encontramos los <a href=\"http:\/\/informacio-digital.recursos.uoc.edu\/es\/8-1-introduccion\/\" target=\"_blank\" rel=\"noopener\">marcadores sociales<\/a> y la <a href=\"http:\/\/informacio-digital.recursos.uoc.edu\/es\/9-1-introduccion\/\" target=\"_blank\" rel=\"noopener\">sindicaci\u00f3n de contenidos<\/a> y suscripciones que permiten seleccionar enlaces y \u00absuscribirnos\u00bb a los canales que nos interesen para recibir las publicaciones y contenidos en una misma localizaci\u00f3n sin tener que navegar por los diferentes sitios web para ver las novedades. Ambas estrategias est\u00e1n unidas a la curaci\u00f3n de contenidos, porque tambi\u00e9n contemplan compartir los resultados con otros usuarios; es decir, permiten seleccionar informaci\u00f3n, etiquetar y compartir la selecci\u00f3n con el resto de la comunidad digital o con un grupo de usuarios.<\/p>\n<p>La \u00faltima fase de difusi\u00f3n responde m\u00e1s un perfil profesional donde despu\u00e9s de leer y redefinir la informaci\u00f3n relevante encontrada se comparte, principalmente en las redes sociales para que el p\u00fablico objetivo est\u00e9 informado de las \u00faltimas novedades, tendencias o cambios del sector que corresponda (empresarial, cultural, period\u00edstico&#8230;).<\/p>\n<p><a href=\"https:\/\/www.juancmejia.com\/redes-sociales\/guia-de-curacion-de-contenidos-que-es-beneficios-herramientas-pasos-de-implementacion-y-el-curador-de-contenidos-infografia\/\" target=\"_blank\" rel=\"noopener\">Juan C. Mejia<\/a> en su blog enumera las diferentes formas de llevar a cabo una curaci\u00f3n de contenidos:<\/p>\n<ul>\n<li><strong>Agregaci\u00f3n<\/strong>: reunir toda la informaci\u00f3n en una misma localizaci\u00f3n. Por ejemplo, en un peri\u00f3dico <em>online<\/em> como Paper.li.<\/li>\n<li><strong>Destilaci\u00f3n<\/strong>: solo se comparten las ideas o los conceptos m\u00e1s relevantes, no el contenido completo. Al suscribirnos a un blog, por ejemplo a trav\u00e9s de nuestro correo electr\u00f3nico, algunos autores permiten la recepci\u00f3n de la entrada completa; otros solo permiten recibir un titular, forzando as\u00ed que s\u00ed es de tu inter\u00e9s y quieres seguir leyendo debes entrar en su p\u00e1gina.<\/li>\n<li><strong>Elevaci\u00f3n<\/strong>: compartir y definir tendencias en peque\u00f1as c\u00e1psulas de informaci\u00f3n compartidas <em>online<\/em> (como en Twitter, por ejemplo).<\/li>\n<li><strong>Mezcla<\/strong>: mezcla de contenidos seleccionados creando un nuevo enfoque o punto de vista. Hay que leer, redefinir y aportar una idea nueva a trav\u00e9s de un blog personal, o bien de escritos en las redes sociales.<\/li>\n<li><strong>Cronolog\u00eda<\/strong>: reunir la informaci\u00f3n organizada en una l\u00ednea del tiempo con el objetivo de mostrar la evoluci\u00f3n de un tema en concreto. Por ejemplo, storify nos permite ordenar a modo de historia la informaci\u00f3n seleccionada.<\/li>\n<\/ul>\n","protected":false},"excerpt":{"rendered":"<p>La definici\u00f3n de curaci\u00f3n de contenidos del blog de Sergio Ortega es completa y clara: La curaci\u00f3n de contenido se entiende como la capacidad por parte de un sistema o del ser humano de encontrar, organizar, filtrar y dotar de valor, relevancia, significatividad, en definitiva, de utilidad; el contenido de un tema espec\u00edfico que procede [&hellip;]<\/p>\n","protected":false},"author":1,"featured_media":0,"parent":0,"menu_order":0,"comment_status":"closed","ping_status":"closed","template":"","meta":[],"_links":{"self":[{"href":"http:\/\/informacio-digital.recursos.uoc.edu\/es\/wp-json\/wp\/v2\/pages\/203"}],"collection":[{"href":"http:\/\/informacio-digital.recursos.uoc.edu\/es\/wp-json\/wp\/v2\/pages"}],"about":[{"href":"http:\/\/informacio-digital.recursos.uoc.edu\/es\/wp-json\/wp\/v2\/types\/page"}],"author":[{"embeddable":true,"href":"http:\/\/informacio-digital.recursos.uoc.edu\/es\/wp-json\/wp\/v2\/users\/1"}],"replies":[{"embeddable":true,"href":"http:\/\/informacio-digital.recursos.uoc.edu\/es\/wp-json\/wp\/v2\/comments?post=203"}],"version-history":[{"count":7,"href":"http:\/\/informacio-digital.recursos.uoc.edu\/es\/wp-json\/wp\/v2\/pages\/203\/revisions"}],"predecessor-version":[{"id":966,"href":"http:\/\/informacio-digital.recursos.uoc.edu\/es\/wp-json\/wp\/v2\/pages\/203\/revisions\/966"}],"wp:attachment":[{"href":"http:\/\/informacio-digital.recursos.uoc.edu\/es\/wp-json\/wp\/v2\/media?parent=203"}],"curies":[{"name":"wp","href":"https:\/\/api.w.org\/{rel}","templated":true}]}}