{"id":208,"date":"2018-06-20T16:44:55","date_gmt":"2018-06-20T14:44:55","guid":{"rendered":"http:\/\/informacio-digital.recursos.uoc.edu\/?page_id=208"},"modified":"2018-06-20T16:44:55","modified_gmt":"2018-06-20T14:44:55","slug":"10-2-recomendaciones","status":"publish","type":"page","link":"http:\/\/informacio-digital.recursos.uoc.edu\/es\/10-2-recomendaciones\/","title":{"rendered":"10.2. Recomendaciones"},"content":{"rendered":"<p><strong>Realizar una buena selecci\u00f3n<\/strong>. Para que esta estrategia sea efectiva y realmente se alivien los efectos de una intoxicaci\u00f3n por exceso de informaci\u00f3n, es importante aplicar el sentido cr\u00edtico en el momento de buscar y seleccionar. Discernir entre el contenido realmente valioso para la comunidad (si vamos a compartir los contenidos) y el que no lo es marcar\u00e1 la diferencia de una curaci\u00f3n de contenidos efectiva.<\/p>\n<p>Una actitud cr\u00edtica ante la selecci\u00f3n de contenidos ayuda a reducir el volumen de informaci\u00f3n que recibimos, optimizando as\u00ed el poco tiempo del que disponemos para la lectura y el an\u00e1lisis de contenidos digitales que son realmente de inter\u00e9s personal.<\/p>\n<p><strong>Selecci\u00f3n actualizada<\/strong>. Es necesario olvidarse del \u00abpor si acaso m\u00e1s adelante lo necesito\u00bb, porque as\u00ed no se reduce el volumen de informaci\u00f3n recibida. Es necesario analizar la extensi\u00f3n del contenido, su actualizaci\u00f3n o fecha de publicaci\u00f3n, su autor\u00eda y la aproximaci\u00f3n real a los temas de inter\u00e9s antes de seleccionar una fuente de informaci\u00f3n.<\/p>\n","protected":false},"excerpt":{"rendered":"<p>Realizar una buena selecci\u00f3n. Para que esta estrategia sea efectiva y realmente se alivien los efectos de una intoxicaci\u00f3n por exceso de informaci\u00f3n, es importante aplicar el sentido cr\u00edtico en el momento de buscar y seleccionar. Discernir entre el contenido realmente valioso para la comunidad (si vamos a compartir los contenidos) y el que no [&hellip;]<\/p>\n","protected":false},"author":1,"featured_media":0,"parent":0,"menu_order":0,"comment_status":"closed","ping_status":"closed","template":"","meta":[],"_links":{"self":[{"href":"http:\/\/informacio-digital.recursos.uoc.edu\/es\/wp-json\/wp\/v2\/pages\/208"}],"collection":[{"href":"http:\/\/informacio-digital.recursos.uoc.edu\/es\/wp-json\/wp\/v2\/pages"}],"about":[{"href":"http:\/\/informacio-digital.recursos.uoc.edu\/es\/wp-json\/wp\/v2\/types\/page"}],"author":[{"embeddable":true,"href":"http:\/\/informacio-digital.recursos.uoc.edu\/es\/wp-json\/wp\/v2\/users\/1"}],"replies":[{"embeddable":true,"href":"http:\/\/informacio-digital.recursos.uoc.edu\/es\/wp-json\/wp\/v2\/comments?post=208"}],"version-history":[{"count":1,"href":"http:\/\/informacio-digital.recursos.uoc.edu\/es\/wp-json\/wp\/v2\/pages\/208\/revisions"}],"predecessor-version":[{"id":209,"href":"http:\/\/informacio-digital.recursos.uoc.edu\/es\/wp-json\/wp\/v2\/pages\/208\/revisions\/209"}],"wp:attachment":[{"href":"http:\/\/informacio-digital.recursos.uoc.edu\/es\/wp-json\/wp\/v2\/media?parent=208"}],"curies":[{"name":"wp","href":"https:\/\/api.w.org\/{rel}","templated":true}]}}