{"id":210,"date":"2018-06-20T16:53:26","date_gmt":"2018-06-20T14:53:26","guid":{"rendered":"http:\/\/informacio-digital.recursos.uoc.edu\/?page_id=210"},"modified":"2019-12-27T14:38:42","modified_gmt":"2019-12-27T12:38:42","slug":"10-3-herramientas","status":"publish","type":"page","link":"http:\/\/informacio-digital.recursos.uoc.edu\/es\/10-3-herramientas\/","title":{"rendered":"10.3. Herramientas"},"content":{"rendered":"<p><strong>Para recopilar la informaci\u00f3n que nos interesa y poder seleccionar (fase 1 y 2: buscar y seleccionar)<\/strong>, adem\u00e1s de las herramientas definidas en las estrategias <a href=\"http:\/\/informacio-digital.recursos.uoc.edu\/es\/8-3-herramientas\/\" target=\"_blank\" rel=\"noopener\">\u00abMarcadores sociales\u00bb<\/a> y <a href=\"http:\/\/informacio-digital.recursos.uoc.edu\/es\/9-4-herramientas\/\" target=\"_blank\" rel=\"noopener\">\u00abSindicaci\u00f3n de contenidos y suscripciones\u00bb<\/a> de este material, encontramos algunas aplicaciones que nos ayudan a recopilar y seleccionar, como:<\/p>\n<table>\n<tbody>\n<tr>\n<th scope=\"col\" width=\"20%\"><strong>Nombre<\/strong><\/th>\n<th scope=\"col\" width=\"15%\"><strong>Icono<\/strong><\/th>\n<th scope=\"col\" width=\"65%\"><strong>Descripci\u00f3n<\/strong><\/th>\n<\/tr>\n<tr>\n<td><a href=\"https:\/\/www.pinterest.es\/\" target=\"_blank\" rel=\"noopener\"><strong>Pinterest<\/strong><\/a><\/td>\n<td><img loading=\"lazy\" class=\"aligncenter wp-image-90\" src=\"\/wp-content\/uploads\/2018\/06\/80502_070.jpg\" alt=\"\" width=\"50\" height=\"49\" \/><\/td>\n<td>Nos permite buscar contenidos (ideas, en un formato muy visual), seleccionar y a la vez ordenarlos en tablones personales creados por el usuario.<\/td>\n<\/tr>\n<\/tbody>\n<\/table>\n<p><strong>Para maquetar los contenidos seleccionados (fase 3: caracterizaci\u00f3n)<\/strong>:<\/p>\n<table>\n<tbody>\n<tr>\n<th scope=\"col\" width=\"20%\"><strong>Nombre<\/strong><\/th>\n<th scope=\"col\" width=\"15%\"><strong>Icono<\/strong><\/th>\n<th scope=\"col\" width=\"65%\"><strong>Descripci\u00f3n<\/strong><\/th>\n<\/tr>\n<tr>\n<td><a href=\"http:\/\/paper.li\/\" target=\"_blank\" rel=\"noopener\"><strong>Paper.li<\/strong><\/a><\/td>\n<td><img loading=\"lazy\" class=\"size-full wp-image-91 aligncenter\" src=\"\/wp-content\/uploads\/2018\/06\/80502_071.jpg\" alt=\"\" width=\"100\" height=\"25\" \/><\/td>\n<td>Es una herramienta que permite crear un \u00abperi\u00f3dico\u00bb digital personalizado seg\u00fan los intereses de cada usuario.<\/td>\n<\/tr>\n<tr>\n<td><a href=\"https:\/\/flipboard.com\/\" target=\"_blank\" rel=\"noopener\"><strong>Flipboard<\/strong><\/a><\/td>\n<td><img loading=\"lazy\" class=\"wp-image-92 aligncenter\" src=\"\/wp-content\/uploads\/2018\/06\/80502_072.jpg\" alt=\"\" width=\"50\" height=\"65\" \/><\/td>\n<td>Esta aplicaci\u00f3n permite crear un canal de temas donde se a\u00f1aden diariamente las publicaciones nuevas que son interesantes para el usuario.<\/td>\n<\/tr>\n<tr>\n<td><a href=\"https:\/\/www.linkedin.com\/pulse\/\" target=\"_blank\" rel=\"noopener\"><strong>LinkedIn Pulse<\/strong><\/a><\/td>\n<td><img loading=\"lazy\" class=\"wp-image-93 aligncenter\" src=\"\/wp-content\/uploads\/2018\/06\/80502_073.jpg\" alt=\"\" width=\"80\" height=\"36\" \/><\/td>\n<td>\u00abPeri\u00f3dico digital\u00bb de la red social LinkedIn.<\/td>\n<\/tr>\n<tr>\n<td><a href=\"https:\/\/www.scoop.it\/\" target=\"_blank\" rel=\"noopener\"><strong>Scoop.it<\/strong><\/a><\/td>\n<td><img loading=\"lazy\" class=\"size-full wp-image-94 aligncenter\" src=\"\/wp-content\/uploads\/2018\/06\/80502_074.jpg\" alt=\"\" width=\"100\" height=\"31\" \/><\/td>\n<td>Es similar a Paper.li o LinkedIn Pulse, permite compartir contenidos, filtrarlos y almacenarlos para leerlos.<\/td>\n<\/tr>\n<tr>\n<td><a href=\"https:\/\/storify.com\/\" target=\"_blank\" rel=\"noopener\"><strong>Storify<\/strong><\/a><\/td>\n<td><img loading=\"lazy\" class=\"size-full wp-image-95 aligncenter\" src=\"\/wp-content\/uploads\/2018\/06\/80502_075.jpg\" alt=\"\" width=\"100\" height=\"25\" \/><\/td>\n<td>Permite crear una historia a partir de las publicaciones propias o de otros en espacios web y redes sociales.<\/td>\n<\/tr>\n<\/tbody>\n<\/table>\n<p><strong>Curar y compartir: todo en uno<\/strong>:<\/p>\n<table>\n<tbody>\n<tr>\n<th scope=\"col\" width=\"20%\"><strong>Nombre<\/strong><\/th>\n<th scope=\"col\" width=\"15%\"><strong>Icono<\/strong><\/th>\n<th scope=\"col\" width=\"65%\"><strong>Descripci\u00f3n<\/strong><\/th>\n<\/tr>\n<tr>\n<td><a href=\"http:\/\/www.ready4social.com\/\" target=\"_blank\" rel=\"noopener\"><strong>Ready4Social<\/strong><\/a><\/td>\n<td><img loading=\"lazy\" class=\"size-full wp-image-96 aligncenter\" src=\"\/wp-content\/uploads\/2018\/06\/80502_076.jpg\" alt=\"\" width=\"100\" height=\"20\" \/><\/td>\n<td>Es un gestor de redes sociales con curaci\u00f3n de contenidos. Permite programar entradas (<em>post<\/em>, <em>tuits<\/em>) en diferentes redes sociales, y adem\u00e1s incluye un motor de b\u00fasqueda de contenidos de inter\u00e9s para publicar seg\u00fan las palabras claves introducidas. Existe la opci\u00f3n de que se realice todo autom\u00e1ticamente o de que busque contenido, pero de que la redacci\u00f3n de las entradas se realice de forma manual.<\/p>\n<p>Puede vincularse con Hootsuite.<\/p>\n<p><a href=\"https:\/\/ready4social.sseguro.net\/upload\/pdf\/r4s-manual-usuario-11b.pdf\" target=\"_blank\" rel=\"noopener\">Manual de usuario<\/a><\/td>\n<\/tr>\n<\/tbody>\n<\/table>\n<p>&nbsp;<\/p>\n","protected":false},"excerpt":{"rendered":"<p>Para recopilar la informaci\u00f3n que nos interesa y poder seleccionar (fase 1 y 2: buscar y seleccionar), adem\u00e1s de las herramientas definidas en las estrategias \u00abMarcadores sociales\u00bb y \u00abSindicaci\u00f3n de contenidos y suscripciones\u00bb de este material, encontramos algunas aplicaciones que nos ayudan a recopilar y seleccionar, como: Nombre Icono Descripci\u00f3n Pinterest Nos permite buscar contenidos [&hellip;]<\/p>\n","protected":false},"author":1,"featured_media":0,"parent":0,"menu_order":0,"comment_status":"closed","ping_status":"closed","template":"","meta":[],"_links":{"self":[{"href":"http:\/\/informacio-digital.recursos.uoc.edu\/es\/wp-json\/wp\/v2\/pages\/210"}],"collection":[{"href":"http:\/\/informacio-digital.recursos.uoc.edu\/es\/wp-json\/wp\/v2\/pages"}],"about":[{"href":"http:\/\/informacio-digital.recursos.uoc.edu\/es\/wp-json\/wp\/v2\/types\/page"}],"author":[{"embeddable":true,"href":"http:\/\/informacio-digital.recursos.uoc.edu\/es\/wp-json\/wp\/v2\/users\/1"}],"replies":[{"embeddable":true,"href":"http:\/\/informacio-digital.recursos.uoc.edu\/es\/wp-json\/wp\/v2\/comments?post=210"}],"version-history":[{"count":6,"href":"http:\/\/informacio-digital.recursos.uoc.edu\/es\/wp-json\/wp\/v2\/pages\/210\/revisions"}],"predecessor-version":[{"id":965,"href":"http:\/\/informacio-digital.recursos.uoc.edu\/es\/wp-json\/wp\/v2\/pages\/210\/revisions\/965"}],"wp:attachment":[{"href":"http:\/\/informacio-digital.recursos.uoc.edu\/es\/wp-json\/wp\/v2\/media?parent=210"}],"curies":[{"name":"wp","href":"https:\/\/api.w.org\/{rel}","templated":true}]}}