{"id":213,"date":"2018-06-20T16:58:28","date_gmt":"2018-06-20T14:58:28","guid":{"rendered":"http:\/\/informacio-digital.recursos.uoc.edu\/?page_id=213"},"modified":"2018-06-21T09:21:54","modified_gmt":"2018-06-21T07:21:54","slug":"11-1-introduccion","status":"publish","type":"page","link":"http:\/\/informacio-digital.recursos.uoc.edu\/es\/11-1-introduccion\/","title":{"rendered":"11.1. Introducci\u00f3n"},"content":{"rendered":"<div class='content-column two_third'><p>Diversas tareas digitales son mon\u00f3tonas y repetitivas; si se automatizan, ahorramos tiempo y somos m\u00e1s efectivos en nuestras gestiones.<\/p><\/div>\n<div class='content-column one_third last_column'><figure id=\"attachment_97\" aria-describedby=\"caption-attachment-97\" style=\"width: 150px\" class=\"wp-caption aligncenter\"><img loading=\"lazy\" class=\"wp-image-97 size-thumbnail\" src=\"\/wp-content\/uploads\/2018\/06\/80502_077-150x150.jpg\" alt=\"\" width=\"150\" height=\"150\" srcset=\"\/wp-content\/uploads\/2018\/06\/80502_077-150x150.jpg 150w, \/wp-content\/uploads\/2018\/06\/80502_077.jpg 300w\" sizes=\"(max-width: 150px) 100vw, 150px\" \/><figcaption id=\"caption-attachment-97\" class=\"wp-caption-text\">Fuente: Designed by macrovector \/ <a href=\"https:\/\/www.freepik.com\" target=\"_blank\" rel=\"noopener\">Freepik<\/a><\/figcaption><\/figure><\/div><div class='clear_column'><\/div>\n<p>Llegados a este punto, donde se han analizado diferentes pautas para la organizaci\u00f3n y gesti\u00f3n de los contenidos digitales, es conveniente conocer esta \u00faltima estrategia: <strong>automatizar procesos de organizaci\u00f3n de contenidos<\/strong> para ahorrar tiempo y ser m\u00e1s productivo en nuestras acciones m\u00e1s habituales y repetitivas.<\/p>\n<p>Como dice el eslogan de la aplicaci\u00f3n que se analiza a continuaci\u00f3n, se trata \u00abde un mundo que trabaja para ti\u00bb, donde muchas acciones que se realizan de forma repetitiva y manual pasan a automatizarse.<\/p>\n<div class=\"featured featured-grey\"><p>Por ejemplo: realizar una copia de seguridad de las fotograf\u00edas, copiar archivos desde Google Drive a Dropbox, o que cada vez que se haga una foto o se suba a Instagram se copie tambi\u00e9n en Google Fotos, que los enlaces de los <em>tuits<\/em> favoritos se guarden autom\u00e1ticamente en Pocket\u2026, y as\u00ed infinidad de opciones que se pueden programar para ahorrar tiempo.<\/p>\n<\/div>\n<p>La aplicaci\u00f3n por excelencia para este tipo de procesos es <strong>IFTTT<\/strong> (<em>If This, Then That<\/em>, \u00abSi esto, entonces aquello\u00bb), f\u00e1cil e intuitiva de usar.<\/p>\n<p>La aplicaci\u00f3n funciona con <strong>recetas<\/strong> (<em>applet<\/em>, en la actualidad). Hay que indicar qu\u00e9 acci\u00f3n es desencadenante (causa) y qu\u00e9 acci\u00f3n posterior debe realizarse (efecto). Si se realiza \u00abtal cosa\u00bb, hay que hacer \u00abtal otra\u00bb.<\/p>\n<p>Hay muchas recetas ya definidas que son compartidas por otros usuarios para facilitar el trabajo inicial de automatizaci\u00f3n y como fuente de inspiraci\u00f3n y de ideas.<\/p>\n<figure style=\"width: 762px\" class=\"wp-caption aligncenter\"><img loading=\"lazy\" class=\"alignnone size-full wp-image-98\" src=\"\/wp-content\/uploads\/2018\/06\/80502_078.jpg\" alt=\"\" width=\"762\" height=\"347\" srcset=\"\/wp-content\/uploads\/2018\/06\/80502_078.jpg 762w, \/wp-content\/uploads\/2018\/06\/80502_078-300x137.jpg 300w\" sizes=\"(max-width: 762px) 100vw, 762px\" \/><figcaption class=\"wp-caption-text\">Figura 26. Recetas definidas por otros usuarios listas para emplear.<\/figcaption><\/figure>\n<p>Para poder crear cualquier receta, primero hay que activar los canales. Con <strong>canales<\/strong> se refiere a las aplicaciones o servicios que usar\u00e1 IFTTT para realizar las acciones autom\u00e1ticas por nosotros. Para activar los canales, hay que indicar usuario y contrase\u00f1a de los servicios, y aceptar los permisos de uso.<\/p>\n<p>La mayor\u00eda de los canales son aplicaciones web, pero tambi\u00e9n existen canales que controlan algunos dispositivos conectados a Internet; como los interruptores WeMo, las bombillas conectadas Philips hue, sensores de coches Automatic y Home Connect de electrodom\u00e9sticos Bosch y Siemens.<\/p>\n<p>La aplicaci\u00f3n ofrece m\u00e1s de seiscientos canales distintos disponibles para crear las recetas, entre otros, podemos encontrar Facebook, Evernote, Instagram, Google Calendar, Pocket\u2026<\/p>\n<figure style=\"width: 762px\" class=\"wp-caption aligncenter\"><img loading=\"lazy\" class=\"alignnone size-full wp-image-99\" src=\"\/wp-content\/uploads\/2018\/06\/80502_079.jpg\" alt=\"\" width=\"762\" height=\"191\" srcset=\"\/wp-content\/uploads\/2018\/06\/80502_079.jpg 762w, \/wp-content\/uploads\/2018\/06\/80502_079-300x75.jpg 300w\" sizes=\"(max-width: 762px) 100vw, 762px\" \/><figcaption class=\"wp-caption-text\">Figura 27. Esquema de definici\u00f3n de una receta.<\/figcaption><\/figure>\n<p>Para que la receta se active, se definen los <strong>disparadores<\/strong> (<em>triggers<\/em>). Son los comportamientos realizados por el usuario o por el servicio los que activan la acci\u00f3n. Se pueden definir disparadores gen\u00e9ricos, como por ejemplo: \u00abcuando suba una foto a Instagram (todas las fotos subidas a Instagram)\u00bb o \u00abcuando env\u00ede un correo electr\u00f3nico (a cualquier usuario)\u00bb.<\/p>\n<p>Pero tambi\u00e9n podemos a\u00f1adir <strong>ingredientes<\/strong> para concretar m\u00e1s qu\u00e9 requisitos debe tener el disparador para desencadenar la acci\u00f3n: \u00abcuando suba una foto a Instagram etiquetada con #fotodeld\u00eda\u00bb o \u00abcuando env\u00ede un correo electr\u00f3nico a una direcci\u00f3n concreta\u00bb.<\/p>\n<p>&nbsp;<\/p>\n<div class=\"featured featured-grey\"><\/p>\n<p><strong>Proceso de creaci\u00f3n de una receta<\/strong><\/p>\n<p><a href=\"\/wp-content\/uploads\/2018\/06\/80502_080.jpg\"><img loading=\"lazy\" class=\"alignnone size-full wp-image-100\" src=\"\/wp-content\/uploads\/2018\/06\/80502_080.jpg\" alt=\"\" width=\"762\" height=\"331\" srcset=\"\/wp-content\/uploads\/2018\/06\/80502_080.jpg 762w, \/wp-content\/uploads\/2018\/06\/80502_080-300x130.jpg 300w\" sizes=\"(max-width: 762px) 100vw, 762px\" \/><\/a><\/p>\n<ul>\n<li>Al a\u00f1adir un nuevo \u00edtem<\/li>\n<li>A\u00f1adir \u00edtem con una etiqueta espec\u00edfica<\/li>\n<li>Nuevo \u00edtem favorito<\/li>\n<li>Nuevo \u00edtem archivado<\/li>\n<\/ul>\n<p>\n<\/div>\n<p>Y, como <strong>acci\u00f3n<\/strong> posterior, el canal de LinkedIn, que tiene como opciones:<\/p>\n<ul>\n<li>Compartir una actualizaci\u00f3n en tu perfil<\/li>\n<li>Compartir un enlace en tu perfil<\/li>\n<\/ul>\n<p>Una de las <strong>recetas<\/strong> finales podr\u00eda ser:<\/p>\n<p>Cuando a\u00f1ado un elemento favorito en Pocket, se comparte el enlace en mi perfil de LinkedIn.<\/p>\n","protected":false},"excerpt":{"rendered":"<p>Llegados a este punto, donde se han analizado diferentes pautas para la organizaci\u00f3n y gesti\u00f3n de los contenidos digitales, es conveniente conocer esta \u00faltima estrategia: automatizar procesos de organizaci\u00f3n de contenidos para ahorrar tiempo y ser m\u00e1s productivo en nuestras acciones m\u00e1s habituales y repetitivas. Como dice el eslogan de la aplicaci\u00f3n que se analiza [&hellip;]<\/p>\n","protected":false},"author":1,"featured_media":0,"parent":0,"menu_order":0,"comment_status":"closed","ping_status":"closed","template":"","meta":[],"_links":{"self":[{"href":"http:\/\/informacio-digital.recursos.uoc.edu\/es\/wp-json\/wp\/v2\/pages\/213"}],"collection":[{"href":"http:\/\/informacio-digital.recursos.uoc.edu\/es\/wp-json\/wp\/v2\/pages"}],"about":[{"href":"http:\/\/informacio-digital.recursos.uoc.edu\/es\/wp-json\/wp\/v2\/types\/page"}],"author":[{"embeddable":true,"href":"http:\/\/informacio-digital.recursos.uoc.edu\/es\/wp-json\/wp\/v2\/users\/1"}],"replies":[{"embeddable":true,"href":"http:\/\/informacio-digital.recursos.uoc.edu\/es\/wp-json\/wp\/v2\/comments?post=213"}],"version-history":[{"count":3,"href":"http:\/\/informacio-digital.recursos.uoc.edu\/es\/wp-json\/wp\/v2\/pages\/213\/revisions"}],"predecessor-version":[{"id":307,"href":"http:\/\/informacio-digital.recursos.uoc.edu\/es\/wp-json\/wp\/v2\/pages\/213\/revisions\/307"}],"wp:attachment":[{"href":"http:\/\/informacio-digital.recursos.uoc.edu\/es\/wp-json\/wp\/v2\/media?parent=213"}],"curies":[{"name":"wp","href":"https:\/\/api.w.org\/{rel}","templated":true}]}}