{"id":216,"date":"2018-06-20T16:59:15","date_gmt":"2018-06-20T14:59:15","guid":{"rendered":"http:\/\/informacio-digital.recursos.uoc.edu\/?page_id=216"},"modified":"2018-06-20T16:59:15","modified_gmt":"2018-06-20T14:59:15","slug":"11-2-recomendaciones","status":"publish","type":"page","link":"http:\/\/informacio-digital.recursos.uoc.edu\/es\/11-2-recomendaciones\/","title":{"rendered":"11.2. Recomendaciones"},"content":{"rendered":"<p><strong>Comprobar que las recetas funcionan correctamente<\/strong>. Es importante que, al crear una nueva receta o <em>applet<\/em>, se compruebe que funciona correctamente y no se ha cometido ning\u00fan error. La aplicaci\u00f3n permite hacer un <em>check<\/em> para analizar que todo es correcto.<\/p>\n<p>Hay que tener en cuenta que la aplicaci\u00f3n realiza muchas acciones por el usuario; esto es motivo suficiente para repasar dos veces que las acciones son las definidas por el usuario y funcionan seg\u00fan lo establecido.<\/p>\n<p><strong>Si no usas alguna receta, elim\u00ednala o ap\u00e1gala<\/strong>. IFTTT permite gestionar recetas desde el perfil de usuario con la opci\u00f3n de apagar temporalmente aquellas <em>applets<\/em> que no se van a usar o se quieren desactivar durante un tiempo. Las <em>applets<\/em> que no funcionan, o no son de utilidad, es mejor eliminarlas por completo.<\/p>\n<p><strong>Seguridad durante el acceso a IFTTT<\/strong>. Hay que tener en cuenta que la aplicaci\u00f3n almacena informaci\u00f3n personal y de acceso de las cuentas que se vinculan (los canales activos), y es imprescindible realizar este proceso de activaci\u00f3n desde un entorno y dispositivo seguro para salvaguardar los datos personales.<\/p>\n","protected":false},"excerpt":{"rendered":"<p>Comprobar que las recetas funcionan correctamente. Es importante que, al crear una nueva receta o applet, se compruebe que funciona correctamente y no se ha cometido ning\u00fan error. La aplicaci\u00f3n permite hacer un check para analizar que todo es correcto. Hay que tener en cuenta que la aplicaci\u00f3n realiza muchas acciones por el usuario; esto [&hellip;]<\/p>\n","protected":false},"author":1,"featured_media":0,"parent":0,"menu_order":0,"comment_status":"closed","ping_status":"closed","template":"","meta":[],"_links":{"self":[{"href":"http:\/\/informacio-digital.recursos.uoc.edu\/es\/wp-json\/wp\/v2\/pages\/216"}],"collection":[{"href":"http:\/\/informacio-digital.recursos.uoc.edu\/es\/wp-json\/wp\/v2\/pages"}],"about":[{"href":"http:\/\/informacio-digital.recursos.uoc.edu\/es\/wp-json\/wp\/v2\/types\/page"}],"author":[{"embeddable":true,"href":"http:\/\/informacio-digital.recursos.uoc.edu\/es\/wp-json\/wp\/v2\/users\/1"}],"replies":[{"embeddable":true,"href":"http:\/\/informacio-digital.recursos.uoc.edu\/es\/wp-json\/wp\/v2\/comments?post=216"}],"version-history":[{"count":1,"href":"http:\/\/informacio-digital.recursos.uoc.edu\/es\/wp-json\/wp\/v2\/pages\/216\/revisions"}],"predecessor-version":[{"id":217,"href":"http:\/\/informacio-digital.recursos.uoc.edu\/es\/wp-json\/wp\/v2\/pages\/216\/revisions\/217"}],"wp:attachment":[{"href":"http:\/\/informacio-digital.recursos.uoc.edu\/es\/wp-json\/wp\/v2\/media?parent=216"}],"curies":[{"name":"wp","href":"https:\/\/api.w.org\/{rel}","templated":true}]}}