{"id":218,"date":"2018-06-20T17:04:17","date_gmt":"2018-06-20T15:04:17","guid":{"rendered":"http:\/\/informacio-digital.recursos.uoc.edu\/?page_id=218"},"modified":"2018-06-21T09:22:58","modified_gmt":"2018-06-21T07:22:58","slug":"11-3-herramientas","status":"publish","type":"page","link":"http:\/\/informacio-digital.recursos.uoc.edu\/es\/11-3-herramientas\/","title":{"rendered":"11.3. Herramientas"},"content":{"rendered":"<table>\n<tbody>\n<tr>\n<th scope=\"col\" width=\"20%\"><strong>Nombre<\/strong><\/th>\n<th scope=\"col\" width=\"15%\"><strong>Icono<\/strong><\/th>\n<th scope=\"col\" width=\"65%\"><strong>Descripci\u00f3n<\/strong><\/th>\n<\/tr>\n<tr>\n<td><a href=\"https:\/\/ifttt.com\/\" target=\"_blank\" rel=\"noopener\"><strong>IFTTT<\/strong><\/a><\/td>\n<td><img loading=\"lazy\" class=\"size-full wp-image-101 aligncenter\" src=\"\/wp-content\/uploads\/2018\/06\/80502_081.jpg\" alt=\"\" width=\"100\" height=\"41\" \/><\/td>\n<td>La aplicaci\u00f3n presentada es la m\u00e1s potente para realizar esta estrategia, pero su contenido es exclusivamente en ingl\u00e9s, pero de uso gratuito.<\/p>\n<p>Servicio de ayuda de la aplicaci\u00f3n (en ingl\u00e9s): <a href=\"https:\/\/help.ifttt.com\/hc\/en-us\" target=\"_blank\" rel=\"noopener\">https:\/\/help.ifttt.com\/hc\/en-us<\/a><\/p>\n<p><strong>Tutoriales<\/strong><\/p>\n<ul>\n<li><a href=\"https:\/\/www.mmarketingonline.com\/que-es-ifttt-recetas\/\" target=\"_blank\" rel=\"noopener\">\u00abQu\u00e9 es IFTTT: recetas, beneficios y consejos para su uso\u00bb<\/a><\/li>\n<li><a href=\"https:\/\/cdn.makeuseof.com\/wp-content\/uploads\/2017\/11\/The-Ultimate-IFTTT-Guide-Use-the-Web%E2%80%99s-Most-Powerful-Tool-Like-a-Pro.pdf\" target=\"_blank\" rel=\"noopener\">\u00abThe Ultimate IFTTT Guide\u00bb (en ingl\u00e9s)<\/a><\/li>\n<\/ul>\n<\/td>\n<\/tr>\n<\/tbody>\n<\/table>\n<p>Existen otras herramientas alternativas con el mismo fin: automatizar procesos que realizamos de forma repetitiva.<\/p>\n<table>\n<tbody>\n<tr>\n<th scope=\"col\" width=\"20%\"><strong>Nombre<\/strong><\/th>\n<th scope=\"col\" width=\"15%\"><strong>Icono<\/strong><\/th>\n<th scope=\"col\" width=\"65%\"><strong>Descripci\u00f3n<\/strong><\/th>\n<\/tr>\n<tr>\n<td><a href=\"https:\/\/zapier.com\/\" target=\"_blank\" rel=\"noopener\"><strong>Zapier<\/strong><\/a><\/td>\n<td><img loading=\"lazy\" class=\"size-full wp-image-102 aligncenter\" src=\"\/wp-content\/uploads\/2018\/06\/80502_082.jpg\" alt=\"\" width=\"100\" height=\"46\" \/><\/td>\n<td>Actualmente, contiene casi doscientos cincuenta servicios web compatibles, como Evernote, Facebook, Twitter, Google Calendar, Trello, Gmail, Dropbox, Paypal, MailChimp. De igual modo que IFTTT, puedes <strong>combinarlos todos para automatizar acciones<\/strong>. Por defecto, Zapier es gratuito, aunque si necesitas realizar m\u00e1s de cien tareas al mes y crear m\u00e1s de cinco tipos de tareas, necesitar\u00e1s una <a href=\"https:\/\/zapier.com\/pricing\/\" target=\"_blank\" rel=\"noopener\">cuenta de pago<\/a>.<\/td>\n<\/tr>\n<tr>\n<td><a href=\"https:\/\/apiant.com\/\" target=\"_blank\" rel=\"noopener\"><strong>Apiant<\/strong><\/a><\/td>\n<td><img loading=\"lazy\" class=\"size-full wp-image-103 aligncenter\" src=\"\/wp-content\/uploads\/2018\/06\/80502_083.jpg\" alt=\"\" width=\"100\" height=\"18\" \/><\/td>\n<td>Es un servicio enfocado m\u00e1s a profesionales y en donde se pueden automatizar acciones, como ante un nuevo pedido generar la factura. Hay servicios populares como Evernote, Twitter, Gmail, como en las otras aplicaciones similares, pero tambi\u00e9n encontramos servicios con un enfoque profesional como Salesforce, LMS, CRM\u2026, en opci\u00f3n <em>premium<\/em>.<\/p>\n<p>No existe una cuenta gratuita, aunque dispones de treinta d\u00edas de prueba.<\/td>\n<\/tr>\n<\/tbody>\n<\/table>\n<p>&nbsp;<\/p>\n","protected":false},"excerpt":{"rendered":"<p>Nombre Icono Descripci\u00f3n IFTTT La aplicaci\u00f3n presentada es la m\u00e1s potente para realizar esta estrategia, pero su contenido es exclusivamente en ingl\u00e9s, pero de uso gratuito. Servicio de ayuda de la aplicaci\u00f3n (en ingl\u00e9s): https:\/\/help.ifttt.com\/hc\/en-us Tutoriales \u00abQu\u00e9 es IFTTT: recetas, beneficios y consejos para su uso\u00bb \u00abThe Ultimate IFTTT Guide\u00bb (en ingl\u00e9s) Existen otras herramientas [&hellip;]<\/p>\n","protected":false},"author":1,"featured_media":0,"parent":0,"menu_order":0,"comment_status":"closed","ping_status":"closed","template":"","meta":[],"_links":{"self":[{"href":"http:\/\/informacio-digital.recursos.uoc.edu\/es\/wp-json\/wp\/v2\/pages\/218"}],"collection":[{"href":"http:\/\/informacio-digital.recursos.uoc.edu\/es\/wp-json\/wp\/v2\/pages"}],"about":[{"href":"http:\/\/informacio-digital.recursos.uoc.edu\/es\/wp-json\/wp\/v2\/types\/page"}],"author":[{"embeddable":true,"href":"http:\/\/informacio-digital.recursos.uoc.edu\/es\/wp-json\/wp\/v2\/users\/1"}],"replies":[{"embeddable":true,"href":"http:\/\/informacio-digital.recursos.uoc.edu\/es\/wp-json\/wp\/v2\/comments?post=218"}],"version-history":[{"count":3,"href":"http:\/\/informacio-digital.recursos.uoc.edu\/es\/wp-json\/wp\/v2\/pages\/218\/revisions"}],"predecessor-version":[{"id":308,"href":"http:\/\/informacio-digital.recursos.uoc.edu\/es\/wp-json\/wp\/v2\/pages\/218\/revisions\/308"}],"wp:attachment":[{"href":"http:\/\/informacio-digital.recursos.uoc.edu\/es\/wp-json\/wp\/v2\/media?parent=218"}],"curies":[{"name":"wp","href":"https:\/\/api.w.org\/{rel}","templated":true}]}}